{"id":77691,"date":"2023-12-13T20:58:43","date_gmt":"2023-12-13T19:58:43","guid":{"rendered":"https:\/\/www.soanam.de\/?post_type=product&#038;p=77691"},"modified":"2023-12-13T21:01:01","modified_gmt":"2023-12-13T20:01:01","slug":"alpine-pro-outdoor-chaqueta-tor-con-capucha-impermeable-15-000-mm-azul-amarillo-xl","status":"publish","type":"product","link":"https:\/\/www.soanam.de\/es\/produkt\/alpine-pro-outdoor-jacke-tor-kapuze-wassersaeule-15-000-mm-blau-gelb-xl\/","title":{"rendered":"ALPINE PRO chaqueta exterior Tor, capucha, columna de agua 15.000 mm, azul, amarillo, XL"},"content":{"rendered":"<h3>Descripci\u00f3n:<\/h3>\n<p><strong>Chaqueta de exterior Tor<\/strong><\/p>\n<ul>\n<li>Impermeable<\/li>\n<li>Repele el agua y el viento<\/li>\n<li>Costuras selladas<\/li>\n<li>Cord\u00f3n integrado<\/li>\n<li>Mangas anat\u00f3micas con cierre autoadherente<\/li>\n<li>Dos bolsillos delanteros con cremallera Detalles reflectantes<\/li>\n<li>Slim Fit<\/li>\n<li>Cap\u00f3<\/li>\n<\/ul>\n<p><strong>Funciones<\/strong><\/p>\n<ul>\n<li>Diafragma PTX<\/li>\n<li>Columna de agua 15.000 mm<\/li>\n<li>Transpirabilidad 15.000 g\/m\u00b2\/24h<\/li>\n<\/ul>\n<p><strong>Material<\/strong><\/p>\n<ul>\n<li>90% Poli\u00e9ster<\/li>\n<li>10% Spandex<\/li>\n<\/ul>\n<p><strong>Color (especificaci\u00f3n del fabricante)<\/strong><\/p>\n<ul>\n<li>Azul (capri breeze)<\/li>\n<li>Amarillo (roble dorado)<\/li>\n<\/ul>\n<p><strong>Atenci\u00f3n<\/strong><\/p>\n<ul>\n<li>Ciclo de lavado delicado hasta 30 grados<\/li>\n<\/ul>","protected":false},"excerpt":{"rendered":"<h3>Artikelmerkmale<\/h3>\n<p>Artikelzustand: Neu: Neuer, unbenutzter und unbesch\u00e4digter Artikel in nicht ge\u00f6ffneter Originalverpackung<br \/>\nAbteilung: Herren<br \/>\nAktivit\u00e4t: Wandern<br \/>\nAnlass: Freizeit, Reise<br \/>\nAu\u00dfenmaterial: Polyester<br \/>\nBesonderheiten: Wasserabsto\u00dfend<br \/>\nCharakter: ohne<br \/>\nColor: amarillo<br \/>\nFuttermaterial: Polyester<br \/>\nGewebeart: Softshell<br \/>\nTalla: XL<br \/>\nGr\u00f6\u00dfenkategorie: Normalgr\u00f6\u00dfe<br \/>\nIsoliermaterial: Polyester<br \/>\nJahreszeit: Fr\u00fchling, Herbst<br \/>\nMarke: ALPINE PRO<br \/>\nModell: Tor<br \/>\nMuster: Ohne Muster<br \/>\nTipo de producto: Chaqueta<br \/>\nStil: Windbreaker<br \/>\nThema: Outdoor<br \/>\nCierre: cremallera<br \/>\nVintage: Nein<\/p>","protected":false},"featured_media":77810,"comment_status":"open","ping_status":"closed","template":"","meta":{"_seopress_robots_primary_cat":"","_seopress_titles_title":"","_seopress_titles_desc":"","_seopress_robots_index":""},"product_brand":[],"product_cat":[1345,1363,1437],"product_tag":[],"class_list":{"0":"post-77691","1":"product","2":"type-product","3":"status-publish","4":"has-post-thumbnail","6":"product_cat-herrenmode","7":"product_cat-jacken-maentel-herrenmode","8":"product_cat-regenjacken","9":"product_shipping_class-standard-versand","11":"first","12":"instock","13":"sale","14":"taxable","15":"shipping-taxable","16":"purchasable","17":"product-type-simple"},"_links":{"self":[{"href":"https:\/\/www.soanam.de\/es\/wp-json\/wp\/v2\/product\/77691","targetHints":{"allow":["GET"]}}],"collection":[{"href":"https:\/\/www.soanam.de\/es\/wp-json\/wp\/v2\/product"}],"about":[{"href":"https:\/\/www.soanam.de\/es\/wp-json\/wp\/v2\/types\/product"}],"replies":[{"embeddable":true,"href":"https:\/\/www.soanam.de\/es\/wp-json\/wp\/v2\/comments?post=77691"}],"wp:featuredmedia":[{"embeddable":true,"href":"https:\/\/www.soanam.de\/es\/wp-json\/wp\/v2\/media\/77810"}],"wp:attachment":[{"href":"https:\/\/www.soanam.de\/es\/wp-json\/wp\/v2\/media?parent=77691"}],"wp:term":[{"taxonomy":"product_brand","embeddable":true,"href":"https:\/\/www.soanam.de\/es\/wp-json\/wp\/v2\/product_brand?post=77691"},{"taxonomy":"product_cat","embeddable":true,"href":"https:\/\/www.soanam.de\/es\/wp-json\/wp\/v2\/product_cat?post=77691"},{"taxonomy":"product_tag","embeddable":true,"href":"https:\/\/www.soanam.de\/es\/wp-json\/wp\/v2\/product_tag?post=77691"}],"curies":[{"name":"wp","href":"https:\/\/api.w.org\/{rel}","templated":true}]}}