{"id":77655,"date":"2023-12-13T20:57:45","date_gmt":"2023-12-13T19:57:45","guid":{"rendered":"https:\/\/www.soanam.de\/?post_type=product&#038;p=77655"},"modified":"2023-12-13T21:00:28","modified_gmt":"2023-12-13T20:00:28","slug":"hcm-kinzel-kidz-labs-globo-jet-a-partir-de-8-anos","status":"publish","type":"product","link":"https:\/\/www.soanam.de\/es\/produkt\/hcm-kinzel-kidz-labs-ballon-jet-ab-8-jahre\/","title":{"rendered":"HCM Kinzel Kidz Labs - Balloon Jet, a partir de 8 a\u00f1os"},"content":{"rendered":"<h3><strong>Descripci\u00f3n del producto<\/strong><\/h3>\n<p>Chorro de globo<\/p>\n<p>El avi\u00f3n s\u00f3lo puede moverse con la ayuda de un globo. Descubre c\u00f3mo se puede utilizar el aire para mover veh\u00edculos.<br \/>\nAdecuado para ni\u00f1os a partir de 8 a\u00f1os.<br \/>\nLea las instrucciones antes de utilizarlo.<\/p>\n<p><strong>\u00a1Atenci\u00f3n!<\/strong><br \/>\n\u00a1Peligro de asfixia! Las piezas peque\u00f1as pueden tragarse, no apto para ni\u00f1os menores de 3 a\u00f1os.<br \/>\nLos ni\u00f1os pueden asfixiarse con globos vac\u00edos o rotos. Los globos vac\u00edos o rotos deben desecharse inmediatamente.<\/p>","protected":false},"excerpt":{"rendered":"<h3><strong>Artikelmerkmale<\/strong><\/h3>\n<p>Artikelzustand: Neu - Neuer, unbenutzter und unbesch\u00e4digter Artikel in der unge\u00f6ffneten Verpackung<\/p>\n<table style=\"border-collapse: collapse;width: 924pt\" width=\"1232\">\n<tbody>\n<tr style=\"height: 15.0pt\">\n<td class=\"xl72\" style=\"width: 485pt;height: 15.0pt\" width=\"647\" height=\"20\">Altersempfehlung:<\/td>\n<td class=\"xl72\" style=\"width: 439pt\" width=\"585\">8-11 Jahre<\/td>\n<\/tr>\n<tr style=\"height: 15.0pt\">\n<td class=\"xl72\" style=\"height: 15.0pt\" height=\"20\">EAN:<\/td>\n<td class=\"xl72\">4018928681252<\/td>\n<\/tr>\n<tr style=\"height: 15.0pt\">\n<td class=\"xl72\" style=\"height: 15.0pt\" height=\"20\">Marke:<\/td>\n<td class=\"xl72\">HCM Kinzel<\/td>\n<\/tr>\n<\/tbody>\n<\/table>","protected":false},"featured_media":77789,"comment_status":"open","ping_status":"closed","template":"","meta":{"_seopress_robots_primary_cat":"","_seopress_titles_title":"","_seopress_titles_desc":"","_seopress_robots_index":""},"product_brand":[],"product_cat":[1435,1436],"product_tag":[],"class_list":{"0":"post-77655","1":"product","2":"type-product","3":"status-publish","4":"has-post-thumbnail","6":"product_cat-spielzeug","7":"product_cat-lernspiele","8":"product_shipping_class-standard-versand","10":"first","11":"instock","12":"sale","13":"taxable","14":"shipping-taxable","15":"purchasable","16":"product-type-simple"},"_links":{"self":[{"href":"https:\/\/www.soanam.de\/es\/wp-json\/wp\/v2\/product\/77655","targetHints":{"allow":["GET"]}}],"collection":[{"href":"https:\/\/www.soanam.de\/es\/wp-json\/wp\/v2\/product"}],"about":[{"href":"https:\/\/www.soanam.de\/es\/wp-json\/wp\/v2\/types\/product"}],"replies":[{"embeddable":true,"href":"https:\/\/www.soanam.de\/es\/wp-json\/wp\/v2\/comments?post=77655"}],"wp:featuredmedia":[{"embeddable":true,"href":"https:\/\/www.soanam.de\/es\/wp-json\/wp\/v2\/media\/77789"}],"wp:attachment":[{"href":"https:\/\/www.soanam.de\/es\/wp-json\/wp\/v2\/media?parent=77655"}],"wp:term":[{"taxonomy":"product_brand","embeddable":true,"href":"https:\/\/www.soanam.de\/es\/wp-json\/wp\/v2\/product_brand?post=77655"},{"taxonomy":"product_cat","embeddable":true,"href":"https:\/\/www.soanam.de\/es\/wp-json\/wp\/v2\/product_cat?post=77655"},{"taxonomy":"product_tag","embeddable":true,"href":"https:\/\/www.soanam.de\/es\/wp-json\/wp\/v2\/product_tag?post=77655"}],"curies":[{"name":"wp","href":"https:\/\/api.w.org\/{rel}","templated":true}]}}