{"id":77588,"date":"2023-12-13T20:56:09","date_gmt":"2023-12-13T19:56:09","guid":{"rendered":"https:\/\/www.soanam.de\/?post_type=product&#038;p=77588"},"modified":"2023-12-13T20:59:41","modified_gmt":"2023-12-13T19:59:41","slug":"gang-skinny-fit-jeans-nena-in-vivid-blue-wash-groesse-w27","status":"publish","type":"product","link":"https:\/\/www.soanam.de\/es\/produkt\/gang-skinny-fit-jeans-nena-in-vivid-blue-wash-groesse-w27\/","title":{"rendered":"GANG Skinny-fit-Jeans NENA, in Vivid Blue Wash, Gr\u00f6\u00dfe W27"},"content":{"rendered":"<p>Skinny-fit Jeans von GANG<br \/>\nMit niedriger Leibh\u00f6he<br \/>\nCosturas de color en contraste<br \/>\nBequem durch Stretchanteil<\/p>\n<p>Der Alltagsklassiker im Five-Pocket-Design punktet durch die starke Used-Waschung und den Crinkle Effekt.<br \/>\nDie kontrastierenden N\u00e4hte der Denim-R\u00f6hre runden die Optik ab.<br \/>\nDurch den Elasthan-Anteil schmiegt sich die Stretchqualit\u00e4t angenehm ans Bein und macht die Jeans zu einem \u00e4u\u00dferst bequemen Alltagsbegleiter.<\/p>\n<p>Material: 87,5% Baumwolle, 9% Polybutyleneterephthalat, 3,5% Elasthan<br \/>\nInstrucciones de cuidado: Lavable a m\u00e1quina a 30<\/p>\n<p>Farbe: vivid blue wash<br \/>\nGr\u00f6\u00dfe: W27<\/p>\n<p>Cintura: 69 cm<br \/>\nContorno de cadera: 87 cm<br \/>\nLongitud del pelda\u00f1o:79cm<br \/>\nLongitud total: 104 cm<\/p>","protected":false},"excerpt":{"rendered":"<table class=\"dv_characteristicsTable\">\n<tbody>\n<tr>\n<td class=\"left\">Talla<\/td>\n<td>27<\/td>\n<\/tr>\n<tr>\n<td class=\"left\">Gr\u00f6\u00dfentyp<\/td>\n<td>Normalgr\u00f6\u00dfen<\/td>\n<\/tr>\n<tr>\n<td class=\"left\">Composici\u00f3n del material<\/td>\n<td>Obermaterial: 87,5% Baumwolle, 9% Polybutyleneterephthalat, 3,5% Elasthan<\/td>\n<\/tr>\n<tr>\n<td class=\"left\">Materialart<\/td>\n<td>Vaqueros<\/td>\n<\/tr>\n<tr>\n<td class=\"left\">Materialeigenschaften<\/td>\n<td>F\u00e1cil de limpiar<\/td>\n<\/tr>\n<tr>\n<td class=\"left\">Instrucciones de cuidado<\/td>\n<td>Lavado a m\u00e1quina<\/td>\n<\/tr>\n<tr>\n<td class=\"left\">Stil<\/td>\n<td>modisch<\/td>\n<\/tr>\n<tr>\n<td class=\"left\">Waschung<\/td>\n<td>stone, washed<\/td>\n<\/tr>\n<tr>\n<td class=\"left\">Herstellerfarbbezeichnung<\/td>\n<td>vivid blue wash<\/td>\n<\/tr>\n<tr>\n<td class=\"left\">Color<\/td>\n<td>vivid, blue, wash<\/td>\n<\/tr>\n<tr>\n<td class=\"left\">Leibh\u00f6he<\/td>\n<td>niedrig<\/td>\n<\/tr>\n<tr>\n<td class=\"left\">Ajuste<\/td>\n<td>skinny fit<\/td>\n<\/tr>\n<tr>\n<td class=\"left\">Schnittform L\u00e4nge<\/td>\n<td>lang<\/td>\n<\/tr>\n<tr>\n<td class=\"left\">Bolsas<\/td>\n<td>Eingrifftaschen, Ges\u00e4\u00dftaschen, Coinpocket<\/td>\n<\/tr>\n<tr>\n<td class=\"left\">Verschluss<\/td>\n<td>1-Knopf-Form, Rei\u00dfverschluss<\/td>\n<\/tr>\n<tr>\n<td class=\"left\">Besondere Merkmale<\/td>\n<td>mit Used-Effekten<\/td>\n<\/tr>\n<\/tbody>\n<\/table>","protected":false},"featured_media":77742,"comment_status":"open","ping_status":"closed","template":"","meta":{"_seopress_robots_primary_cat":"","_seopress_titles_title":"","_seopress_titles_desc":"","_seopress_robots_index":""},"product_brand":[],"product_cat":[1348,1349,1350],"product_tag":[],"class_list":{"0":"post-77588","1":"product","2":"type-product","3":"status-publish","4":"has-post-thumbnail","6":"product_cat-damen-mode","7":"product_cat-hosen-damen-mode","8":"product_cat-jeans-hosen-damen-mode","9":"product_shipping_class-standard-versand","11":"first","12":"instock","13":"sale","14":"taxable","15":"shipping-taxable","16":"purchasable","17":"product-type-simple"},"_links":{"self":[{"href":"https:\/\/www.soanam.de\/es\/wp-json\/wp\/v2\/product\/77588","targetHints":{"allow":["GET"]}}],"collection":[{"href":"https:\/\/www.soanam.de\/es\/wp-json\/wp\/v2\/product"}],"about":[{"href":"https:\/\/www.soanam.de\/es\/wp-json\/wp\/v2\/types\/product"}],"replies":[{"embeddable":true,"href":"https:\/\/www.soanam.de\/es\/wp-json\/wp\/v2\/comments?post=77588"}],"wp:featuredmedia":[{"embeddable":true,"href":"https:\/\/www.soanam.de\/es\/wp-json\/wp\/v2\/media\/77742"}],"wp:attachment":[{"href":"https:\/\/www.soanam.de\/es\/wp-json\/wp\/v2\/media?parent=77588"}],"wp:term":[{"taxonomy":"product_brand","embeddable":true,"href":"https:\/\/www.soanam.de\/es\/wp-json\/wp\/v2\/product_brand?post=77588"},{"taxonomy":"product_cat","embeddable":true,"href":"https:\/\/www.soanam.de\/es\/wp-json\/wp\/v2\/product_cat?post=77588"},{"taxonomy":"product_tag","embeddable":true,"href":"https:\/\/www.soanam.de\/es\/wp-json\/wp\/v2\/product_tag?post=77588"}],"curies":[{"name":"wp","href":"https:\/\/api.w.org\/{rel}","templated":true}]}}