{"id":77586,"date":"2023-12-13T20:56:08","date_gmt":"2023-12-13T19:56:08","guid":{"rendered":"https:\/\/www.soanam.de\/?post_type=product&#038;p=77586"},"modified":"2023-12-13T20:59:29","modified_gmt":"2023-12-13T19:59:29","slug":"nn07-harvey-blazer-1044-azul-marino-destenido-optico-talla-xl","status":"publish","type":"product","link":"https:\/\/www.soanam.de\/es\/produkt\/nn07-harvey-blazer-1044-navy-blau-faded-optik-groesse-xl\/","title":{"rendered":"NN07 - Harvey Blazer 1044, azul marino, aspecto deste\u00f1ido, talla XL"},"content":{"rendered":"<h3>Descripci\u00f3n de la<\/h3>\n<p>Harvey Blazer 1044 est\u00e1 confeccionado en una mezcla melocot\u00f3n de lyocell fluido y suave, lino y algod\u00f3n. Se ha conseguido un aspecto deste\u00f1ido mediante el lavado. Esta chaqueta sin forro y desestructurada est\u00e1 acabada con detalles ribeteados en las costuras interiores y una capa exterior que proporciona un acabado limpio y n\u00edtido.<\/p>\n<p>Corte normal<br \/>\n2 botones cosidos<br \/>\nDos bolsillos de parche en la parte delantera<br \/>\nUn bolsillo ribeteado en el pecho<br \/>\nBolsillo interior de parche<br \/>\nForro de las mangas de poli\u00e9ster 100%<br \/>\n59% Lyocell, 18% Algod\u00f3n, 23% Lino<br \/>\nJai mide 183 cm y lleva una talla M<br \/>\nPVP: 379,- EUR<\/p>","protected":false},"excerpt":{"rendered":"<h3>Artikelmerkmale<\/h3>\n<p>Estado del art\u00edculo: Nuevo con etiqueta: Art\u00edculo nuevo, sin usar y sin estrenar, en su embalaje original.<\/p>\n<p>Abteilung: Herren<br \/>\nAktivit\u00e4t: Tanzen<br \/>\nAnlass: Freizeit, Business<br \/>\nAu\u00dfenmaterial: 59% Lyocell, 18% Baumwolle, 23% Leinen<br \/>\nBesonderheiten: Alle Jahreszeiten<br \/>\nCharakter: ohne<br \/>\nEAN: 5710464699966<br \/>\nColor: Azul<br \/>\nFuttermaterial: Polyester<br \/>\nGewebeart: Lycocell<br \/>\nTalla: XL<br \/>\nGr\u00f6\u00dfenkategorie: Normalgr\u00f6\u00dfe<br \/>\nIsoliermaterial: Polyester<br \/>\nJahreszeit: Fr\u00fchling, Herbst<br \/>\nMarke: NN07<br \/>\nModell: Harvey 1044<br \/>\nMotivo: Colores lisos<br \/>\nProduktart: Blazer<br \/>\nStil: Blazer<br \/>\nThema: Elegant<br \/>\nVerschluss: Knopf<br \/>\nVintage: Nein<\/p>","protected":false},"featured_media":77728,"comment_status":"open","ping_status":"closed","template":"","meta":{"_seopress_robots_primary_cat":"","_seopress_titles_title":"","_seopress_titles_desc":"","_seopress_robots_index":""},"product_brand":[],"product_cat":[1345,1368,1369],"product_tag":[],"class_list":{"0":"post-77586","1":"product","2":"type-product","3":"status-publish","4":"has-post-thumbnail","6":"product_cat-herrenmode","7":"product_cat-anzuege-anzugsteile","8":"product_cat-sakkos","9":"product_shipping_class-standard-versand","11":"first","12":"instock","13":"sale","14":"taxable","15":"shipping-taxable","16":"purchasable","17":"product-type-simple"},"_links":{"self":[{"href":"https:\/\/www.soanam.de\/es\/wp-json\/wp\/v2\/product\/77586","targetHints":{"allow":["GET"]}}],"collection":[{"href":"https:\/\/www.soanam.de\/es\/wp-json\/wp\/v2\/product"}],"about":[{"href":"https:\/\/www.soanam.de\/es\/wp-json\/wp\/v2\/types\/product"}],"replies":[{"embeddable":true,"href":"https:\/\/www.soanam.de\/es\/wp-json\/wp\/v2\/comments?post=77586"}],"wp:featuredmedia":[{"embeddable":true,"href":"https:\/\/www.soanam.de\/es\/wp-json\/wp\/v2\/media\/77728"}],"wp:attachment":[{"href":"https:\/\/www.soanam.de\/es\/wp-json\/wp\/v2\/media?parent=77586"}],"wp:term":[{"taxonomy":"product_brand","embeddable":true,"href":"https:\/\/www.soanam.de\/es\/wp-json\/wp\/v2\/product_brand?post=77586"},{"taxonomy":"product_cat","embeddable":true,"href":"https:\/\/www.soanam.de\/es\/wp-json\/wp\/v2\/product_cat?post=77586"},{"taxonomy":"product_tag","embeddable":true,"href":"https:\/\/www.soanam.de\/es\/wp-json\/wp\/v2\/product_tag?post=77586"}],"curies":[{"name":"wp","href":"https:\/\/api.w.org\/{rel}","templated":true}]}}