{"id":77583,"date":"2023-12-13T20:56:07","date_gmt":"2023-12-13T19:56:07","guid":{"rendered":"https:\/\/www.soanam.de\/?post_type=product&#038;p=77583"},"modified":"2023-12-13T20:59:15","modified_gmt":"2023-12-13T19:59:15","slug":"a-plus-nueva-edicion-1-y-2-lengua-extranjera-volumen-1-vocabulario-libro-de-bolsillo","status":"publish","type":"product","link":"https:\/\/www.soanam.de\/es\/produkt\/a-plus-neubearbeitung-1-und-2-fremdsprache-band-1-vokabeltaschenbuch\/","title":{"rendered":"\u00a1\u00c0 plus ! Nueva edici\u00f3n - 1\u00aa y 2\u00aa lengua extranjera - Volumen 1 Vocabulario de bolsillo"},"content":{"rendered":"<h3><strong>Descripci\u00f3n del producto<\/strong><\/h3>\n<p>El vocabulario did\u00e1ctico para aprender y practicar de forma aut\u00f3noma \u00a1en tama\u00f1o bolsillo!<br \/>\nTodo el vocabulario del volumen para estudiantes<br \/>\nCon vocabulario para entrenar el di\u00e1logo: Les mots pour le dire<br \/>\nCon vocabulario tem\u00e1tico, cuadros mnemot\u00e9cnicos y puentes mnemot\u00e9cnicos<br \/>\nIdeal para repasar y aprender sobre la marcha<\/p>\n<p><strong>detalles<\/strong><br \/>\nCubierta: R\u00fastica<br \/>\nN\u00famero de p\u00e1ginas: 112<br \/>\nFecha de publicaci\u00f3n: 28.07.2020<br \/>\nIdioma: alem\u00e1n, franc\u00e9s<br \/>\nISBN: 978-3-06-122306-9<br \/>\n\u00a1Serie: \u00c0 plus ! Nueva edici\u00f3n. 1\u00aa y 2\u00aa lengua extranjera<br \/>\nEditor: Cornelsen Verlag<br \/>\nDimensiones (L\/A\/A): 17\/11,5\/0,7 cm<br \/>\nPeso: 99 g<br \/>\nIlustraciones: numerosas ilustraciones<br \/>\nTipos de escuela: Centro de ense\u00f1anza general, centro de ense\u00f1anza primaria, centro de ense\u00f1anza secundaria superior, centro de ense\u00f1anza intermedia, centro de ense\u00f1anza secundaria.<br \/>\nGrados: 5\u00ba grado, 6\u00ba grado<br \/>\nAsignaturas: Franc\u00e9s<br \/>\nEstados federados: Baden-Wurtemberg, Berl\u00edn, Brandemburgo, Bremen, Hamburgo, Hesse, Mecklemburgo-Pomerania Occidental, Baja Sajonia, Renania del Norte-Westfalia, Renania-Palatinado, Sarre, Sajonia, Sajonia-Anhalt, Schleswig-Holstein y Turingia.<\/p>","protected":false},"excerpt":{"rendered":"<h3><strong>Artikelmerkmale<\/strong><\/h3>\n<p><span style=\"font-weight: 400\">Artikelzustand: Neu - Neues, ungelesenes, ungebrauchtes Buch in makellosem Zustand<br \/>\n<\/span><\/p>\n<table style=\"border-collapse: collapse;width: 924pt\" width=\"1232\">\n<tbody>\n<tr style=\"height: 15.0pt\">\n<td style=\"width: 485pt;height: 15.0pt\" width=\"647\" height=\"20\">Anzahl der Seiten:<\/td>\n<td style=\"width: 439pt\" width=\"585\">112 Seiten<\/td>\n<\/tr>\n<tr style=\"height: 15.0pt\">\n<td style=\"height: 15.0pt\" height=\"20\">Ausgangssprache:<\/td>\n<td>Franz\u00f6sisch<\/td>\n<\/tr>\n<tr style=\"height: 15.0pt\">\n<td style=\"height: 15.0pt\" height=\"20\">Autor:<\/td>\n<td>desconocido<\/td>\n<\/tr>\n<tr style=\"height: 15.0pt\">\n<td style=\"height: 15.0pt\" height=\"20\">Erscheinungsjahr:<\/td>\n<td class=\"xl72\">2020<\/td>\n<\/tr>\n<tr style=\"height: 15.0pt\">\n<td style=\"height: 15.0pt\" height=\"20\">Fach:<\/td>\n<td>Franz\u00f6sisch<\/td>\n<\/tr>\n<tr style=\"height: 15.0pt\">\n<td style=\"height: 15.0pt\" height=\"20\">Fachbereich:<\/td>\n<td>Sprachenlernen<\/td>\n<\/tr>\n<tr style=\"height: 15.0pt\">\n<td style=\"height: 15.0pt\" height=\"20\">Format:<\/td>\n<td>R\u00fastica<\/td>\n<\/tr>\n<tr style=\"height: 15.0pt\">\n<td style=\"height: 15.0pt\" height=\"20\">ISBN:<\/td>\n<td class=\"xl72\">9783061223069<\/td>\n<\/tr>\n<tr style=\"height: 15.0pt\">\n<td style=\"height: 15.0pt\" height=\"20\">Niveau:<\/td>\n<td>Anf\u00e4nger<\/td>\n<\/tr>\n<tr style=\"height: 15.0pt\">\n<td style=\"height: 15.0pt\" height=\"20\">Produktart:<\/td>\n<td>Vokabelbuch<\/td>\n<\/tr>\n<tr style=\"height: 15.0pt\">\n<td style=\"height: 15.0pt\" height=\"20\">Publikationsname:<\/td>\n<td>\u00c0 Plus ! 1. und 2. Fremdsprache. Band 1- Vokabeltaschenbuch, Band 1-Vokabeltaschenbuch<\/td>\n<\/tr>\n<tr style=\"height: 15.0pt\">\n<td style=\"height: 15.0pt\" height=\"20\">Reihe:<\/td>\n<td>\u00c0 plus !<\/td>\n<\/tr>\n<tr style=\"height: 15.0pt\">\n<td style=\"height: 15.0pt\" height=\"20\">Sprache:<\/td>\n<td>Deutsch, Franz\u00f6sisch<\/td>\n<\/tr>\n<tr style=\"height: 15.0pt\">\n<td style=\"height: 15.0pt\" height=\"20\">Verlag:<\/td>\n<td>Cornelsen Verlag Gmbh, Cornelsen Verlag<\/td>\n<\/tr>\n<\/tbody>\n<\/table>\n<p>&nbsp;<\/p>","protected":false},"featured_media":77720,"comment_status":"open","ping_status":"closed","template":"","meta":{"_seopress_robots_primary_cat":"","_seopress_titles_title":"","_seopress_titles_desc":"","_seopress_robots_index":""},"product_brand":[],"product_cat":[1428,1429,1430],"product_tag":[],"class_list":{"0":"post-77583","1":"product","2":"type-product","3":"status-publish","4":"has-post-thumbnail","6":"product_cat-buecher","7":"product_cat-jugend","8":"product_cat-lehrbuecher","9":"product_shipping_class-standard-versand","11":"first","12":"instock","13":"taxable","14":"shipping-taxable","15":"purchasable","16":"product-type-simple"},"_links":{"self":[{"href":"https:\/\/www.soanam.de\/es\/wp-json\/wp\/v2\/product\/77583","targetHints":{"allow":["GET"]}}],"collection":[{"href":"https:\/\/www.soanam.de\/es\/wp-json\/wp\/v2\/product"}],"about":[{"href":"https:\/\/www.soanam.de\/es\/wp-json\/wp\/v2\/types\/product"}],"replies":[{"embeddable":true,"href":"https:\/\/www.soanam.de\/es\/wp-json\/wp\/v2\/comments?post=77583"}],"wp:featuredmedia":[{"embeddable":true,"href":"https:\/\/www.soanam.de\/es\/wp-json\/wp\/v2\/media\/77720"}],"wp:attachment":[{"href":"https:\/\/www.soanam.de\/es\/wp-json\/wp\/v2\/media?parent=77583"}],"wp:term":[{"taxonomy":"product_brand","embeddable":true,"href":"https:\/\/www.soanam.de\/es\/wp-json\/wp\/v2\/product_brand?post=77583"},{"taxonomy":"product_cat","embeddable":true,"href":"https:\/\/www.soanam.de\/es\/wp-json\/wp\/v2\/product_cat?post=77583"},{"taxonomy":"product_tag","embeddable":true,"href":"https:\/\/www.soanam.de\/es\/wp-json\/wp\/v2\/product_tag?post=77583"}],"curies":[{"name":"wp","href":"https:\/\/api.w.org\/{rel}","templated":true}]}}