{"id":77545,"date":"2023-12-13T20:55:22","date_gmt":"2023-12-13T19:55:22","guid":{"rendered":"https:\/\/www.soanam.de\/?post_type=product&#038;p=77545"},"modified":"2023-12-13T20:58:36","modified_gmt":"2023-12-13T19:58:36","slug":"extremadamente-alto-e-increiblemente-cerca-2012-tom-hanks-sandra-bullock-pal-dvd","status":"publish","type":"product","link":"https:\/\/www.soanam.de\/es\/produkt\/extrem-laut-und-unglaublich-nah-2012-tom-hanks-sandra-bullock-pal-dvd\/","title":{"rendered":"Extremely Loud and Incredibly Close (2012) - Tom Hanks &amp; Sandra Bullock - PAL DVD"},"content":{"rendered":"<h3><strong>Breve descripci\u00f3n<\/strong><\/h3>\n<p>Con s\u00f3lo once a\u00f1os, Oskar Schell es un peque\u00f1o todoterreno: inventor, astrof\u00edsico, orfebre y mucho m\u00e1s. Y acaba de perder a su padre en los atentados del 11 de septiembre. En la finca de su padre, Oskar encuentra una llave que no encaja en ning\u00fan sitio. As\u00ed que emprende una b\u00fasqueda por todo Nueva York y por la vida de su padre para encontrar la respuesta al misterio de su muerte. En el proceso, tambi\u00e9n sale a la luz el traum\u00e1tico pasado de su abuelo, que perdi\u00f3 a su prometida en un bombardeo en Dresde durante la Segunda Guerra Mundial.<\/p>\n<p><strong>Material adicional<\/strong><\/p>\n<p>En busca del Oscar: el joven actor y protagonista Thomas Horn deja una huella imborrable en sus colegas premiados y en el director<\/p>","protected":false},"excerpt":{"rendered":"<h3>Artikelmerkmale<\/h3>\n<p>Artikelzustand: Neu: Artikel, dessen Originalverpackung (sofern zutreffend) nicht ge\u00f6ffnet oder entfernt wurde<\/p>\n<table width=\"1232\">\n<tbody>\n<tr>\n<td width=\"647\">Caracter\u00edsticas especiales:<\/td>\n<td width=\"585\">Full Screen, Mit Untertiteln, Widescreen<\/td>\n<\/tr>\n<tr>\n<td>Darsteller:<\/td>\n<td>Stephen Daldry<\/td>\n<\/tr>\n<tr>\n<td>DVD-Auflagenjahr:<\/td>\n<td>2012<\/td>\n<\/tr>\n<tr>\n<td>EAN:<\/td>\n<td>5051890099518<\/td>\n<\/tr>\n<tr>\n<td>Edition:<\/td>\n<td>Final Cut<\/td>\n<\/tr>\n<tr>\n<td>Erscheinungsjahr:<\/td>\n<td>2012<\/td>\n<\/tr>\n<tr>\n<td>Film-\/Fernseh-Titel:<\/td>\n<td>Extrem Laut und Unglaublich Nah<\/td>\n<\/tr>\n<tr>\n<td>Film-Stilrichtung:<\/td>\n<td>Kult<\/td>\n<\/tr>\n<tr>\n<td>Format:<\/td>\n<td>DVD<\/td>\n<\/tr>\n<tr>\n<td>FSK-Einstufung:<\/td>\n<td>12.00<\/td>\n<\/tr>\n<tr>\n<td>Herstellungsland und -region:<\/td>\n<td>Vereinigte Staaten<\/td>\n<\/tr>\n<tr>\n<td>H\u00fcllenart:<\/td>\n<td>Kunststoffh\u00fclse<\/td>\n<\/tr>\n<tr>\n<td>Produktart:<\/td>\n<td>Film<\/td>\n<\/tr>\n<tr>\n<td>Regionalcode:<\/td>\n<td>DVD: 2 (Europa, Japan, Naher Osten\u2026)<\/td>\n<\/tr>\n<tr>\n<td>Regisseur:<\/td>\n<td>Stephen Daldry<\/td>\n<\/tr>\n<tr>\n<td>Sprache:<\/td>\n<td>Deutsch, Deutsch (Dolby Digital 5.1), Spanisch (Dolby Digit<\/td>\n<\/tr>\n<tr>\n<td>Studio:<\/td>\n<td>Warner Home Video<\/td>\n<\/tr>\n<tr>\n<td>Untertitel Sprache:<\/td>\n<td>Spanisch, D\u00e4nisch, Finnisch, Isl\u00e4ndisch, Norwegisch<\/td>\n<\/tr>\n<\/tbody>\n<\/table>","protected":false},"featured_media":77685,"comment_status":"open","ping_status":"closed","template":"","meta":{"_seopress_robots_primary_cat":"","_seopress_titles_title":"","_seopress_titles_desc":"","_seopress_robots_index":""},"product_brand":[],"product_cat":[1423,1424],"product_tag":[],"class_list":{"0":"post-77545","1":"product","2":"type-product","3":"status-publish","4":"has-post-thumbnail","6":"product_cat-multimedia","7":"product_cat-dvds","8":"product_shipping_class-standard-versand","10":"first","11":"instock","12":"sale","13":"taxable","14":"shipping-taxable","15":"purchasable","16":"product-type-simple"},"_links":{"self":[{"href":"https:\/\/www.soanam.de\/es\/wp-json\/wp\/v2\/product\/77545","targetHints":{"allow":["GET"]}}],"collection":[{"href":"https:\/\/www.soanam.de\/es\/wp-json\/wp\/v2\/product"}],"about":[{"href":"https:\/\/www.soanam.de\/es\/wp-json\/wp\/v2\/types\/product"}],"replies":[{"embeddable":true,"href":"https:\/\/www.soanam.de\/es\/wp-json\/wp\/v2\/comments?post=77545"}],"wp:featuredmedia":[{"embeddable":true,"href":"https:\/\/www.soanam.de\/es\/wp-json\/wp\/v2\/media\/77685"}],"wp:attachment":[{"href":"https:\/\/www.soanam.de\/es\/wp-json\/wp\/v2\/media?parent=77545"}],"wp:term":[{"taxonomy":"product_brand","embeddable":true,"href":"https:\/\/www.soanam.de\/es\/wp-json\/wp\/v2\/product_brand?post=77545"},{"taxonomy":"product_cat","embeddable":true,"href":"https:\/\/www.soanam.de\/es\/wp-json\/wp\/v2\/product_cat?post=77545"},{"taxonomy":"product_tag","embeddable":true,"href":"https:\/\/www.soanam.de\/es\/wp-json\/wp\/v2\/product_tag?post=77545"}],"curies":[{"name":"wp","href":"https:\/\/api.w.org\/{rel}","templated":true}]}}