{"id":77484,"date":"2023-12-13T20:53:31","date_gmt":"2023-12-13T19:53:31","guid":{"rendered":"https:\/\/www.soanam.de\/?post_type=product&#038;p=77484"},"modified":"2023-12-13T20:57:07","modified_gmt":"2023-12-13T19:57:07","slug":"harris-wharf-london-chaqueta-lana-merino-sin-forro-gris-oscuro-talla-52","status":"publish","type":"product","link":"https:\/\/www.soanam.de\/es\/produkt\/harris-wharf-london-sakko-merinowolle-ungefuettert-dunkelgrau-gr-52\/","title":{"rendered":"Chaqueta Harris Wharf London lana merino sin forro, gris oscuro, talla 52"},"content":{"rendered":"<h3>Descripci\u00f3n de la<\/h3>\n<p>Chaqueta Harris Wharf London C8G22MEU\/126<br \/>\nChaqueta de lana merino sin forro por HARRIS WHARF LONDON<br \/>\nChaqueta, lana merino sin forro, gris oscuro, talla 52\/L<\/p>\n<p>A\u00f1ade clase y garbo a tu atuendo con esta chaqueta elegante, c\u00f3moda y con estilo para cualquier ocasi\u00f3n. Ya sea para looks informales de negocios o elegantes, esta americana de moda confeccionada en lana merina el\u00e1stica es una prenda especial. Su forma entallada acent\u00faa h\u00e1bilmente la silueta ce\u00f1ida. Los detalles de bordes abiertos acent\u00faan el look individual.<\/p>\n<p><strong>Material superior:<\/strong> Lana 100%<\/p>\n<p><strong>Patr\u00f3n:<\/strong> Liso y tono sobre tono<\/p>\n<p><strong>Bolsas:<\/strong> Bolsillo\/s de parche, bolsillo\/s de ojal a la altura del pecho a la izquierda<\/p>\n<p><strong>Corta:<\/strong> Chaqueta, Botonadura simple, Corte entallado, A medida, Con cuello de solapa<\/p>\n<p><strong>Acabado interior:<\/strong> Bolsillo\/s de parche interior\/es, uno a cada lado, cierre de bot\u00f3n<\/p>\n<p><strong>Color:<\/strong> Gris oscuro<\/p>\n<p><strong>Dimensiones:<\/strong> Para la talla 50, largo de espalda sin cuello aprox. 75 cm, ancho de pecho aprox. 104 cm<\/p>\n<p><strong>Caracter\u00edsticas especiales:<\/strong><\/p>\n<ul>\n<li>Tejido el\u00e1stico, ligero y c\u00f3modo<\/li>\n<li>Detalles de bordes abiertos<\/li>\n<li>Fabricado en Italia<\/li>\n<\/ul>","protected":false},"excerpt":{"rendered":"<h3>Artikelmerkmale<\/h3>\n<p>Estado del art\u00edculo: Nuevo con etiqueta: Art\u00edculo nuevo, sin usar y sin estrenar, en su embalaje original.<\/p>\n<p>Abteilung: Herren<br \/>\nAktivit\u00e4t: Business<br \/>\nAnlass: Business, Elegant, Reise<br \/>\nAu\u00dfenmaterial: Wolle<br \/>\nBesonderheiten: Ungef\u00fcttert<br \/>\nCharakter: ohne<br \/>\nEAN: 8300083486411<br \/>\nFarbe: Grau<br \/>\nFuttermaterial: ungef\u00fcttert<br \/>\nGewebeart: ohne Angabe<br \/>\nTalla: L<br \/>\nGr\u00f6\u00dfenkategorie: Normalgr\u00f6\u00dfe<br \/>\nIsoliermaterial: nicht zutreffend<br \/>\nJahreszeit: Fr\u00fchling, Herbst, Winter<br \/>\nMarke: Harris Wharf London<br \/>\nModell: Merino<br \/>\nMuster: Ohne Muster<br \/>\nProduktart: Sakko<br \/>\nStil: Sakko<br \/>\nThema: Elegant<br \/>\nVerschluss: Knopf<br \/>\nVintage: Nein<\/p>","protected":false},"featured_media":77619,"comment_status":"open","ping_status":"closed","template":"","meta":{"_seopress_robots_primary_cat":"","_seopress_titles_title":"","_seopress_titles_desc":"","_seopress_robots_index":""},"product_brand":[],"product_cat":[1345,1368,1369],"product_tag":[],"class_list":{"0":"post-77484","1":"product","2":"type-product","3":"status-publish","4":"has-post-thumbnail","6":"product_cat-herrenmode","7":"product_cat-anzuege-anzugsteile","8":"product_cat-sakkos","9":"product_shipping_class-standard-versand","11":"first","12":"instock","13":"sale","14":"taxable","15":"shipping-taxable","16":"purchasable","17":"product-type-simple"},"_links":{"self":[{"href":"https:\/\/www.soanam.de\/es\/wp-json\/wp\/v2\/product\/77484","targetHints":{"allow":["GET"]}}],"collection":[{"href":"https:\/\/www.soanam.de\/es\/wp-json\/wp\/v2\/product"}],"about":[{"href":"https:\/\/www.soanam.de\/es\/wp-json\/wp\/v2\/types\/product"}],"replies":[{"embeddable":true,"href":"https:\/\/www.soanam.de\/es\/wp-json\/wp\/v2\/comments?post=77484"}],"wp:featuredmedia":[{"embeddable":true,"href":"https:\/\/www.soanam.de\/es\/wp-json\/wp\/v2\/media\/77619"}],"wp:attachment":[{"href":"https:\/\/www.soanam.de\/es\/wp-json\/wp\/v2\/media?parent=77484"}],"wp:term":[{"taxonomy":"product_brand","embeddable":true,"href":"https:\/\/www.soanam.de\/es\/wp-json\/wp\/v2\/product_brand?post=77484"},{"taxonomy":"product_cat","embeddable":true,"href":"https:\/\/www.soanam.de\/es\/wp-json\/wp\/v2\/product_cat?post=77484"},{"taxonomy":"product_tag","embeddable":true,"href":"https:\/\/www.soanam.de\/es\/wp-json\/wp\/v2\/product_tag?post=77484"}],"curies":[{"name":"wp","href":"https:\/\/api.w.org\/{rel}","templated":true}]}}