{"id":77448,"date":"2023-12-13T20:52:21","date_gmt":"2023-12-13T19:52:21","guid":{"rendered":"https:\/\/www.soanam.de\/?post_type=product&#038;p=77448"},"modified":"2023-12-13T20:56:14","modified_gmt":"2023-12-13T19:56:14","slug":"peak-performance-womens-helium-glacier-hood-jacket-chaqueta-de-pluma-de-mujer-azul","status":"publish","type":"product","link":"https:\/\/www.soanam.de\/es\/produkt\/peak-performance-womens-helium-glacier-hood-jacket-damen-daunenjacke-blue\/","title":{"rendered":"PEAK PERFORMANCE - Chaqueta con capucha Helium Glacier para mujer - Chaqueta de plumas para mujer, Azul"},"content":{"rendered":"<h3>DESCRIPCI\u00d3N DEL PRODUCTO<\/h3>\n<p>Las mujeres que buscan una chaqueta de plum\u00f3n superligera y plegable est\u00e1n en el lugar adecuado con la chaqueta Helium Glacier Hood para mujer de Peak Performance. Esta elegante chaqueta no s\u00f3lo es bonita, sino tambi\u00e9n muy funcional. El robusto material exterior de poliamida totalmente reciclada proporciona una barrera fiable contra la humedad y el viento. Gracias a su alta transpirabilidad, la humedad del interior se transporta inmediatamente al exterior. Esto garantiza un clima agradable en el interior de la chaqueta en todo momento.<\/p>\n<p>La capucha ajustable, los pu\u00f1os el\u00e1sticos y el dobladillo el\u00e1stico proporcionan un aislamiento adicional. Los dos bolsillos laterales con cremallera mantienen las manos calientes y ofrecen espacio para guardar cosas. El plum\u00f3n de pato procede de la producci\u00f3n sostenible. Su origen puede rastrearse a trav\u00e9s del programa Track my Down. La chaqueta Helium Glacier Hood para mujer de Peak Performance es perfecta para llevar sola o debajo de una chaqueta r\u00edgida.<\/p>\n<h3>detalles<\/h3>\n<p>Adecuado para: Se\u00f1oras<br \/>\n\u00c1mbito de aplicaci\u00f3n: Ocio<br \/>\nMaterial principal: poliamida 100%<br \/>\nMaterial de relleno: plum\u00f3n 100%<br \/>\nTipo de material: Plum\u00f3n de pato<br \/>\nInformaci\u00f3n sobre el material: Contiene partes no textiles de origen animal<br \/>\nPropiedades del material: transpirable, impermeable, aislante, ultraligero, cortaviento<br \/>\nPotencia volum\u00e9trica: 700 cuin<br \/>\nProporci\u00f3n de la mezcla: 90\/10 (plum\u00f3n y plumas)<br \/>\nSostenibilidad: contiene material reciclado<br \/>\nCierre: cremallera frontal completa<br \/>\nCapucha: ajustable<br \/>\nBolsillos: 2 bolsillos laterales con cremallera<br \/>\nAjuste: Normal<br \/>\nExtras: pu\u00f1os el\u00e1sticos, cintura el\u00e1stica<\/p>","protected":false},"excerpt":{"rendered":"<h3>Artikelmerkmale<\/h3>\n<p>Estado del art\u00edculo: Nuevo con etiqueta: Art\u00edculo nuevo, sin usar y sin estrenar, en su embalaje original.<br \/>\nAbteilung: Damen<br \/>\nAkzente: Logo<br \/>\nAnlass: Freizeit, Reise<br \/>\nAu\u00dfenmaterial: Polyamid<br \/>\nBesonderheiten: Gesteppt<br \/>\nCharakter: ohne<br \/>\nEAN: 7333269023538<br \/>\nColor: Azul<br \/>\nFuttermaterial: Daune<br \/>\nGewebeart: Mischgewebe<br \/>\nTalla: L<br \/>\nGr\u00f6\u00dfenkategorie: Normalgr\u00f6\u00dfe<br \/>\nIsoliermaterial: Daunen<br \/>\nJacken-\/Mantell\u00e4nge: Kurz<br \/>\nJahreszeit: Fr\u00fchling, Herbst, Winter<br \/>\nMarke: Peak Performance<br \/>\nModell: Helium<br \/>\nMuster: Ohne Muster<br \/>\nTipo de producto: Chaqueta<br \/>\nStil: Daunenjacke<br \/>\nThema: Outdoor<br \/>\nCierre: cremallera<br \/>\nVintage: Nein<\/p>","protected":false},"featured_media":77589,"comment_status":"open","ping_status":"closed","template":"","meta":{"_seopress_robots_primary_cat":"","_seopress_titles_title":"","_seopress_titles_desc":"","_seopress_robots_index":""},"product_brand":[],"product_cat":[1348,1354,1375,1376],"product_tag":[],"class_list":{"0":"post-77448","1":"product","2":"type-product","3":"status-publish","4":"has-post-thumbnail","6":"product_cat-damen-mode","7":"product_cat-jacken-maentel","8":"product_cat-winterjacken","9":"product_cat-daunenjacken-steppjacken","10":"product_shipping_class-standard-versand","12":"first","13":"instock","14":"sale","15":"taxable","16":"shipping-taxable","17":"purchasable","18":"product-type-simple"},"_links":{"self":[{"href":"https:\/\/www.soanam.de\/es\/wp-json\/wp\/v2\/product\/77448","targetHints":{"allow":["GET"]}}],"collection":[{"href":"https:\/\/www.soanam.de\/es\/wp-json\/wp\/v2\/product"}],"about":[{"href":"https:\/\/www.soanam.de\/es\/wp-json\/wp\/v2\/types\/product"}],"replies":[{"embeddable":true,"href":"https:\/\/www.soanam.de\/es\/wp-json\/wp\/v2\/comments?post=77448"}],"wp:featuredmedia":[{"embeddable":true,"href":"https:\/\/www.soanam.de\/es\/wp-json\/wp\/v2\/media\/77589"}],"wp:attachment":[{"href":"https:\/\/www.soanam.de\/es\/wp-json\/wp\/v2\/media?parent=77448"}],"wp:term":[{"taxonomy":"product_brand","embeddable":true,"href":"https:\/\/www.soanam.de\/es\/wp-json\/wp\/v2\/product_brand?post=77448"},{"taxonomy":"product_cat","embeddable":true,"href":"https:\/\/www.soanam.de\/es\/wp-json\/wp\/v2\/product_cat?post=77448"},{"taxonomy":"product_tag","embeddable":true,"href":"https:\/\/www.soanam.de\/es\/wp-json\/wp\/v2\/product_tag?post=77448"}],"curies":[{"name":"wp","href":"https:\/\/api.w.org\/{rel}","templated":true}]}}