{"id":77422,"date":"2023-12-13T20:51:53","date_gmt":"2023-12-13T19:51:53","guid":{"rendered":"https:\/\/www.soanam.de\/?post_type=product&#038;p=77422"},"modified":"2023-12-13T20:55:53","modified_gmt":"2023-12-13T19:55:53","slug":"carrete-shimano-spinning-19-stradic-c3000xg","status":"publish","type":"product","link":"https:\/\/www.soanam.de\/es\/produkt\/shimano-spinning-reel-19-stradic-c3000xg\/","title":{"rendered":"Carrete SHIMANO 19 Stradic C3000XG"},"content":{"rendered":"<h3>Descripci\u00f3n de la<\/h3>\n<p><strong>detalles<\/strong><br \/>\nRelaci\u00f3n de transmisi\u00f3n: 6,4<br \/>\nFuerza de tracci\u00f3n pr\u00e1ctica: 3,5 kg<br \/>\nFuerza m\u00e1xima de tracci\u00f3n: 9,0 kg<br \/>\nPeso propio: 225 g<br \/>\nDimensiones de la bobina (di\u00e1metro mm \/ carrera mm): 47\/17<br \/>\nCantidad de bobinas de nylon: (lb-m): 2,5- 180, 3 -150, 4-100<br \/>\nCantidad de bobinado fluorado (lb-m): 2,5-160, 3-130, 4-100<br \/>\nCantidad de bobinas de PE (n\u00ba-m): 1-400, 1,5-270, 2-200<br \/>\nLongitud m\u00e1xima de enrollado : 94cm \/ una vuelta de manivela<br \/>\nLongitud del mango: 55 mm<br \/>\nN\u00famero de rodamientos: 6\/1<\/p>\n<p>Las caracter\u00edsticas b\u00e1sicas de los carretes \"bobinado\", \"durabilidad\" y \"vuelo\" han evolucionado.<br \/>\nEs el modelo de elevaci\u00f3n m\u00e1s r\u00e1pido de la serie C3000, con caja de cambios micromodular y accionamiento silencioso.<br \/>\nAdem\u00e1s, el nuevo equipamiento HAGANE que sigue el modelo superior y el mecanismo impermeable X-Protection la hacen a\u00fan m\u00e1s resistente y duradera que el modelo anterior.<br \/>\nAdem\u00e1s, se mejora el rendimiento de lanzamiento al utilizar el primer carrete de carrera larga de la misma clase.<br \/>\nPermite alcanzar puntos que el se\u00f1uelo nunca hab\u00eda alcanzado.<br \/>\nAunque la bobina es compacta, tiene una velocidad de bobinado de 94 cm.<br \/>\nEste modelo es ideal para la pesca que requiere arrastre a gran velocidad y para la pesca de grandes peces marinos.<\/p>","protected":false},"excerpt":{"rendered":"<h3>Artikelmerkmale<\/h3>\n<p>Estado del art\u00edculo: Nuevo con etiqueta: Art\u00edculo nuevo, sin usar y sin estrenar, en su embalaje original.<\/p>\n<p>Abteilung: Unisex<br \/>\nAngelart: Salzwasserangeln<br \/>\nEAN: 4969363040206<br \/>\nFischart: Alle Salzwasserfische<br \/>\nGeflochtene Schnurkapazit\u00e4t: siehe Artikelbeschreibung<br \/>\nH\u00e4ndigkeit: Beide<br \/>\nKugellager: 6<br \/>\nMarke: Shimano<br \/>\nMaterial: Aluminium<br \/>\nMaximaler Widerstand: 9 kg<br \/>\nModell: Stradic<br \/>\nRollengr\u00f6\u00dfe: 3000<br \/>\nRollentyp: Spinningrolle<br \/>\nSchnureinzug: 94 cm<br \/>\nSchnurkapazit\u00e4t: siehe Artikelbeschreibung<br \/>\nSpulenbremse-Typ: ohne Angabe<br \/>\n\u00dcbersetzung: 6,4:1<\/p>","protected":false},"featured_media":77568,"comment_status":"open","ping_status":"closed","template":"","meta":{"_seopress_robots_primary_cat":"","_seopress_titles_title":"","_seopress_titles_desc":"","_seopress_robots_index":""},"product_brand":[],"product_cat":[1730],"product_tag":[],"class_list":{"0":"post-77422","1":"product","2":"type-product","3":"status-publish","4":"has-post-thumbnail","6":"product_cat-sonstiges-2","7":"product_shipping_class-standard-versand","9":"first","10":"instock","11":"sale","12":"taxable","13":"shipping-taxable","14":"purchasable","15":"product-type-simple"},"_links":{"self":[{"href":"https:\/\/www.soanam.de\/es\/wp-json\/wp\/v2\/product\/77422","targetHints":{"allow":["GET"]}}],"collection":[{"href":"https:\/\/www.soanam.de\/es\/wp-json\/wp\/v2\/product"}],"about":[{"href":"https:\/\/www.soanam.de\/es\/wp-json\/wp\/v2\/types\/product"}],"replies":[{"embeddable":true,"href":"https:\/\/www.soanam.de\/es\/wp-json\/wp\/v2\/comments?post=77422"}],"wp:featuredmedia":[{"embeddable":true,"href":"https:\/\/www.soanam.de\/es\/wp-json\/wp\/v2\/media\/77568"}],"wp:attachment":[{"href":"https:\/\/www.soanam.de\/es\/wp-json\/wp\/v2\/media?parent=77422"}],"wp:term":[{"taxonomy":"product_brand","embeddable":true,"href":"https:\/\/www.soanam.de\/es\/wp-json\/wp\/v2\/product_brand?post=77422"},{"taxonomy":"product_cat","embeddable":true,"href":"https:\/\/www.soanam.de\/es\/wp-json\/wp\/v2\/product_cat?post=77422"},{"taxonomy":"product_tag","embeddable":true,"href":"https:\/\/www.soanam.de\/es\/wp-json\/wp\/v2\/product_tag?post=77422"}],"curies":[{"name":"wp","href":"https:\/\/api.w.org\/{rel}","templated":true}]}}