{"id":77395,"date":"2023-12-13T20:50:22","date_gmt":"2023-12-13T19:50:22","guid":{"rendered":"https:\/\/www.soanam.de\/?post_type=product&#038;p=77395"},"modified":"2023-12-13T20:55:30","modified_gmt":"2023-12-13T19:55:30","slug":"vaqueros-slim-fit-aniston-casual-en-blanco-talla-36","status":"publish","type":"product","link":"https:\/\/www.soanam.de\/es\/produkt\/aniston-casual-slim-fit-jeans-in-weiss-groesse-36\/","title":{"rendered":"Vaqueros slim fit Aniston CASUAL, en blanco, talla 36"},"content":{"rendered":"<p>Vaqueros slim-fit, cintura regular<br \/>\n5-Pocket-Style - mit Ges\u00e4\u00df-, Eingriffs- und M\u00fcnztaschen<br \/>\nCon accesorios plateados<br \/>\nC\u00f3modo tejido el\u00e1stico<\/p>\n<p>Estos vaqueros slim fit de Aniston Casual se ajustan perfectamente y favorecen tu figura. Con su estilo de 5 bolsillos y detalles brillantes, estos vaqueros pitillo c\u00f3modamente el\u00e1sticos tienen un look denim cl\u00e1sico.<br \/>\nUnos vaqueros b\u00e1sicos muy populares para todos los d\u00edas.<\/p>\n<p>Material: 98% algod\u00f3n, 2% elastano<br \/>\nInstrucciones de cuidado: Lavable a m\u00e1quina a 40<\/p>\n<p>Color: blanco<br \/>\nTalla: EUR 36<\/p>\n<p>Cintura: 71 cm<br \/>\nPer\u00edmetro de la cadera: 86 cm<br \/>\nLongitud del pelda\u00f1o:80cm<br \/>\nLongitud total: 106 cm<\/p>","protected":false},"excerpt":{"rendered":"<table class=\"dv_characteristicsTable\">\n<tbody>\n<tr>\n<td class=\"left\">Talla<\/td>\n<td>36<\/td>\n<\/tr>\n<tr>\n<td class=\"left\">Gr\u00f6\u00dfentyp<\/td>\n<td>Normalgr\u00f6\u00dfen<\/td>\n<\/tr>\n<tr>\n<td class=\"left\">Composici\u00f3n del material<\/td>\n<td>Obermaterial: 98% Baumwolle, 2% Elasthan<\/td>\n<\/tr>\n<tr>\n<td class=\"left\">Materialart<\/td>\n<td>Denim, Web<\/td>\n<\/tr>\n<tr>\n<td class=\"left\">Instrucciones de cuidado<\/td>\n<td>Lavado a m\u00e1quina<\/td>\n<\/tr>\n<tr>\n<td class=\"left\">Optik<\/td>\n<td>unifarben<\/td>\n<\/tr>\n<tr>\n<td class=\"left\">Stil<\/td>\n<td>casual<\/td>\n<\/tr>\n<tr>\n<td class=\"left\">Waschung<\/td>\n<td>washed<\/td>\n<\/tr>\n<tr>\n<td class=\"left\">Color<\/td>\n<td>wei\u00df<\/td>\n<\/tr>\n<tr>\n<td class=\"left\">Leibh\u00f6he<\/td>\n<td>normal<\/td>\n<\/tr>\n<tr>\n<td class=\"left\">Beinform<\/td>\n<td>schmal<\/td>\n<\/tr>\n<tr>\n<td class=\"left\">Ajuste<\/td>\n<td>figurbetont<\/td>\n<\/tr>\n<tr>\n<td class=\"left\">Schnittform L\u00e4nge<\/td>\n<td>lang<\/td>\n<\/tr>\n<tr>\n<td class=\"left\">Trabillas<\/td>\n<td>ja<\/td>\n<\/tr>\n<tr>\n<td class=\"left\">Bolsas<\/td>\n<td>Eingrifftaschen, M\u00fcnztasche, Ges\u00e4\u00dftaschen<\/td>\n<\/tr>\n<tr>\n<td class=\"left\">Verschluss<\/td>\n<td>Knopf, Rei\u00dfverschluss<\/td>\n<\/tr>\n<tr>\n<td class=\"left\">Besondere Merkmale<\/td>\n<td>regular waist<\/td>\n<\/tr>\n<\/tbody>\n<\/table>","protected":false},"featured_media":77551,"comment_status":"open","ping_status":"closed","template":"","meta":{"_seopress_robots_primary_cat":"","_seopress_titles_title":"","_seopress_titles_desc":"","_seopress_robots_index":""},"product_brand":[],"product_cat":[1348,1349,1350],"product_tag":[],"class_list":{"0":"post-77395","1":"product","2":"type-product","3":"status-publish","4":"has-post-thumbnail","6":"product_cat-damen-mode","7":"product_cat-hosen-damen-mode","8":"product_cat-jeans-hosen-damen-mode","9":"product_shipping_class-standard-versand","11":"first","12":"instock","13":"sale","14":"taxable","15":"shipping-taxable","16":"purchasable","17":"product-type-simple"},"_links":{"self":[{"href":"https:\/\/www.soanam.de\/es\/wp-json\/wp\/v2\/product\/77395","targetHints":{"allow":["GET"]}}],"collection":[{"href":"https:\/\/www.soanam.de\/es\/wp-json\/wp\/v2\/product"}],"about":[{"href":"https:\/\/www.soanam.de\/es\/wp-json\/wp\/v2\/types\/product"}],"replies":[{"embeddable":true,"href":"https:\/\/www.soanam.de\/es\/wp-json\/wp\/v2\/comments?post=77395"}],"wp:featuredmedia":[{"embeddable":true,"href":"https:\/\/www.soanam.de\/es\/wp-json\/wp\/v2\/media\/77551"}],"wp:attachment":[{"href":"https:\/\/www.soanam.de\/es\/wp-json\/wp\/v2\/media?parent=77395"}],"wp:term":[{"taxonomy":"product_brand","embeddable":true,"href":"https:\/\/www.soanam.de\/es\/wp-json\/wp\/v2\/product_brand?post=77395"},{"taxonomy":"product_cat","embeddable":true,"href":"https:\/\/www.soanam.de\/es\/wp-json\/wp\/v2\/product_cat?post=77395"},{"taxonomy":"product_tag","embeddable":true,"href":"https:\/\/www.soanam.de\/es\/wp-json\/wp\/v2\/product_tag?post=77395"}],"curies":[{"name":"wp","href":"https:\/\/api.w.org\/{rel}","templated":true}]}}