{"id":77393,"date":"2023-12-13T20:50:22","date_gmt":"2023-12-13T19:50:22","guid":{"rendered":"https:\/\/www.soanam.de\/?post_type=product&#038;p=77393"},"modified":"2023-12-13T20:55:19","modified_gmt":"2023-12-13T19:55:19","slug":"pranamat-eco-therapeutisches-massage-set-pranamat-massage-matte-pranamat-massage-kissen","status":"publish","type":"product","link":"https:\/\/www.soanam.de\/es\/produkt\/pranamat-eco-therapeutisches-massage-set-pranamat-massage-matte-pranamat-massage-kissen\/","title":{"rendered":"Set de masaje terap\u00e9utico Pranamat Eco (esterilla de masaje Pranamat + coj\u00edn de masaje Pranamat)"},"content":{"rendered":"<h3>Descripci\u00f3n de la<\/h3>\n<p><strong>Talla<\/strong><br \/>\nPranamat ECO Matte: 73 x 45 cm<br \/>\nPranamat ECO Kissen: 34 x 45 cm<\/p>\n<p><strong>Color:<\/strong> Natural \/ Lavender<\/p>\n<p><strong>Material<\/strong><br \/>\nBezug: 100% nat\u00fcrliche Leinen<br \/>\nLotus-Blume Massage-Elemente: HIPS-Kunststoff zertifiziert f\u00fcr den Einsatz in chirurgischen Ger\u00e4ten<br \/>\nKissenf\u00fcller: 100% nat\u00fcrliche Buchweizenh\u00fclsen<br \/>\nMatte: 221 Lotusblumen-Massage-Elemente mit je 25 Bl\u00fctenbl\u00e4ttern<br \/>\nKissen: 95 Lotusblumen-Massage-Elemente mit je 25 Bl\u00fctenbl\u00e4ttern<br \/>\nMatteninhalt: 100% nat\u00fcrliche Kokosfaser<\/p>\n<p><strong>Informaci\u00f3n sobre este art\u00edculo<\/strong><br \/>\nAus 100% biologischen und umweltfreundlichen Materialien hergestellt<br \/>\nBesonders langlebig: 5 Jahre Garantie bei der Standard Pranamat ECO &amp; 30 Tage Geld-zur\u00fcck-Garantie<br \/>\nLindert leichte Muskelschmerzen und Verspannungen<br \/>\nDie erste therapeutische Massagematte, die von der US-amerikanischen FDA als medizinisches Ger\u00e4t zertifiziert wurde<br \/>\nDas Massage-Set ist immer in der N\u00e4he und kann jederzeit verwendet werden, wenn Sie Schmerzen und Verspannungen versp\u00fcren oder einen schnellen Energieschub ben\u00f6tigen.<\/p>\n<p><strong>Allgemeine Angaben<\/strong><br \/>\nKann leichte Muskelverspannungen l\u00f6sen.<\/p>\n<p><strong>Warnhinweise<\/strong><br \/>\nPranamat ECO darf in den folgenden F\u00e4llen nicht angewendet werden: Epilepsie, Hauterkrankungen, Fieber oder akute Erkrankungen, Herzerkrankungen, Thrombophlebitis, Gerinnungsst\u00f6rungen oder w\u00e4hrend der Schwangerschaft. Legen Sie sich bei der Verwendung der Matte vorsichtig auf die Matte. Vermeiden Sie das Ziehen, Springen oder schnelles Sitzen auf der Matte, vermeiden Sie Kratzer oder andere kleinere Verletzungen.<\/p>\n<p><strong>Rechtliche Hinweise<\/strong><br \/>\nIndividuelle Ergebnisse k\u00f6nnen variieren. Pranamat ECO ist nicht zur Diagnose, Behandlung, Heilung oder Vorbeugung von Krankheiten gedacht und ersetzt keine \u00e4rztliche Beratung. Ratschl\u00e4ge zur Behandlung oder Pflege eines einzelnen Patienten sollten durch Konsultation mit einem Arzt oder ausgebildeten Heilpraktiker eingeholt werden, der diesen Patienten untersucht hat oder mit der Krankengeschichte dieses Patienten vertraut ist. Vermeiden Sie das Ziehen, Springen oder schnelles Sitzen auf der Matte, vermeiden Sie Kratzer oder andere kleinere Verletzungen. Kinder unter 10 Jahren sollten bei der Verwendung der Pranamat ECO von einem Erwachsenen beaufsichtigt werden. Es sollte nicht von Kindern unter 5 Jahren verwendet werden. Wir empfehlen Ihnen NICHT, Pranamat ECO w\u00e4hrend der Schwangerschaft zu verwenden.<\/p>","protected":false},"excerpt":{"rendered":"<h3>Artikelmerkmale<\/h3>\n<p>Estado del art\u00edculo: Nuevo con etiqueta: Art\u00edculo nuevo, sin usar y sin estrenar, en su embalaje original.<\/p>\n<p>Besonderheiten: gegen Verspannungen<br \/>\nBreite: 45 cm<br \/>\nEAN: nichtzutreffend<br \/>\nFarbe: Lila<br \/>\nGewicht: ohne Angabe<br \/>\nHerstellernummer: ohne Angabe<br \/>\nH\u00f6he: 1cm<br \/>\nL\u00e4nge: 73cm Matte, 34 cm Kissen<br \/>\nMarke: Pranamat<br \/>\nMaterial: Leinen, Kokosfaser, HIPS Kunststoff<br \/>\nProduktart: Massage-Set<\/p>","protected":false},"featured_media":77535,"comment_status":"open","ping_status":"closed","template":"","meta":{"_seopress_robots_primary_cat":"","_seopress_titles_title":"","_seopress_titles_desc":"","_seopress_robots_index":""},"product_brand":[],"product_cat":[1400,1401],"product_tag":[],"class_list":{"0":"post-77393","1":"product","2":"type-product","3":"status-publish","4":"has-post-thumbnail","6":"product_cat-wohnzubehoer","7":"product_cat-haushaltswaren","8":"product_shipping_class-standard-versand","10":"first","11":"instock","12":"sale","13":"taxable","14":"shipping-taxable","15":"purchasable","16":"product-type-simple"},"_links":{"self":[{"href":"https:\/\/www.soanam.de\/es\/wp-json\/wp\/v2\/product\/77393","targetHints":{"allow":["GET"]}}],"collection":[{"href":"https:\/\/www.soanam.de\/es\/wp-json\/wp\/v2\/product"}],"about":[{"href":"https:\/\/www.soanam.de\/es\/wp-json\/wp\/v2\/types\/product"}],"replies":[{"embeddable":true,"href":"https:\/\/www.soanam.de\/es\/wp-json\/wp\/v2\/comments?post=77393"}],"wp:featuredmedia":[{"embeddable":true,"href":"https:\/\/www.soanam.de\/es\/wp-json\/wp\/v2\/media\/77535"}],"wp:attachment":[{"href":"https:\/\/www.soanam.de\/es\/wp-json\/wp\/v2\/media?parent=77393"}],"wp:term":[{"taxonomy":"product_brand","embeddable":true,"href":"https:\/\/www.soanam.de\/es\/wp-json\/wp\/v2\/product_brand?post=77393"},{"taxonomy":"product_cat","embeddable":true,"href":"https:\/\/www.soanam.de\/es\/wp-json\/wp\/v2\/product_cat?post=77393"},{"taxonomy":"product_tag","embeddable":true,"href":"https:\/\/www.soanam.de\/es\/wp-json\/wp\/v2\/product_tag?post=77393"}],"curies":[{"name":"wp","href":"https:\/\/api.w.org\/{rel}","templated":true}]}}