{"id":77338,"date":"2023-12-13T20:48:48","date_gmt":"2023-12-13T19:48:48","guid":{"rendered":"https:\/\/www.soanam.de\/?post_type=product&#038;p=77338"},"modified":"2023-12-13T20:53:29","modified_gmt":"2023-12-13T19:53:29","slug":"logitech-webcam-c920-hd-pro-1080p-full-alta-definicion-con-microfono-stream-skype","status":"publish","type":"product","link":"https:\/\/www.soanam.de\/es\/produkt\/logitech-webcam-c920-hd-pro-1080p-full-high-definition-mit-mikrofon-stream-skype\/","title":{"rendered":"Logitech Webcam C920 HD PRO 1080p de alta definici\u00f3n con micr\u00f3fono Stream Skype"},"content":{"rendered":"<p>Logitech C920 Webcam 1920 x 1080 Pixel USB 2.0 Schwarz - Webcams (1920 x 1080 Pixel, 1080p,720p, H.264, 15 MP, USB 2.0, Schwarz)<\/p>\n<p>Stil: Ohne Privatsph\u00e4ren - Blende<br \/>\nMarca: Logitech<br \/>\nModelo\/serie: C920 HD Pro Webcam<br \/>\nConexiones: USB 2.0<br \/>\nPeso del art\u00edculo: 113 gramos<\/p>\n<p>Resoluci\u00f3n de grabaci\u00f3n de v\u00eddeo: 1080p<br \/>\nTecnolog\u00eda del sensor \u00f3ptico: CCD<br \/>\nTama\u00f1o del sensor \u00f3ptico: 3MP<br \/>\nDistancia focal m\u00e1xima: 1 mil\u00edmetro<\/p>\n<h3>Informaci\u00f3n sobre este art\u00edculo<\/h3>\n<p>C\u00c1MARA WEB FULL HD 1080P: Grabe v\u00edvidos clips de v\u00eddeo en alta definici\u00f3n con una calidad de imagen realista y pura a 30 fotogramas por segundo. Capture hasta el m\u00e1s m\u00ednimo detalle con la avanzada tecnolog\u00eda de compresi\u00f3n H.264. Consigue cargas r\u00e1pidas y fluidas 1099p vedio. La webcam est\u00e1 disponible a trav\u00e9s del puerto USB y no requiere unidad adicional, plug-and-play.<\/p>\n<p>F\u00c1CIL DE INSTALAR: Webcam USB plug-and-play con micr\u00f3fono para PC port\u00e1til y base ajustable, clip apto para tr\u00edpode. Puede adaptarse a variedades como escritorio, suelo, escaleras, valla, jard\u00edn, al aire libre.<\/p>\n<p>MICR\u00d3FONO DE ALTA CLARIDAD: Micr\u00f3fono est\u00e9reo digital incorporado con funci\u00f3n de cancelaci\u00f3n de ruido. Haz que tu comunicaci\u00f3n durante la videollamada sea clara como una conversaci\u00f3n cara a cara. Consigue una videollamada perfecta. Videollamadas, aprendizaje, ense\u00f1anza en l\u00ednea, conferencias, grabaci\u00f3n, juegos y transmisi\u00f3n en vivo son tan f\u00e1ciles de hacer.<\/p>\n<p>AMPLIA COMPATIBILIDAD: La webcam HD es compatible con Windows Mac Chrome OS, Smart TV y Android. La mayor\u00eda de las plataformas de medios sociales son compatibles con Skype, TIK TOK, MSN Messenger, Windows Live Messenger y Yahoo Video Messenger.<\/p>","protected":false},"excerpt":{"rendered":"<h3>Artikelmerkmale<\/h3>\n<p>Artikelzustand: Neuer, unbenutzter und nicht getragener Artikel in der Originalverpackung<\/p>\n<p>Angebotspaket: Nein<br \/>\nBefestigung: Universalhalterung<br \/>\nBesonderheiten: Integriertes Mikrofon, Autofokus<br \/>\nBilder pro Sekunde: 30<br \/>\nBildfrequenz: 30 fps<br \/>\nBreite: 71mm<br \/>\nEAN: 509920606137<br \/>\nColor: Negro<br \/>\nFunktionen: Auto-Belichtung<br \/>\nHerstellergarantie: 2 Jahre<br \/>\nHerstellernummer: 960-001055, 960-000769, 960-000768<br \/>\nHerstellungsland und -region: Deutschland<br \/>\nH\u00f6he: 43mm<br \/>\nKonnektivit\u00e4t: USB 2.0<br \/>\nL\u00e4nge: 94mm<br \/>\nMarca: Logitech<br \/>\nMax. Aufl\u00f6sung (Bild): 1920\u00d71080<br \/>\nMax. Aufl\u00f6sung (Video): 1920 x 1080<br \/>\nMaximale Bildaufl\u00f6sung: 1920 x 1080<br \/>\nMaximale Videoaufl\u00f6sung: 1080p<br \/>\nMikrofon integriert: Ja<br \/>\nModell: HD Pro Webcam C920<br \/>\nVerbindung: USB 2.0<\/p>","protected":false},"featured_media":77475,"comment_status":"open","ping_status":"closed","template":"","meta":{"_seopress_robots_primary_cat":"","_seopress_titles_title":"","_seopress_titles_desc":"","_seopress_robots_index":""},"product_brand":[],"product_cat":[1400,1411],"product_tag":[],"class_list":{"0":"post-77338","1":"product","2":"type-product","3":"status-publish","4":"has-post-thumbnail","6":"product_cat-wohnzubehoer","7":"product_cat-elektrogeraete","8":"product_shipping_class-standard-versand","10":"first","11":"instock","12":"sale","13":"taxable","14":"shipping-taxable","15":"purchasable","16":"product-type-simple"},"_links":{"self":[{"href":"https:\/\/www.soanam.de\/es\/wp-json\/wp\/v2\/product\/77338","targetHints":{"allow":["GET"]}}],"collection":[{"href":"https:\/\/www.soanam.de\/es\/wp-json\/wp\/v2\/product"}],"about":[{"href":"https:\/\/www.soanam.de\/es\/wp-json\/wp\/v2\/types\/product"}],"replies":[{"embeddable":true,"href":"https:\/\/www.soanam.de\/es\/wp-json\/wp\/v2\/comments?post=77338"}],"wp:featuredmedia":[{"embeddable":true,"href":"https:\/\/www.soanam.de\/es\/wp-json\/wp\/v2\/media\/77475"}],"wp:attachment":[{"href":"https:\/\/www.soanam.de\/es\/wp-json\/wp\/v2\/media?parent=77338"}],"wp:term":[{"taxonomy":"product_brand","embeddable":true,"href":"https:\/\/www.soanam.de\/es\/wp-json\/wp\/v2\/product_brand?post=77338"},{"taxonomy":"product_cat","embeddable":true,"href":"https:\/\/www.soanam.de\/es\/wp-json\/wp\/v2\/product_cat?post=77338"},{"taxonomy":"product_tag","embeddable":true,"href":"https:\/\/www.soanam.de\/es\/wp-json\/wp\/v2\/product_tag?post=77338"}],"curies":[{"name":"wp","href":"https:\/\/api.w.org\/{rel}","templated":true}]}}