{"id":77317,"date":"2023-12-13T20:47:59","date_gmt":"2023-12-13T19:47:59","guid":{"rendered":"https:\/\/www.soanam.de\/?post_type=product&#038;p=77317"},"modified":"2023-12-13T20:52:46","modified_gmt":"2023-12-13T19:52:46","slug":"only-skinny-fit-jeans-onlshape-life-reg-sk-dnm-in-special-blue-grey-denim-w29xl30","status":"publish","type":"product","link":"https:\/\/www.soanam.de\/es\/produkt\/only-skinny-fit-jeans-onlshape-life-reg-sk-dnm-in-special-blue-grey-denim-w29xl30\/","title":{"rendered":"Vaqueros pitillo Only ONLSHAPE LIFE REG SK DNM, en Denim Gris Azulado Especial, W29xL30"},"content":{"rendered":"<p>Vaqueros el\u00e1sticos ajustados de ONLY<br \/>\n5 bolsillos<br \/>\nCon efecto \u00f3ptico de forma gracias a una costura especial<br \/>\nTejido vaquero suave con alto contenido el\u00e1stico<\/p>\n<p>Gracias a la forma estrecha de la pierna, los vaqueros el\u00e1sticos se ajustan muy bien a la figura.<br \/>\nEl material de los vaqueros para mujer es el\u00e1stico, lo que los hace muy c\u00f3modos.<br \/>\nLa mezcla de algod\u00f3n hace que el vaquero sea resistente.<\/p>\n<p>Material: 92% algod\u00f3n, 6% poli\u00e9ster, 2% elastano<br \/>\nInstrucciones de cuidado: Lavable a m\u00e1quina a 30<\/p>\n<p>Color: azul especial gris vaquero<br \/>\nTama\u00f1o: W29 L30<\/p>\n<p>Cintura: 69 cm<br \/>\nPer\u00edmetro de la cadera: 82 cm<br \/>\nLongitud del pelda\u00f1o:72cm<br \/>\nLongitud total: 96 cm<\/p>","protected":false},"excerpt":{"rendered":"<table class=\"dv_characteristicsTable\">\n<tbody>\n<tr>\n<td class=\"left\">Talla<\/td>\n<td>29<\/td>\n<\/tr>\n<tr>\n<td class=\"left\">Hosenl\u00e4nge<\/td>\n<td>30<\/td>\n<\/tr>\n<tr>\n<td class=\"left\">Composici\u00f3n del material<\/td>\n<td>Obermaterial: 92% Baumwolle, 6% Polyester, 2% Elasthan<\/td>\n<\/tr>\n<tr>\n<td class=\"left\">Materialart<\/td>\n<td>Vaqueros<\/td>\n<\/tr>\n<tr>\n<td class=\"left\">Materialeigenschaften<\/td>\n<td>Stretch<\/td>\n<\/tr>\n<tr>\n<td class=\"left\">Instrucciones de cuidado<\/td>\n<td>Lavado a m\u00e1quina<\/td>\n<\/tr>\n<tr>\n<td class=\"left\">Stil<\/td>\n<td>Basic<\/td>\n<\/tr>\n<tr>\n<td class=\"left\">Herstellerfarbbezeichnung<\/td>\n<td>especial azul gris vaquero<\/td>\n<\/tr>\n<tr>\n<td class=\"left\">Color<\/td>\n<td>blau grau<\/td>\n<\/tr>\n<tr>\n<td class=\"left\">Leibh\u00f6he<\/td>\n<td>normal<\/td>\n<\/tr>\n<tr>\n<td class=\"left\">Beinform<\/td>\n<td>extra-eng<\/td>\n<\/tr>\n<tr>\n<td class=\"left\">Herstellerpassform<\/td>\n<td>skinny fit, regular waist<\/td>\n<\/tr>\n<tr>\n<td class=\"left\">Trabillas<\/td>\n<td>ja<\/td>\n<\/tr>\n<tr>\n<td class=\"left\">Bolsas<\/td>\n<td>Eingrifftaschen, M\u00fcnztasche, Ges\u00e4\u00dftaschen<\/td>\n<\/tr>\n<tr>\n<td class=\"left\">Verschluss<\/td>\n<td>Knopf, Rei\u00dfverschluss<\/td>\n<\/tr>\n<\/tbody>\n<\/table>","protected":false},"featured_media":77459,"comment_status":"open","ping_status":"closed","template":"","meta":{"_seopress_robots_primary_cat":"","_seopress_titles_title":"","_seopress_titles_desc":"","_seopress_robots_index":""},"product_brand":[],"product_cat":[1348,1349,1350],"product_tag":[],"class_list":{"0":"post-77317","1":"product","2":"type-product","3":"status-publish","4":"has-post-thumbnail","6":"product_cat-damen-mode","7":"product_cat-hosen-damen-mode","8":"product_cat-jeans-hosen-damen-mode","9":"product_shipping_class-standard-versand","11":"first","12":"instock","13":"taxable","14":"shipping-taxable","15":"purchasable","16":"product-type-simple"},"_links":{"self":[{"href":"https:\/\/www.soanam.de\/es\/wp-json\/wp\/v2\/product\/77317","targetHints":{"allow":["GET"]}}],"collection":[{"href":"https:\/\/www.soanam.de\/es\/wp-json\/wp\/v2\/product"}],"about":[{"href":"https:\/\/www.soanam.de\/es\/wp-json\/wp\/v2\/types\/product"}],"replies":[{"embeddable":true,"href":"https:\/\/www.soanam.de\/es\/wp-json\/wp\/v2\/comments?post=77317"}],"wp:featuredmedia":[{"embeddable":true,"href":"https:\/\/www.soanam.de\/es\/wp-json\/wp\/v2\/media\/77459"}],"wp:attachment":[{"href":"https:\/\/www.soanam.de\/es\/wp-json\/wp\/v2\/media?parent=77317"}],"wp:term":[{"taxonomy":"product_brand","embeddable":true,"href":"https:\/\/www.soanam.de\/es\/wp-json\/wp\/v2\/product_brand?post=77317"},{"taxonomy":"product_cat","embeddable":true,"href":"https:\/\/www.soanam.de\/es\/wp-json\/wp\/v2\/product_cat?post=77317"},{"taxonomy":"product_tag","embeddable":true,"href":"https:\/\/www.soanam.de\/es\/wp-json\/wp\/v2\/product_tag?post=77317"}],"curies":[{"name":"wp","href":"https:\/\/api.w.org\/{rel}","templated":true}]}}