{"id":77277,"date":"2023-12-13T20:46:47","date_gmt":"2023-12-13T19:46:47","guid":{"rendered":"https:\/\/www.soanam.de\/?post_type=product&#038;p=77277"},"modified":"2023-12-13T20:51:29","modified_gmt":"2023-12-13T19:51:29","slug":"nike-x-matthew-m-williams-3-en-1-top-para-mujer-en-negro-talla-s","status":"publish","type":"product","link":"https:\/\/www.soanam.de\/es\/produkt\/nike-x-matthew-m-williams-3-in-1-oberteil-fuer-damen-in-schwarz-groesse-s\/","title":{"rendered":"Top 3 en 1 Nike x Matthew M. Williams para mujer, en negro, talla S"},"content":{"rendered":"<h3>Descripci\u00f3n de la<\/h3>\n<p>El vers\u00e1til dise\u00f1o 3 en 1 puede llevarse como chaleco o como sujetador.<br \/>\nEl material que absorbe el sudor garantiza la comodidad en temperaturas m\u00e1s c\u00e1lidas, mientras que la malla en zonas clave garantiza una ventilaci\u00f3n \u00f3ptima.<br \/>\nEs el siguiente paso en la formaci\u00f3n, desarrollada para el deporte, la cultura y el esp\u00edritu.<\/p>\n<h3>Espacio de almacenamiento<\/h3>\n<p>La capa superior se desarroll\u00f3 como un equipo de pecho para mayor espacio de almacenamiento y comodidad. El forro de Gore-Tex repele el agua y te mantiene seco y c\u00f3modo durante el entrenamiento. Las correas ajustables con cierres r\u00e1pidos facilitan su colocaci\u00f3n y garantizan un ajuste personalizado.<\/p>\n<h3>Se transforma en chaleco<\/h3>\n<p>Qu\u00edtale la pechera para descubrir un chaleco. Presenta un material de punto lenticular que aporta brillo y un tacto flexible. Los elementos de elastano de la prenda garantizan una libertad de movimiento sin restricciones.<\/p>\n<h3>Opciones de transporte personalizadas<\/h3>\n<p>El chaleco se puede quitar con una cremallera, dej\u00e1ndole un sujetador para un ajuste fresco y c\u00f3modo.<\/p>\n<h3>M\u00e1s ventajas<\/h3>\n<p>El bolsillo frontal de la capa superior ofrece un espacio de almacenamiento seguro para tus objetos esenciales.<br \/>\nLa tecnolog\u00eda Dri-FIT garantiza un confort seco.<br \/>\nUtilizando estudios de mapeo corporal, hemos colocado malla en el centro de la espalda para garantizar una transpirabilidad \u00f3ptima.<\/p>\n<h3>Informaci\u00f3n sobre el producto<\/h3>\n<p>Cuerpo: 82 % nailon\/18 % elast\u00e1n;<br \/>\nAnverso: 100 poli\u00e9ster %.<br \/>\nInserci\u00f3n en el centro de la espalda: 87 % poli\u00e9ster\/13 % elast\u00e1n;<br \/>\nMalla en el centro de la espalda: 81 % nailon\/19 % elast\u00e1n;<br \/>\nCuerpo chaleco: 89 % poli\u00e9ster\/11 % elast\u00e1n<br \/>\nLavado a m\u00e1quina<br \/>\nImportado<\/p>\n<h3>Talla y ajuste<\/h3>\n<p>La modelo lleva la talla S y mide 178 cm.<br \/>\nCorte est\u00e1ndar para una sensaci\u00f3n relajada y sencilla<\/p>","protected":false},"excerpt":{"rendered":"<h3>Artikelmerkmale<\/h3>\n<p>Estado del art\u00edculo: Nuevo con etiqueta: Art\u00edculo nuevo, sin usar y sin estrenar, en su embalaje original.<\/p>\n<p>Abteilung: Damen<br \/>\nAktivit\u00e4t: Fitnessstudio &amp; Training<br \/>\nAnlass: Sport<br \/>\n\u00c4rmell\u00e4nge: \u00c4rmellos<br \/>\nAusschnitt: Runder Ausschnitt<br \/>\nBesonderheiten: Atmungsaktiv, Individuelle Tragem\u00f6glichkeiten, Schwei\u00dfableitend<br \/>\nCharakter: ohne<br \/>\nEAN: 194272898233<br \/>\nColor: Negro<br \/>\nTalla: S<br \/>\nGr\u00f6\u00dfenkategorie: Normalgr\u00f6\u00dfe<br \/>\nMarca: Nike<br \/>\nMaterial: 82 % Nylon\/18 % Elastan<br \/>\nMuster: Ohne Muster<br \/>\nPassform: Athletisch<br \/>\nProduktart: 3-in-1-Oberteil<br \/>\nStil: Bauchfrei<br \/>\nVintage: Nein<\/p>","protected":false},"featured_media":77413,"comment_status":"open","ping_status":"closed","template":"","meta":{"_seopress_robots_primary_cat":"","_seopress_titles_title":"","_seopress_titles_desc":"","_seopress_robots_index":""},"product_brand":[],"product_cat":[1348,1402,1403,1404],"product_tag":[],"class_list":{"0":"post-77277","1":"product","2":"type-product","3":"status-publish","4":"has-post-thumbnail","6":"product_cat-damen-mode","7":"product_cat-sportbekleidung-damen-mode","8":"product_cat-shirts","9":"product_cat-tops","10":"product_shipping_class-standard-versand","12":"first","13":"instock","14":"sale","15":"taxable","16":"shipping-taxable","17":"purchasable","18":"product-type-simple"},"_links":{"self":[{"href":"https:\/\/www.soanam.de\/es\/wp-json\/wp\/v2\/product\/77277","targetHints":{"allow":["GET"]}}],"collection":[{"href":"https:\/\/www.soanam.de\/es\/wp-json\/wp\/v2\/product"}],"about":[{"href":"https:\/\/www.soanam.de\/es\/wp-json\/wp\/v2\/types\/product"}],"replies":[{"embeddable":true,"href":"https:\/\/www.soanam.de\/es\/wp-json\/wp\/v2\/comments?post=77277"}],"wp:featuredmedia":[{"embeddable":true,"href":"https:\/\/www.soanam.de\/es\/wp-json\/wp\/v2\/media\/77413"}],"wp:attachment":[{"href":"https:\/\/www.soanam.de\/es\/wp-json\/wp\/v2\/media?parent=77277"}],"wp:term":[{"taxonomy":"product_brand","embeddable":true,"href":"https:\/\/www.soanam.de\/es\/wp-json\/wp\/v2\/product_brand?post=77277"},{"taxonomy":"product_cat","embeddable":true,"href":"https:\/\/www.soanam.de\/es\/wp-json\/wp\/v2\/product_cat?post=77277"},{"taxonomy":"product_tag","embeddable":true,"href":"https:\/\/www.soanam.de\/es\/wp-json\/wp\/v2\/product_tag?post=77277"}],"curies":[{"name":"wp","href":"https:\/\/api.w.org\/{rel}","templated":true}]}}