{"id":77262,"date":"2023-12-13T20:46:20","date_gmt":"2023-12-13T19:46:20","guid":{"rendered":"https:\/\/www.soanam.de\/?post_type=product&#038;p=77262"},"modified":"2023-12-13T20:50:19","modified_gmt":"2023-12-13T19:50:19","slug":"didriksons-kenny-usx-parka-2-men-wasserdichter-parka-mit-innenfutter","status":"publish","type":"product","link":"https:\/\/www.soanam.de\/es\/produkt\/didriksons-kenny-usx-parka-2-men-wasserdichter-parka-mit-innenfutter\/","title":{"rendered":"Didriksons Kenny USX Parka 2 Men - Parka impermeable con forro interior"},"content":{"rendered":"<h3>Descripci\u00f3n de la<\/h3>\n<p>Wasserdichter ergonomisch geschnittener Outdoor Parka mit leichtem Innenfutter in schwarz - Gr. S<\/p>\n<p>Kenny, una parka de hombre fina y forrada en un modelo m\u00e1s largo con un dise\u00f1o limpio y dos discretos bolsillos delanteros. La parka es impermeable y cortavientos con costuras selladas, perfecta para los d\u00edas m\u00e1s fr\u00edos de oto\u00f1o.<\/p>\n<p>La parka est\u00e1 confeccionada en un suave tejido de poli\u00e9ster y cuenta con un cord\u00f3n de ajuste en el exterior de la capucha como bonito detalle. Los pu\u00f1os y la capucha pueden ajustarse a voluntad. La parka tiene una cremallera bidireccional en la parte delantera y un cuello alto y c\u00f3modo que protege del viento fr\u00edo, as\u00ed como una capucha fija. Acabado repelente al agua sin PFC.<\/p>\n<ul>\n<li>100 g \/ m\u00b2 Tapicer\u00eda principal<\/li>\n<li>Cremallera frontal de 2 v\u00edas<\/li>\n<li>Transpirable<\/li>\n<li>Transpirabilidad: (5) 5000 g \/ m\u00b2 \/ 24 h, NORMA ASTM E-96 BW<\/li>\n<li>Percha en la parte posterior<\/li>\n<li>Drylevel DRY-10, todas las costuras selladas<\/li>\n<li>Pu\u00f1os ajustables<\/li>\n<li>Capucha ajustable<\/li>\n<li>Corte ergon\u00f3mico<\/li>\n<li>Capota fija<\/li>\n<li>Forro: 100% poli\u00e9ster (malla \/ tafet\u00e1n)<\/li>\n<li>Bolsillo oculto moldeado<\/li>\n<li>Pu\u00f1os el\u00e1sticos en el interior<\/li>\n<li>Mentonera<\/li>\n<li>Forro interior ligero<\/li>\n<li>Material: poli\u00e9ster 100% (tejido de poli\u00e9ster, laminado, acabado ECO DWR)<\/li>\n<li>Medios preparados<\/li>\n<li>Varios bolsillos interiores<\/li>\n<li>Bolsa Napole\u00f3n<\/li>\n<li>Cremallera con solapa en la parte delantera<\/li>\n<li>Longitud de la espalda: 101 cm<\/li>\n<li>Nivel de calidez: 13 (forro interior ligero)<\/li>\n<li>Impermeable (todas las costuras acolchadas)<\/li>\n<li>Columna de agua: 10.000 mm<\/li>\n<li>Cortaviento y transpirable<\/li>\n<\/ul>","protected":false},"excerpt":{"rendered":"<h3>Artikelmerkmale<\/h3>\n<p>Estado del art\u00edculo: Nuevo con etiqueta: Art\u00edculo nuevo, sin usar y sin estrenar, en su embalaje original.<\/p>\n<p>Angebotspaket: Nein<br \/>\nEAN: 7332627781394<br \/>\nColor: Negro<br \/>\nTalla: S<br \/>\nHerstellungsland und -region: Schweden<br \/>\nMarke: DIDRIKSONS 1913<br \/>\nMaterial: Poli\u00e9ster<br \/>\nModell: Kenny<br \/>\nModifizierter Artikel: Nein<br \/>\nPartes de origen animal: No<\/p>","protected":false},"featured_media":77387,"comment_status":"open","ping_status":"closed","template":"","meta":{"_seopress_robots_primary_cat":"","_seopress_titles_title":"","_seopress_titles_desc":"","_seopress_robots_index":""},"product_brand":[],"product_cat":[1345,1363,1389],"product_tag":[],"class_list":{"0":"post-77262","1":"product","2":"type-product","3":"status-publish","4":"has-post-thumbnail","6":"product_cat-herrenmode","7":"product_cat-jacken-maentel-herrenmode","8":"product_cat-parkas","9":"product_shipping_class-standard-versand","11":"first","12":"instock","13":"sale","14":"taxable","15":"shipping-taxable","16":"purchasable","17":"product-type-simple"},"_links":{"self":[{"href":"https:\/\/www.soanam.de\/es\/wp-json\/wp\/v2\/product\/77262","targetHints":{"allow":["GET"]}}],"collection":[{"href":"https:\/\/www.soanam.de\/es\/wp-json\/wp\/v2\/product"}],"about":[{"href":"https:\/\/www.soanam.de\/es\/wp-json\/wp\/v2\/types\/product"}],"replies":[{"embeddable":true,"href":"https:\/\/www.soanam.de\/es\/wp-json\/wp\/v2\/comments?post=77262"}],"wp:featuredmedia":[{"embeddable":true,"href":"https:\/\/www.soanam.de\/es\/wp-json\/wp\/v2\/media\/77387"}],"wp:attachment":[{"href":"https:\/\/www.soanam.de\/es\/wp-json\/wp\/v2\/media?parent=77262"}],"wp:term":[{"taxonomy":"product_brand","embeddable":true,"href":"https:\/\/www.soanam.de\/es\/wp-json\/wp\/v2\/product_brand?post=77262"},{"taxonomy":"product_cat","embeddable":true,"href":"https:\/\/www.soanam.de\/es\/wp-json\/wp\/v2\/product_cat?post=77262"},{"taxonomy":"product_tag","embeddable":true,"href":"https:\/\/www.soanam.de\/es\/wp-json\/wp\/v2\/product_tag?post=77262"}],"curies":[{"name":"wp","href":"https:\/\/api.w.org\/{rel}","templated":true}]}}