{"id":77247,"date":"2023-12-13T20:45:45","date_gmt":"2023-12-13T19:45:45","guid":{"rendered":"https:\/\/www.soanam.de\/?post_type=product&#038;p=77247"},"modified":"2023-12-13T20:50:11","modified_gmt":"2023-12-13T19:50:11","slug":"moov-botas-botas-wellington-botas-de-piel-de-oveja-hasta-la-rodilla-patron-de-oro","status":"publish","type":"product","link":"https:\/\/www.soanam.de\/es\/produkt\/moov-boots-wellington-stiefel-kniehoher-schaffellstiefel-goldmuster\/","title":{"rendered":"Moov Boots - Botas Wellington, botas de piel de oveja hasta la rodilla, estampado dorado"},"content":{"rendered":"<p>Moov Boots - Botas Wellington, botas de piel de oveja hasta la rodilla, estampado dorado, talla 41<\/p>\n<h3>Descripci\u00f3n de la<\/h3>\n<p>Las botas Moov no son unas botas de agua cualquiera. Est\u00e1n dise\u00f1adas con estilo y elegancia y se amoldan al contorno de la pierna y el pie. Est\u00e1n forradas con piel de oveja Merino 100%. Estas botas Moov te mantendr\u00e1n caliente incluso en climas fr\u00edos. Bautizadas con el nombre de \"mujeres fatales\" imaginarias, las botas Moov Dark Angels aportan un estilo sensual mezclado con un glamuroso estampado dorado.<\/p>\n<h3>detalles<\/h3>\n<p>Moov botas Savannah Dark Angels botas de piel de oveja hasta la rodilla<br \/>\nBotas Wellington totalmente impermeables<br \/>\nForro de piel de oveja merina 100% para mayor calidez<br \/>\nPlantillas forradas con papel de aluminio para proteger del fr\u00edo<br \/>\nBase negra con dibujo dorado mate<br \/>\nTop de \u00e1ngel favorecedor<\/p>\n<ul>\n<li>Hasta la rodilla 40 cm<\/li>\n<li>Totalmente impermeable<\/li>\n<li>100% Forro de borreguillo merino<\/li>\n<li>Plantillas forradas con papel de aluminio para protegerse del fr\u00edo.<\/li>\n<\/ul>","protected":false},"excerpt":{"rendered":"<h3>Artikelmerkmale<\/h3>\n<p>Artikelzustand: Neu ohne Etikett, Neuer, unbenutzter und nicht getragener Artikel ohne Originalverpackung<\/p>\n<p>Absatzart: Flach<br \/>\nAbsatzh\u00f6he: Flach (Kleiner als 2,5 cm)<br \/>\nAbteilung: Damen<br \/>\nAkzente: Fellbesatz<br \/>\nAU-Schuhgr\u00f6\u00dfe: ohne Angabe<br \/>\nBesonderheiten: Gef\u00fcttert<br \/>\nCharakter: ohne<br \/>\nEU-Schuhgr\u00f6\u00dfe: EUR 41<br \/>\nFarbe: Schwarz\/Gold<br \/>\nFuttermaterial: Merino Schaffell<br \/>\nIndividualisiert: Nein<br \/>\nInnensohlenmaterial: folien\u00fcberzogen<br \/>\nJahreszeit: Winter<br \/>\nMaterial de la suela: caucho<br \/>\nMarke: Moov Boots<br \/>\nModell: Savannah Dark Angel<br \/>\nObermaterial: Gummi<br \/>\nProduktart: Stiefel<br \/>\nSchuhschaft-Typ: Kniehoch<br \/>\nSchuhweite: F<br \/>\nStil: Gummistiefel<br \/>\nThema: Outdoor<br \/>\nUK-Schuhgr\u00f6\u00dfe: UK 8<br \/>\nUS-Schuhgr\u00f6\u00dfe: US 10<br \/>\nVintage: Nein<\/p>","protected":false},"featured_media":77382,"comment_status":"open","ping_status":"closed","template":"","meta":{"_seopress_robots_primary_cat":"","_seopress_titles_title":"","_seopress_titles_desc":"","_seopress_robots_index":""},"product_brand":[],"product_cat":[1348,1360,1385,1399],"product_tag":[],"class_list":{"0":"post-77247","1":"product","2":"type-product","3":"status-publish","4":"has-post-thumbnail","6":"product_cat-damen-mode","7":"product_cat-schuhe","8":"product_cat-stiefel","9":"product_cat-regenstiefel","10":"product_shipping_class-standard-versand","12":"first","13":"instock","14":"sale","15":"taxable","16":"shipping-taxable","17":"purchasable","18":"product-type-simple"},"_links":{"self":[{"href":"https:\/\/www.soanam.de\/es\/wp-json\/wp\/v2\/product\/77247","targetHints":{"allow":["GET"]}}],"collection":[{"href":"https:\/\/www.soanam.de\/es\/wp-json\/wp\/v2\/product"}],"about":[{"href":"https:\/\/www.soanam.de\/es\/wp-json\/wp\/v2\/types\/product"}],"replies":[{"embeddable":true,"href":"https:\/\/www.soanam.de\/es\/wp-json\/wp\/v2\/comments?post=77247"}],"wp:featuredmedia":[{"embeddable":true,"href":"https:\/\/www.soanam.de\/es\/wp-json\/wp\/v2\/media\/77382"}],"wp:attachment":[{"href":"https:\/\/www.soanam.de\/es\/wp-json\/wp\/v2\/media?parent=77247"}],"wp:term":[{"taxonomy":"product_brand","embeddable":true,"href":"https:\/\/www.soanam.de\/es\/wp-json\/wp\/v2\/product_brand?post=77247"},{"taxonomy":"product_cat","embeddable":true,"href":"https:\/\/www.soanam.de\/es\/wp-json\/wp\/v2\/product_cat?post=77247"},{"taxonomy":"product_tag","embeddable":true,"href":"https:\/\/www.soanam.de\/es\/wp-json\/wp\/v2\/product_tag?post=77247"}],"curies":[{"name":"wp","href":"https:\/\/api.w.org\/{rel}","templated":true}]}}