{"id":77140,"date":"2023-12-13T20:37:31","date_gmt":"2023-12-13T19:37:31","guid":{"rendered":"https:\/\/www.soanam.de\/?post_type=product&#038;p=77140"},"modified":"2023-12-13T20:47:18","modified_gmt":"2023-12-13T19:47:18","slug":"vaqueros-herrlicher-slim-fit-piper-slim-en-azul-destenido-w28xl30","status":"publish","type":"product","link":"https:\/\/www.soanam.de\/es\/produkt\/herrlicher-slim-fit-jeans-piper-slim-in-faded-blue-w28xl30\/","title":{"rendered":"Vaqueros Herrlicher slim-fit PIPER SLIM, en azul deste\u00f1ido, W28xL30"},"content":{"rendered":"<p>Vaqueros pitillo Piper de Herrlicher<br \/>\nCorte ce\u00f1ido y bajo<br \/>\nVaqueros el\u00e1sticos con cintura perfilada, doble montura curvada en la parte trasera y costura lateral que llega hasta la espalda<br \/>\nDise\u00f1o especial de bolsillos con botones decorativos y perneras ce\u00f1idas al cuerpo<br \/>\nFabricado con tela vaquera el\u00e1stica ecol\u00f3gica<\/p>\n<p>El corte entallado de los vaqueros abraza tus piernas.<br \/>\nEl material de algod\u00f3n el\u00e1stico del tejido vaquero es muy c\u00f3modo de llevar.<\/p>\n<p>Material: 97% algod\u00f3n, 3% elastano<br \/>\nInstrucciones de cuidado: Lavable a m\u00e1quina a 40<\/p>\n<p>Color: azul deste\u00f1ido<br \/>\nTama\u00f1o: W28 L30<\/p>\n<p>Cintura: 82 cm<br \/>\nPer\u00edmetro de la cadera: 101 cm<br \/>\nLongitud del pelda\u00f1o:76cm<br \/>\nLongitud total: 98 cm<\/p>\n<p>Este nuevo art\u00edculo es una devoluci\u00f3n de un cliente sin etiqueta.<\/p>","protected":false},"excerpt":{"rendered":"<table class=\"dv_characteristicsTable\">\n<tbody>\n<tr>\n<td class=\"left\">Talla<\/td>\n<td>28<\/td>\n<\/tr>\n<tr>\n<td class=\"left\">Hosenl\u00e4nge<\/td>\n<td>30<\/td>\n<\/tr>\n<tr>\n<td class=\"left\">Composici\u00f3n del material<\/td>\n<td>Obermaterial: 97% Baumwolle, 3% Elasthan<\/td>\n<\/tr>\n<tr>\n<td class=\"left\">Materialart<\/td>\n<td>Vaqueros<\/td>\n<\/tr>\n<tr>\n<td class=\"left\">Materialeigenschaften<\/td>\n<td>elastisch, Stretch<\/td>\n<\/tr>\n<tr>\n<td class=\"left\">Instrucciones de cuidado<\/td>\n<td>Lavado a m\u00e1quina<\/td>\n<\/tr>\n<tr>\n<td class=\"left\">Optik<\/td>\n<td>leichte Abriebeffekte, vintage<\/td>\n<\/tr>\n<tr>\n<td class=\"left\">Stil<\/td>\n<td>casual<\/td>\n<\/tr>\n<tr>\n<td class=\"left\">Waschung<\/td>\n<td>washed, Denim<\/td>\n<\/tr>\n<tr>\n<td class=\"left\">Herstellerfarbbezeichnung<\/td>\n<td>faded blue 666<\/td>\n<\/tr>\n<tr>\n<td class=\"left\">Color<\/td>\n<td>azul, usado<\/td>\n<\/tr>\n<tr>\n<td class=\"left\">Leibh\u00f6he<\/td>\n<td>niedrig<\/td>\n<\/tr>\n<tr>\n<td class=\"left\">Beinform<\/td>\n<td>schmal<\/td>\n<\/tr>\n<tr>\n<td class=\"left\">Ajuste<\/td>\n<td>slim fit<\/td>\n<\/tr>\n<tr>\n<td class=\"left\">Schnittform L\u00e4nge<\/td>\n<td>lang<\/td>\n<\/tr>\n<tr>\n<td class=\"left\">Trabillas<\/td>\n<td>ja<\/td>\n<\/tr>\n<tr>\n<td class=\"left\">Applikationen<\/td>\n<td>Brandlabel innen, Markenlabel, Badge, Logopr\u00e4gung, Logoschriftzug<\/td>\n<\/tr>\n<tr>\n<td class=\"left\">Bolsas<\/td>\n<td>Eingrifftaschen, Coinpocket, Ges\u00e4\u00dftaschen<\/td>\n<\/tr>\n<tr>\n<td class=\"left\">Verschluss<\/td>\n<td>1-Knopf-Form, Rei\u00dfverschluss<\/td>\n<\/tr>\n<tr>\n<td class=\"left\">Besondere Merkmale<\/td>\n<td>umweltfreundlich dank Kitotex Technology<\/td>\n<\/tr>\n<\/tbody>\n<\/table>","protected":false},"featured_media":77286,"comment_status":"open","ping_status":"closed","template":"","meta":{"_seopress_robots_primary_cat":"","_seopress_titles_title":"","_seopress_titles_desc":"","_seopress_robots_index":""},"product_brand":[],"product_cat":[1348,1349,1350],"product_tag":[],"class_list":{"0":"post-77140","1":"product","2":"type-product","3":"status-publish","4":"has-post-thumbnail","6":"product_cat-damen-mode","7":"product_cat-hosen-damen-mode","8":"product_cat-jeans-hosen-damen-mode","9":"product_shipping_class-standard-versand","11":"first","12":"instock","13":"taxable","14":"shipping-taxable","15":"purchasable","16":"product-type-simple"},"_links":{"self":[{"href":"https:\/\/www.soanam.de\/es\/wp-json\/wp\/v2\/product\/77140","targetHints":{"allow":["GET"]}}],"collection":[{"href":"https:\/\/www.soanam.de\/es\/wp-json\/wp\/v2\/product"}],"about":[{"href":"https:\/\/www.soanam.de\/es\/wp-json\/wp\/v2\/types\/product"}],"replies":[{"embeddable":true,"href":"https:\/\/www.soanam.de\/es\/wp-json\/wp\/v2\/comments?post=77140"}],"wp:featuredmedia":[{"embeddable":true,"href":"https:\/\/www.soanam.de\/es\/wp-json\/wp\/v2\/media\/77286"}],"wp:attachment":[{"href":"https:\/\/www.soanam.de\/es\/wp-json\/wp\/v2\/media?parent=77140"}],"wp:term":[{"taxonomy":"product_brand","embeddable":true,"href":"https:\/\/www.soanam.de\/es\/wp-json\/wp\/v2\/product_brand?post=77140"},{"taxonomy":"product_cat","embeddable":true,"href":"https:\/\/www.soanam.de\/es\/wp-json\/wp\/v2\/product_cat?post=77140"},{"taxonomy":"product_tag","embeddable":true,"href":"https:\/\/www.soanam.de\/es\/wp-json\/wp\/v2\/product_tag?post=77140"}],"curies":[{"name":"wp","href":"https:\/\/api.w.org\/{rel}","templated":true}]}}