{"id":77065,"date":"2023-12-13T20:34:37","date_gmt":"2023-12-13T19:34:37","guid":{"rendered":"https:\/\/www.soanam.de\/?post_type=product&#038;p=77065"},"modified":"2023-12-13T20:45:57","modified_gmt":"2023-12-13T19:45:57","slug":"tommy-jeans-mid-rise-skinny-nora-dnbst-in-schwarz-w27xl30","status":"publish","type":"product","link":"https:\/\/www.soanam.de\/es\/produkt\/tommy-jeans-mid-rise-skinny-nora-dnbst-in-schwarz-w27xl30\/","title":{"rendered":"Tommy Jeans MID RISE SKINNY NORA DNBST, en negro , W27xL30"},"content":{"rendered":"<p>Vaqueros pitillo<br \/>\nDenim Baumwollmix<br \/>\n5 bolsillos<br \/>\nCintura normal<br \/>\nCierre: cremallera<br \/>\nRaya Tommy en el bolsillo monedero<br \/>\nLogotipo de Tommy Jeans en la cintura<br \/>\nAufgestickte Tommy Hilfiger Flagge auf der Ges\u00e4\u00df Tasche<\/p>\n<p>El corte entallado de los vaqueros se ajusta perfectamente y realza las piernas.<br \/>\nEl material de algod\u00f3n el\u00e1stico del tejido vaquero es f\u00e1cil de cuidar y muy c\u00f3modo.<\/p>\n<p>Material: 69% Baumwolle, 27% Polyester, 4% Elasthan<br \/>\nInstrucciones de cuidado: Lavable a m\u00e1quina a 40<\/p>\n<p>Farbe: Dana Black Stretch<br \/>\nTama\u00f1o: W27 L30<\/p>\n<p>Cintura: 66 cm<br \/>\nPer\u00edmetro de la cadera: 78 cm<br \/>\nLongitud del pelda\u00f1o:73cm<br \/>\nLongitud total: 96 cm<\/p>","protected":false},"excerpt":{"rendered":"<p>Vaqueros pitillo<br \/>\nDenim Baumwollmix<br \/>\n5 bolsillos<br \/>\nCintura normal<br \/>\nCierre: cremallera<br \/>\nRaya Tommy en el bolsillo monedero<br \/>\nLogotipo de Tommy Jeans en la cintura<br \/>\nBandera de Tommy Hilfiger bordada en los bolsillos traseros<\/p>","protected":false},"featured_media":77251,"comment_status":"open","ping_status":"closed","template":"","meta":{"_seopress_robots_primary_cat":"","_seopress_titles_title":"","_seopress_titles_desc":"","_seopress_robots_index":""},"product_brand":[],"product_cat":[1348,1349,1350],"product_tag":[],"class_list":{"0":"post-77065","1":"product","2":"type-product","3":"status-publish","4":"has-post-thumbnail","6":"product_cat-damen-mode","7":"product_cat-hosen-damen-mode","8":"product_cat-jeans-hosen-damen-mode","9":"product_shipping_class-standard-versand","11":"first","12":"instock","13":"sale","14":"taxable","15":"shipping-taxable","16":"purchasable","17":"product-type-simple"},"_links":{"self":[{"href":"https:\/\/www.soanam.de\/es\/wp-json\/wp\/v2\/product\/77065","targetHints":{"allow":["GET"]}}],"collection":[{"href":"https:\/\/www.soanam.de\/es\/wp-json\/wp\/v2\/product"}],"about":[{"href":"https:\/\/www.soanam.de\/es\/wp-json\/wp\/v2\/types\/product"}],"replies":[{"embeddable":true,"href":"https:\/\/www.soanam.de\/es\/wp-json\/wp\/v2\/comments?post=77065"}],"wp:featuredmedia":[{"embeddable":true,"href":"https:\/\/www.soanam.de\/es\/wp-json\/wp\/v2\/media\/77251"}],"wp:attachment":[{"href":"https:\/\/www.soanam.de\/es\/wp-json\/wp\/v2\/media?parent=77065"}],"wp:term":[{"taxonomy":"product_brand","embeddable":true,"href":"https:\/\/www.soanam.de\/es\/wp-json\/wp\/v2\/product_brand?post=77065"},{"taxonomy":"product_cat","embeddable":true,"href":"https:\/\/www.soanam.de\/es\/wp-json\/wp\/v2\/product_cat?post=77065"},{"taxonomy":"product_tag","embeddable":true,"href":"https:\/\/www.soanam.de\/es\/wp-json\/wp\/v2\/product_tag?post=77065"}],"curies":[{"name":"wp","href":"https:\/\/api.w.org\/{rel}","templated":true}]}}