{"id":77054,"date":"2023-12-13T20:33:50","date_gmt":"2023-12-13T19:33:50","guid":{"rendered":"https:\/\/www.soanam.de\/?post_type=product&#038;p=77054"},"modified":"2023-12-13T20:44:24","modified_gmt":"2023-12-13T19:44:24","slug":"empujador-de-pernos-accionado-por-polvora-bst-350-herramienta-accionada-por-polvora","status":"publish","type":"product","link":"https:\/\/www.soanam.de\/es\/produkt\/pulver-betriebenes-bolzenschubgeraet-bst-350-powder-actuated-tool\/","title":{"rendered":"Empujador de esp\u00e1rragos accionado por p\u00f3lvora BST 350 - Herramienta accionada por p\u00f3lvora"},"content":{"rendered":"<h3>Datos t\u00e9cnicos del producto:<\/h3>\n<p>Empujador de esp\u00e1rragos semiautom\u00e1tico con regulaci\u00f3n manual de la potencia<\/p>\n<ul>\n<li>Designaci\u00f3n de tipo: BST 350<\/li>\n<li>Peso de la m\u00e1quina: 2,35 kg<\/li>\n<li>Calibre: 6.8\/11 M<\/li>\n<li>Largo x ancho x alto: 340 x 50 x 150 mm<\/li>\n<li>Frecuencia de ajuste recomendada\/hora m\u00e1x.: 500 piezas.<\/li>\n<li>Carga de empuje: D\u00e9bil (verde), Media (amarillo), Muy fuerte (rojo)<\/li>\n<\/ul>\n<h3>Descripci\u00f3n:<\/h3>\n<ul>\n<li>Regulaci\u00f3n de potencia en 6 etapas<\/li>\n<li>Manejo sencillo<\/li>\n<li>Dispositivo de seguridad de liberaci\u00f3n<\/li>\n<li>Dispositivo seg\u00fan DIN EN 15895<\/li>\n<li>Principio del pist\u00f3n de empuje<\/li>\n<li>Completo en un malet\u00edn de montaje<\/li>\n<\/ul>\n<h3>Entrega:<\/h3>\n<ul>\n<li>1 manual de instrucciones original<\/li>\n<li>1 x Empujador de esp\u00e1rragos BST 350<\/li>\n<li>1 x Bola de acero ET - D6MM para BST 350<\/li>\n<li>1 abrazadera ET para BST 350<\/li>\n<li>1 x Protector de divisor ET para BST 350<\/li>\n<li>1 x 100 unid. Clavo galvanizado HN 101 adecuado para sustratos de acero y hormig\u00f3n (27 mm, v\u00e1stago 3,7 mm) para BST 350<\/li>\n<li>1 x 100 piezas Cartucho KFTZ 11A CE - KART-KFTZ-CE-GELB-CAL6,8\/11MM<\/li>\n<li>1 x Juego de limpieza ET para BST 350<\/li>\n<li>1 x estuche (como se muestra)<\/li>\n<\/ul>","protected":false},"excerpt":{"rendered":"<h3>Artikelmerkmale<\/h3>\n<p>Artikelzustand: Neu: Neuer, unbenutzter und unbesch\u00e4digter Artikel in nicht ge\u00f6ffneter Originalverpackung<br \/>\nAngebotspaket: Ja<br \/>\nAnzahl der Teile: 9<br \/>\nBeschreibung des Paketinhalts: Alle unter Lieferumfang gelistete 7 angegebenen Zubeh\u00f6rteile sind im Angebot enthalten<br \/>\nHerstellergarantie: Benutzerdefiniert: Siehe Artikelbeschreibung<br \/>\nHerstellernummer: BLZSHUBGER-BST350, Art.-Nr. 086422<br \/>\nMarke: W\u00fcrth<br \/>\nMaterial: Beton, Metall, Stahl<br \/>\nModell: BST350<br \/>\nProduktart: Bolzenschussger\u00e4t<\/p>","protected":false},"featured_media":77224,"comment_status":"open","ping_status":"closed","template":"","meta":{"_seopress_robots_primary_cat":"","_seopress_titles_title":"","_seopress_titles_desc":"","_seopress_robots_index":""},"product_brand":[],"product_cat":[1381,1382],"product_tag":[],"class_list":{"0":"post-77054","1":"product","2":"type-product","3":"status-publish","4":"has-post-thumbnail","6":"product_cat-heimwerker","7":"product_cat-werkzeuge","8":"product_shipping_class-standard-versand","10":"first","11":"instock","12":"sale","13":"taxable","14":"shipping-taxable","15":"purchasable","16":"product-type-simple"},"_links":{"self":[{"href":"https:\/\/www.soanam.de\/es\/wp-json\/wp\/v2\/product\/77054","targetHints":{"allow":["GET"]}}],"collection":[{"href":"https:\/\/www.soanam.de\/es\/wp-json\/wp\/v2\/product"}],"about":[{"href":"https:\/\/www.soanam.de\/es\/wp-json\/wp\/v2\/types\/product"}],"replies":[{"embeddable":true,"href":"https:\/\/www.soanam.de\/es\/wp-json\/wp\/v2\/comments?post=77054"}],"wp:featuredmedia":[{"embeddable":true,"href":"https:\/\/www.soanam.de\/es\/wp-json\/wp\/v2\/media\/77224"}],"wp:attachment":[{"href":"https:\/\/www.soanam.de\/es\/wp-json\/wp\/v2\/media?parent=77054"}],"wp:term":[{"taxonomy":"product_brand","embeddable":true,"href":"https:\/\/www.soanam.de\/es\/wp-json\/wp\/v2\/product_brand?post=77054"},{"taxonomy":"product_cat","embeddable":true,"href":"https:\/\/www.soanam.de\/es\/wp-json\/wp\/v2\/product_cat?post=77054"},{"taxonomy":"product_tag","embeddable":true,"href":"https:\/\/www.soanam.de\/es\/wp-json\/wp\/v2\/product_tag?post=77054"}],"curies":[{"name":"wp","href":"https:\/\/api.w.org\/{rel}","templated":true}]}}