{"id":77026,"date":"2023-12-13T20:32:19","date_gmt":"2023-12-13T19:32:19","guid":{"rendered":"https:\/\/www.soanam.de\/?post_type=product&#038;p=77026"},"modified":"2023-12-13T20:40:47","modified_gmt":"2023-12-13T19:40:47","slug":"pepe-jeans-venus-denim-stretch-recto-cintura-baja-en-azul-w27xl30","status":"publish","type":"product","link":"https:\/\/www.soanam.de\/es\/produkt\/pepe-jeans-venus-straight-stretch-denim-low-waist-in-blau-w27xl30\/","title":{"rendered":"Pepe Jeans VENUS, Denim el\u00e1stico recto, cintura baja, en azul, W27xL30"},"content":{"rendered":"<p>Vaqueros rectos VENUS de Pepe Jeans<br \/>\nMezcla de algod\u00f3n el\u00e1stico para un ajuste perfecto<br \/>\nCorte regular con pernera recta larga y cintura baja a la altura de la cintura<br \/>\nEstilo de 5 bolsillos con cierre de cremallera, doble bot\u00f3n en la cintura, doble bolsillo en la parte trasera y peque\u00f1os detalles del logotipo de la marca.<\/p>\n<p>El corte recto de los vaqueros es ligeramente ce\u00f1ido, pero no oprime los muslos y las pantorrillas m\u00e1s anchos.<br \/>\nEl material de algod\u00f3n el\u00e1stico del tejido vaquero es f\u00e1cil de cuidar y muy c\u00f3modo.<\/p>\n<p>Material: algod\u00f3n 84%, poli\u00e9ster 14%, elastano 2%<br \/>\nInstrucciones de cuidado: Lavable a m\u00e1quina a 40<\/p>\n<p>Color: D24 cuerda aut\u00e9ntica str mediana<br \/>\nTama\u00f1o: W27 L30<\/p>\n<p>Cintura: 70 cm<br \/>\nPer\u00edmetro de la cadera: 88 cm<br \/>\nLongitud del pelda\u00f1o:73cm<br \/>\nLongitud total: 95 cm<\/p>","protected":false},"excerpt":{"rendered":"<table class=\"dv_characteristicsTable\">\n<tbody>\n<tr>\n<td class=\"left\">Talla<\/td>\n<td>26<\/td>\n<\/tr>\n<tr>\n<td class=\"left\">Hosenl\u00e4nge<\/td>\n<td>30<\/td>\n<\/tr>\n<tr>\n<td class=\"left\">Composici\u00f3n del material<\/td>\n<td>Obermaterial: 83,5% Baumwolle, 14,5% Polyester, 2% Elasthan<\/td>\n<\/tr>\n<tr>\n<td class=\"left\">Materialhinweis<\/td>\n<td>enth\u00e4lt nichttextile Teile tierischen Ursprungs<\/td>\n<\/tr>\n<tr>\n<td class=\"left\">Materialart<\/td>\n<td>Denim\/Jeans<\/td>\n<\/tr>\n<tr>\n<td class=\"left\">Materialeigenschaften<\/td>\n<td>pflegeleicht, Stretch, elastisch<\/td>\n<\/tr>\n<tr>\n<td class=\"left\">Instrucciones de cuidado<\/td>\n<td>Lavado a m\u00e1quina<\/td>\n<\/tr>\n<tr>\n<td class=\"left\">Optik<\/td>\n<td>vintage<\/td>\n<\/tr>\n<tr>\n<td class=\"left\">Stil<\/td>\n<td>casual<\/td>\n<\/tr>\n<tr>\n<td class=\"left\">Waschung<\/td>\n<td>stone, washed<\/td>\n<\/tr>\n<tr>\n<td class=\"left\">Herstellerfarbbezeichnung<\/td>\n<td>D24 cuerda aut\u00e9ntica str mediana<\/td>\n<\/tr>\n<tr>\n<td class=\"left\">Color<\/td>\n<td>authentic, rope<\/td>\n<\/tr>\n<tr>\n<td class=\"left\">Leibh\u00f6he<\/td>\n<td>niedrig<\/td>\n<\/tr>\n<tr>\n<td class=\"left\">Beinform<\/td>\n<td>gerade<\/td>\n<\/tr>\n<tr>\n<td class=\"left\">Ajuste<\/td>\n<td>straight fit<\/td>\n<\/tr>\n<tr>\n<td class=\"left\">Trabillas<\/td>\n<td>ja<\/td>\n<\/tr>\n<tr>\n<td class=\"left\">Bolsas<\/td>\n<td>Coinpocket, Eingrifftaschen, Ges\u00e4\u00dftaschen<\/td>\n<\/tr>\n<tr>\n<td class=\"left\">Verschluss<\/td>\n<td>Cierre de cremallera<\/td>\n<\/tr>\n<tr>\n<td class=\"left\">Besondere Merkmale<\/td>\n<td>Straight Passform mit niedrigem Doppel-Knopf-Bund und doppelter Ges\u00e4\u00dftasche in tollem Komfort Stretch Denim<\/td>\n<\/tr>\n<\/tbody>\n<\/table>","protected":false},"featured_media":77189,"comment_status":"open","ping_status":"closed","template":"","meta":{"_seopress_robots_primary_cat":"","_seopress_titles_title":"","_seopress_titles_desc":"","_seopress_robots_index":""},"product_brand":[],"product_cat":[1348,1349,1350],"product_tag":[],"class_list":{"0":"post-77026","1":"product","2":"type-product","3":"status-publish","4":"has-post-thumbnail","6":"product_cat-damen-mode","7":"product_cat-hosen-damen-mode","8":"product_cat-jeans-hosen-damen-mode","9":"product_shipping_class-standard-versand","11":"first","12":"instock","13":"sale","14":"taxable","15":"shipping-taxable","16":"purchasable","17":"product-type-simple"},"_links":{"self":[{"href":"https:\/\/www.soanam.de\/es\/wp-json\/wp\/v2\/product\/77026","targetHints":{"allow":["GET"]}}],"collection":[{"href":"https:\/\/www.soanam.de\/es\/wp-json\/wp\/v2\/product"}],"about":[{"href":"https:\/\/www.soanam.de\/es\/wp-json\/wp\/v2\/types\/product"}],"replies":[{"embeddable":true,"href":"https:\/\/www.soanam.de\/es\/wp-json\/wp\/v2\/comments?post=77026"}],"wp:featuredmedia":[{"embeddable":true,"href":"https:\/\/www.soanam.de\/es\/wp-json\/wp\/v2\/media\/77189"}],"wp:attachment":[{"href":"https:\/\/www.soanam.de\/es\/wp-json\/wp\/v2\/media?parent=77026"}],"wp:term":[{"taxonomy":"product_brand","embeddable":true,"href":"https:\/\/www.soanam.de\/es\/wp-json\/wp\/v2\/product_brand?post=77026"},{"taxonomy":"product_cat","embeddable":true,"href":"https:\/\/www.soanam.de\/es\/wp-json\/wp\/v2\/product_cat?post=77026"},{"taxonomy":"product_tag","embeddable":true,"href":"https:\/\/www.soanam.de\/es\/wp-json\/wp\/v2\/product_tag?post=77026"}],"curies":[{"name":"wp","href":"https:\/\/api.w.org\/{rel}","templated":true}]}}