{"id":77019,"date":"2023-12-13T20:32:14","date_gmt":"2023-12-13T19:32:14","guid":{"rendered":"https:\/\/www.soanam.de\/?post_type=product&#038;p=77019"},"modified":"2023-12-13T20:38:04","modified_gmt":"2023-12-13T19:38:04","slug":"kjus-duana-damen-skijacke","status":"publish","type":"product","link":"https:\/\/www.soanam.de\/es\/produkt\/kjus-duana-damen-skijacke\/","title":{"rendered":"KJUS Duana - Chaqueta de esqu\u00ed para mujer"},"content":{"rendered":"<div><b>KJUS Duana - Damen Skijacke - fiery red-black<\/b><\/div>\n<div><\/div>\n<div>\n<div><b>Stylisch, warm und komfortabel f\u00fcr die ganze Saison!<\/b><\/div>\n<div><\/div>\n<div>Die Duana h\u00e4lt dich auch bei sehr kalten, eisigen Temperaturen kuschelig warm und bietet dir den Komfort, den du dir f\u00fcr deine Skitage w\u00fcnschst. Die Daunen isolieren gegen K\u00e4lte, w\u00e4hrend dich das Material mit Dermizax\u00ae-Membrane vor Feuchtigkeit im Schneegest\u00f6ber sch\u00fctzt. Mit ihrer hochwertigen Verarbeitung und dem sportlichen Schnitt, dem hohen Kragen und der sehr femininen Kapuze wird sie dich den ganzen Winter \u00fcber begeistern!<\/div>\n<div><\/div>\n<div><b>H\u00f6hepunkt:<\/b><\/div>\n<\/div>\n<ul>\n<li>Wasserresistenter 2-Wege Reversed YKK\u00ae Reissverschluss<\/li>\n<li>Extra hoher Stehkragen mit Reissverschlussgarage<\/li>\n<li>Elastischer Saum<\/li>\n<li>Abnehmbare Kapuze mit Schild<\/li>\n<li>Druckknopfsystem f\u00fcr Kapuze<\/li>\n<li>4-Wege Stretchfutter mit 3D-Mesh-Schulteriens\u00e4tzen<\/li>\n<li>Abnehmbarer verstellbarer Schneefang mit rutschsicherem Gummiband<\/li>\n<li>Zwei Innentaschen aus Mesh und eine YKK\u00ae Reissverschlusstasche<\/li>\n<li>KJUS AC-Vent\u2122 Ventilationssystem<\/li>\n<li>Vorgeformte eingesetzte \u00c4rmel mit integrierten \u00c4rmelb\u00fcndchen<\/li>\n<li>Armregulierung mit YKK\u00ae Reissverschluss und integrierter Skipass Tasche<\/li>\n<li>Abnehmbare Brillenputztasche<\/li>\n<li>Seitentaschen mit wasserdichten YKK\u00ae Reissverschl\u00fcssen<\/li>\n<\/ul>\n<div><\/div>\n<div>\n<div><span style=\"font-family: Arial;\"><strong>Propiedades:<\/strong> 2-Lagen Material, 2-Wege-Stretchmaterial, Enth\u00e4lt nicht textile Teile tierischen Ursprungs<\/span><\/div>\n<div><span style=\"font-family: Arial;\"><strong>Hauptmaterial:<\/strong> 100% Poliamida<\/span><\/div>\n<div><span style=\"font-family: Arial;\"><strong>Membran:<\/strong> Dermizax\u00ae EV<\/span><\/div>\n<div><span style=\"font-family: Arial;\"><strong>Isolation:<\/strong> 100% Entendaune, 90\/10, 650 f.p.<\/span><\/div>\n<div><span style=\"font-family: Arial;\"><strong>Isolation Rumpf:<\/strong> 100% Entendaune, 90\/10, 650 f.p.<\/span><\/div>\n<div><span style=\"font-family: Arial;\"><strong>Veredelung:<\/strong> DWR Technologie<\/span><\/div>\n<\/div>\n<div><\/div>\n<div><b>KJUS DUANA.<\/b>\u00a0Gesteppte, taillierte Skijacke mit warmer Daunenf\u00fcllung; verstell- und abnehmbare Kapuze mit Schild; fleecegef\u00fctterter Kragen mit Kinnschutz; unterlegter 2-Wege-Frontrei\u00dfverschluss; 2 Rei\u00dfverschlusstaschen mit Fleecefutter; 2 Netztaschen und 1 Rei\u00dfverschlusstasche auf der Innenseite; 1 Liftpasstasche auf dem \u00c4rmel; alle Rei\u00dfverschl\u00fcsse wasserabweisend; \u00c4rmelabschl\u00fcsse mit Rei\u00dfverschluss sowie integrierten Cuffs mit Daumenl\u00f6chern; Schneefang mit Antirutschbeschichtung; Stopper im Bund; Fairwear-Produkt; enth\u00e4lt nichttextile Teile tierischen Ursprungs;<\/div>\n<div><\/div>\n<div><b>Material<\/b>\u00a0: 89% Polyester, 11% Elastan<\/div>\n<div><b>F\u00fcllung:\u00a0<\/b>100% Daunen.<\/div>","protected":false},"excerpt":{"rendered":"<p><b>Descripci\u00f3n:\u00a0<\/b><span style=\"font-family: Arial;\">Feminine, schmale Silhouette bei maximaler Isolierung: W\u00e4rmende Materialien, innovative Details und hochwertigste Verarbeitung garantieren Komfort w\u00e4hrend der ganzen Wintersaison<\/span><\/p>\n<h3><strong>Artikelmerkmale<\/strong><\/h3>\n<p><strong>Artikelzustand:<\/strong> Neu mit Etikett: Neuer, unbenutzter und nicht getragener Artikel in der Originalverpackung<\/p>\n<p><strong>Abteilung:<\/strong> Damen<br \/>\n<strong>Aktivit\u00e4t:<\/strong> Eislaufen, Schneeschuhwandern, Skifahren, Snowboarding<br \/>\n<strong>Angebotspaket:<\/strong> Nein<br \/>\n<strong>Anlass:<\/strong> Freizeit, Sport<br \/>\n<strong>Ausgew\u00e4hlte Suchfilter:<\/strong> Skijacke XL<br \/>\n<strong>Au\u00dfenmaterial:<\/strong> Poli\u00e9ster<br \/>\n<strong>Color:<\/strong> Rojo \/ Negro<br \/>\n<strong>Futtermaterial:<\/strong> Abajo<br \/>\n<strong>Gewebeart:<\/strong> Abajo<br \/>\n<strong>Gr\u00f6\u00dfe:<\/strong> XL<br \/>\n<strong>Gr\u00f6\u00dfenkategorie:<\/strong> Normalgr\u00f6\u00dfe<br \/>\n<strong>Herstellerbezeichnung Farbe:<\/strong> fiery red-black<br \/>\n<strong>Herstellungsland und -region:<\/strong> Alemania<br \/>\n<strong>Isoliermaterial:<\/strong> Abajo<br \/>\n<strong>Marke:<\/strong> KJUS<br \/>\n<strong>Produktart:<\/strong> Jacke<br \/>\n<strong>Stil:<\/strong> Skijacke<br \/>\n<strong>Thema:<\/strong> Ski<br \/>\n<strong>Verschluss:<\/strong> Cierre de cremallera<br \/>\n<strong>Vintage:<\/strong> Nein<\/p>","protected":false},"featured_media":77148,"comment_status":"open","ping_status":"closed","template":"","meta":{"_seopress_robots_primary_cat":"","_seopress_titles_title":"","_seopress_titles_desc":"","_seopress_robots_index":""},"product_brand":[],"product_cat":[1348,1354,1374,1375,1376],"product_tag":[],"class_list":{"0":"post-77019","1":"product","2":"type-product","3":"status-publish","4":"has-post-thumbnail","6":"product_cat-damen-mode","7":"product_cat-jacken-maentel","8":"product_cat-skijacken","9":"product_cat-winterjacken","10":"product_cat-daunenjacken-steppjacken","11":"product_shipping_class-standard-versand","13":"first","14":"instock","15":"sale","16":"taxable","17":"shipping-taxable","18":"purchasable","19":"product-type-simple"},"_links":{"self":[{"href":"https:\/\/www.soanam.de\/es\/wp-json\/wp\/v2\/product\/77019","targetHints":{"allow":["GET"]}}],"collection":[{"href":"https:\/\/www.soanam.de\/es\/wp-json\/wp\/v2\/product"}],"about":[{"href":"https:\/\/www.soanam.de\/es\/wp-json\/wp\/v2\/types\/product"}],"replies":[{"embeddable":true,"href":"https:\/\/www.soanam.de\/es\/wp-json\/wp\/v2\/comments?post=77019"}],"wp:featuredmedia":[{"embeddable":true,"href":"https:\/\/www.soanam.de\/es\/wp-json\/wp\/v2\/media\/77148"}],"wp:attachment":[{"href":"https:\/\/www.soanam.de\/es\/wp-json\/wp\/v2\/media?parent=77019"}],"wp:term":[{"taxonomy":"product_brand","embeddable":true,"href":"https:\/\/www.soanam.de\/es\/wp-json\/wp\/v2\/product_brand?post=77019"},{"taxonomy":"product_cat","embeddable":true,"href":"https:\/\/www.soanam.de\/es\/wp-json\/wp\/v2\/product_cat?post=77019"},{"taxonomy":"product_tag","embeddable":true,"href":"https:\/\/www.soanam.de\/es\/wp-json\/wp\/v2\/product_tag?post=77019"}],"curies":[{"name":"wp","href":"https:\/\/api.w.org\/{rel}","templated":true}]}}