{"id":77016,"date":"2023-12-13T20:32:13","date_gmt":"2023-12-13T19:32:13","guid":{"rendered":"https:\/\/www.soanam.de\/?post_type=product&#038;p=77016"},"modified":"2023-12-13T20:37:08","modified_gmt":"2023-12-13T19:37:08","slug":"gucci-mujer-zapatilla-baja-ace-piel-de-becerro-con-gg-patron-perforado","status":"publish","type":"product","link":"https:\/\/www.soanam.de\/es\/produkt\/gucci-damen-sneaker-low-ace-kalbsleder-mit-gg-lochmuster\/","title":{"rendered":"Zapatillas bajas GUCCI de mujer, piel de becerro ACE, con motivo perforado GG"},"content":{"rendered":"<p><strong>Zapatillas bajas de mujer GUCCI, piel de becerro ACE, en blanco\/rosa, talla 39<\/strong><\/p>\n<p><strong>Descripci\u00f3n de la<br \/>\n<\/strong><br \/>\nEstas ic\u00f3nicas zapatillas Ace en suave piel blanca se caracterizan por su logotipo minimalista.<br \/>\nEn el lateral del zapato, el GG crea elegantes acentos en forma de un patr\u00f3n de agujeros de filigrana.<br \/>\nEl detalle de piel rosa p\u00e1lido en el tal\u00f3n a\u00f1ade un toque de color a un zapato que, de otro modo, ser\u00eda totalmente blanco.<\/p>\n<p><strong>detalles<\/strong><\/p>\n<ul>\n<li>Forma del tac\u00f3n: Plano<\/li>\n<li>Plantilla: cuero<\/li>\n<li>C\u00f3digo de color del dise\u00f1ador: BIANCOBIANCOROSE<\/li>\n<li>Dise\u00f1ador: Gucci<\/li>\n<li>Propiedades: hecho a mano<\/li>\n<li>Color: blanco, rosa<\/li>\n<li>Sexo: Mujeres<\/li>\n<li>Material interior: cuero<\/li>\n<li>Material exterior: piel de becerro<\/li>\n<li>Suela: caucho<\/li>\n<li>Color de la suela: blanco<\/li>\n<li>Tipo de cierre: cord\u00f3n<\/li>\n<li>Decoraci\u00f3n: Logotipo<\/li>\n<li>Puntera: Redonda<\/li>\n<li>Fabricado en: Italia<\/li>\n<li>N\u00famero de fabricante: 598527 AYO70 9076<\/li>\n<\/ul>","protected":false},"excerpt":{"rendered":"<h3>Artikelmerkmale<\/h3>\n<p><strong>Artikelzustand:<\/strong> Neu mit Karton: Neuer, unbenutzter und nicht getragener Artikel, in der Originalverpackung<\/p>\n<p><strong>Abteilung:<\/strong> Damen<br \/>\n<strong>Akzente:<\/strong> Lochstickerei<br \/>\n<strong>AU-Schuhgr\u00f6\u00dfe:<\/strong> ohne Angabe<br \/>\n<strong>Caracter\u00edsticas especiales:<\/strong> handgemacht<br \/>\n<strong>Erscheinungsjahr:<\/strong> 2020<br \/>\n<strong>EU-Schuhgr\u00f6\u00dfe:<\/strong> EUR 39<br \/>\n<strong>Color:<\/strong> Blanco<br \/>\n<strong>Futtermaterial:<\/strong> Piel<br \/>\n<strong>Herstellernummer:<\/strong> 598527 AYO70 9076<br \/>\n<strong>Individualisiert:<\/strong> Nein<br \/>\n<strong>Innensohlenmaterial:<\/strong> Piel<br \/>\n<strong>Laufsohlenmaterial:<\/strong> Goma<br \/>\n<strong>Marke:<\/strong> Gucci<br \/>\n<strong>Modell:<\/strong> ACE<br \/>\n<strong>Material superior:<\/strong> Piel<br \/>\n<strong>Produktart:<\/strong> Sportschuh<br \/>\n<strong>Produktlinie:<\/strong> Gucci Ace<br \/>\n<strong>Schuhweite:<\/strong> F<br \/>\n<strong>Stil:<\/strong> Sneaker<br \/>\n<strong>Thema:<\/strong> Designer<br \/>\n<strong>UK-Schuhgr\u00f6\u00dfe:<\/strong> UK 6<br \/>\n<strong>US-Schuhgr\u00f6\u00dfe:<\/strong> US 8<br \/>\n<strong>Verschluss:<\/strong> Schn\u00fcrung<br \/>\n<strong>Vintage:<\/strong> Nein<\/p>","protected":false},"featured_media":77125,"comment_status":"open","ping_status":"closed","template":"","meta":{"_seopress_robots_primary_cat":"","_seopress_titles_title":"","_seopress_titles_desc":"","_seopress_robots_index":""},"product_brand":[],"product_cat":[1348,1360,1367],"product_tag":[],"class_list":{"0":"post-77016","1":"product","2":"type-product","3":"status-publish","4":"has-post-thumbnail","6":"product_cat-damen-mode","7":"product_cat-schuhe","8":"product_cat-sneakers","9":"product_shipping_class-standard-versand","11":"first","12":"instock","13":"sale","14":"taxable","15":"shipping-taxable","16":"purchasable","17":"product-type-simple"},"_links":{"self":[{"href":"https:\/\/www.soanam.de\/es\/wp-json\/wp\/v2\/product\/77016","targetHints":{"allow":["GET"]}}],"collection":[{"href":"https:\/\/www.soanam.de\/es\/wp-json\/wp\/v2\/product"}],"about":[{"href":"https:\/\/www.soanam.de\/es\/wp-json\/wp\/v2\/types\/product"}],"replies":[{"embeddable":true,"href":"https:\/\/www.soanam.de\/es\/wp-json\/wp\/v2\/comments?post=77016"}],"wp:featuredmedia":[{"embeddable":true,"href":"https:\/\/www.soanam.de\/es\/wp-json\/wp\/v2\/media\/77125"}],"wp:attachment":[{"href":"https:\/\/www.soanam.de\/es\/wp-json\/wp\/v2\/media?parent=77016"}],"wp:term":[{"taxonomy":"product_brand","embeddable":true,"href":"https:\/\/www.soanam.de\/es\/wp-json\/wp\/v2\/product_brand?post=77016"},{"taxonomy":"product_cat","embeddable":true,"href":"https:\/\/www.soanam.de\/es\/wp-json\/wp\/v2\/product_cat?post=77016"},{"taxonomy":"product_tag","embeddable":true,"href":"https:\/\/www.soanam.de\/es\/wp-json\/wp\/v2\/product_tag?post=77016"}],"curies":[{"name":"wp","href":"https:\/\/api.w.org\/{rel}","templated":true}]}}