{"id":77012,"date":"2023-12-13T20:32:12","date_gmt":"2023-12-13T19:32:12","guid":{"rendered":"https:\/\/www.soanam.de\/?post_type=product&#038;p=77012"},"modified":"2023-12-13T20:36:22","modified_gmt":"2023-12-13T19:36:22","slug":"nike-x-matthew-m-williams-chaqueta-funcional","status":"publish","type":"product","link":"https:\/\/www.soanam.de\/es\/produkt\/nike-x-matthew-m-williams-funktionsjacke\/","title":{"rendered":"Chaqueta funcional Nike x Matthew M. Williams"},"content":{"rendered":"<div><span style=\"font-family: Arial;\"><b>Chaqueta\/corsario Nike x Matthew M. Williams para hombre, en negro, talla XS<\/b><\/span><\/div>\n<div><span style=\"font-family: Arial;\"><b>\u00a0<\/b><\/span><\/div>\n<div><span style=\"font-family: Arial;\"><b>Descripci\u00f3n de la<\/b><\/span><\/div>\n<ul>\n<li><span style=\"font-family: Arial;\">La chaqueta Nike x MMW impresiona con un dise\u00f1o resistente a la intemperie y personalizable que garantiza la comodidad todos los d\u00edas y a cualquier temperatura.\u00a0<\/span><\/li>\n<li><span style=\"font-family: Arial;\">La prenda puede llevarse como chaqueta para protegerse.\u00a0<\/span><\/li>\n<li><span style=\"font-family: Arial;\">Tambi\u00e9n puedes quitarle las mangas para convertirlo en chaleco.\u00a0<\/span><\/li>\n<li><span style=\"font-family: Arial;\">Es el siguiente paso en la formaci\u00f3n, desarrollada para el deporte, la cultura y el esp\u00edritu.<\/span><\/li>\n<\/ul>\n<div><span style=\"font-family: Arial;\"><b>Desafiar a los elementos<\/b><\/span><\/div>\n<ul>\n<li><span style=\"font-family: Arial;\">El material tejido proporciona protecci\u00f3n contra el viento y comodidad. Las propiedades de Gore-Tex en toda la prenda la hacen impermeable y te mantienen seco incluso con tiempo h\u00famedo.<\/span><\/li>\n<\/ul>\n<div><span style=\"font-family: Arial;\"><b>Mant\u00e9n la calma<\/b><\/span><\/div>\n<ul>\n<li><span style=\"font-family: Arial;\">Utilizando las innovaciones del equipo NXT, el chaleco incorpora paquetes de refrigeraci\u00f3n por agua congelable en el pecho para mantenerte fresco cuando el tiempo (y tu entrenamiento) te acaloren. Las mangas y la capucha tambi\u00e9n se pueden quitar para convertir la chaqueta en un chaleco de manga corta.<\/span><\/li>\n<\/ul>\n<div><span style=\"font-family: Arial;\"><b>Protecci\u00f3n contra la intemperie<\/b><\/span><\/div>\n<ul>\n<li><span style=\"font-family: Arial;\">La capucha ajustable garantiza la protecci\u00f3n. El cuello es adecuado para cubrir la cara y protege del viento y la lluvia.<\/span><\/li>\n<\/ul>\n<div><span style=\"font-family: Arial;\"><b>M\u00e1s ventajas<\/b><\/span><\/div>\n<ul>\n<li><span style=\"font-family: Arial;\">La tecnolog\u00eda que absorbe el sudor te mantiene seco y c\u00f3modo.<\/span><\/li>\n<li><span style=\"font-family: Arial;\">Los detalles de malla garantizan una mejor circulaci\u00f3n del aire.<\/span><\/li>\n<li><span style=\"font-family: Arial;\">Las dos bolsas de viaje son adecuadas para guardar objetos peque\u00f1os.<\/span><\/li>\n<li><span style=\"font-family: Arial;\">Una solapa en la parte posterior mejora la ventilaci\u00f3n.<\/span><\/li>\n<li><span style=\"font-family: Arial;\">Costuras duraderas que protegen del viento y la lluvia.<\/span><\/li>\n<\/ul>\n<div><span style=\"font-family: Arial;\"><b>Informaci\u00f3n sobre el producto<\/b><\/span><\/div>\n<ul>\n<li><span style=\"font-family: Arial;\">Gr\u00e1ficos inspirados en la formaci\u00f3n en Kanji japon\u00e9s<\/span><\/li>\n<li><span style=\"font-family: Arial;\">Cremallera entera<\/span><\/li>\n<li><span style=\"font-family: Arial;\">Cuerpo: 100 poli\u00e9ster %;<\/span><\/li>\n<li><span style=\"font-family: Arial;\">Malla: 79 % poli\u00e9ster\/21 % elast\u00e1n;<\/span><\/li>\n<li><span style=\"font-family: Arial;\">Lavado a m\u00e1quina<\/span><\/li>\n<li><span style=\"font-family: Arial;\">Importado<\/span><\/li>\n<\/ul>\n<div><span style=\"font-family: Arial;\"><b>Talla y ajuste<\/b><\/span><\/div>\n<ul>\n<li><span style=\"font-family: Arial;\">Corte est\u00e1ndar para una sensaci\u00f3n relajada y sencilla<\/span><\/li>\n<\/ul>","protected":false},"excerpt":{"rendered":"<p><strong>Artikelmerkmale<\/strong><\/p>\n<p><strong>Artikelzustand:<\/strong> Neu mit Etikett: Neuer, unbenutzter und nicht getragener Artikel in der Originalverpackung<\/p>\n<p><strong>Abteilung:<\/strong> Herren<br \/>\n<strong>Aktivit\u00e4t:<\/strong> Cross-Training<br \/>\n<strong>Anlass:<\/strong> Freizeit, Reise<br \/>\n<strong>Au\u00dfenmaterial:<\/strong> Poli\u00e9ster<br \/>\n<strong>Caracter\u00edsticas especiales:<\/strong> einfrierbare Wasser-K\u00fchlpakete, Jacke oder Weste, wetterfest, Windschutz, Wasserdicht<br \/>\n<strong>Futtermaterial:<\/strong> Poli\u00e9ster<br \/>\n<strong>Gewebeart:<\/strong> Gore-Tex<br \/>\n<strong>Gr\u00f6\u00dfenkategorie:<\/strong> Normalgr\u00f6\u00dfe<br \/>\n<strong>Jahreszeit:<\/strong> Fr\u00fchling, Herbst<br \/>\n<strong>Modell:<\/strong> CT1042-010<br \/>\n<strong>Produktart:<\/strong> Jacke<br \/>\n<strong>Stil:<\/strong> Funktionsjacke<br \/>\n<strong>Thema:<\/strong> Sport<br \/>\n<strong>Verschluss:<\/strong> Cierre de cremallera<br \/>\n<strong>Vintage:<\/strong> Nein<\/p>","protected":false},"featured_media":77095,"comment_status":"open","ping_status":"closed","template":"","meta":{"_seopress_robots_primary_cat":"","_seopress_titles_title":"","_seopress_titles_desc":"","_seopress_robots_index":""},"product_brand":[],"product_cat":[1345,1363,1364],"product_tag":[],"class_list":{"0":"post-77012","1":"product","2":"type-product","3":"status-publish","4":"has-post-thumbnail","6":"product_cat-herrenmode","7":"product_cat-jacken-maentel-herrenmode","8":"product_cat-funktionsjacken","9":"product_shipping_class-standard-versand","11":"first","12":"instock","13":"sale","14":"taxable","15":"shipping-taxable","16":"purchasable","17":"product-type-simple"},"_links":{"self":[{"href":"https:\/\/www.soanam.de\/es\/wp-json\/wp\/v2\/product\/77012","targetHints":{"allow":["GET"]}}],"collection":[{"href":"https:\/\/www.soanam.de\/es\/wp-json\/wp\/v2\/product"}],"about":[{"href":"https:\/\/www.soanam.de\/es\/wp-json\/wp\/v2\/types\/product"}],"replies":[{"embeddable":true,"href":"https:\/\/www.soanam.de\/es\/wp-json\/wp\/v2\/comments?post=77012"}],"wp:featuredmedia":[{"embeddable":true,"href":"https:\/\/www.soanam.de\/es\/wp-json\/wp\/v2\/media\/77095"}],"wp:attachment":[{"href":"https:\/\/www.soanam.de\/es\/wp-json\/wp\/v2\/media?parent=77012"}],"wp:term":[{"taxonomy":"product_brand","embeddable":true,"href":"https:\/\/www.soanam.de\/es\/wp-json\/wp\/v2\/product_brand?post=77012"},{"taxonomy":"product_cat","embeddable":true,"href":"https:\/\/www.soanam.de\/es\/wp-json\/wp\/v2\/product_cat?post=77012"},{"taxonomy":"product_tag","embeddable":true,"href":"https:\/\/www.soanam.de\/es\/wp-json\/wp\/v2\/product_tag?post=77012"}],"curies":[{"name":"wp","href":"https:\/\/api.w.org\/{rel}","templated":true}]}}