{"id":77004,"date":"2023-12-13T20:32:09","date_gmt":"2023-12-13T19:32:09","guid":{"rendered":"https:\/\/www.soanam.de\/?post_type=product&#038;p=77004"},"modified":"2023-12-13T20:33:42","modified_gmt":"2023-12-13T19:33:42","slug":"name-it-nittrap-vaqueros-para-chicos-skinny-fit-en-negro-talla-116-usados","status":"publish","type":"product","link":"https:\/\/www.soanam.de\/es\/produkt\/name-it-nittrap-jeans-fuer-jungen-skinny-fit-in-black-used-groesse-116\/","title":{"rendered":"Name it NITTRAP - Vaqueros para chicos, skinny fit, en Negro usado, talla 116"},"content":{"rendered":"<p>Los vaqueros pitillo el\u00e1sticos NITTRAP para chico de NAME IT presentan modernos puntos de abrasi\u00f3n y un lavado de aspecto usado. La cintura el\u00e1stica en el interior permite ajustar el ancho individualmente.<\/p>\n<p>Ajuste: Skinny fit<br \/>\nAltura de la cintura: Normal<br \/>\nLongitud: hasta el tobillo<br \/>\nCierre: con corchete y cremallera<br \/>\nEstilo: Cinco bolsillos<br \/>\nBolsillos de pantal\u00f3n: Bolsillos traseros, bolsillos laterales<br \/>\nForma de la pierna: c\u00f3nica, pierna estrecha hacia el dobladillo<\/p>\n<p>Material: algod\u00f3n 83%, poli\u00e9ster 16%, elastano 1%<br \/>\nInstrucciones de cuidado: Lavable a m\u00e1quina a 30\u00b0, del rev\u00e9s<\/p>\n<p>Cintura: 53 cm<br \/>\nPer\u00edmetro de la cadera: 58 cm<br \/>\nLongitud del pelda\u00f1o:49cm<br \/>\nLongitud total: 66,5 cm<\/p>","protected":false},"excerpt":{"rendered":"<p>Ajuste: Skinny fit<br \/>\nAltura de la cintura: Normal<br \/>\nLongitud: hasta el tobillo<br \/>\nCierre: con corchete y cremallera<br \/>\nEstilo: Cinco bolsillos<br \/>\nBolsillos de pantal\u00f3n: Bolsillos traseros, bolsillos laterales<br \/>\nForma de la pierna: c\u00f3nica, pierna estrecha hacia el dobladillo<\/p>","protected":false},"featured_media":77046,"comment_status":"open","ping_status":"closed","template":"","meta":{"_seopress_robots_primary_cat":"","_seopress_titles_title":"","_seopress_titles_desc":"","_seopress_robots_index":""},"product_brand":[],"product_cat":[1351,1352,1353],"product_tag":[],"class_list":{"0":"post-77004","1":"product","2":"type-product","3":"status-publish","4":"has-post-thumbnail","6":"product_cat-kindermode","7":"product_cat-hosen-kindermode","8":"product_cat-jeans-hosen-kindermode","9":"product_shipping_class-standard-versand","11":"first","12":"instock","13":"sale","14":"taxable","15":"shipping-taxable","16":"purchasable","17":"product-type-simple"},"_links":{"self":[{"href":"https:\/\/www.soanam.de\/es\/wp-json\/wp\/v2\/product\/77004","targetHints":{"allow":["GET"]}}],"collection":[{"href":"https:\/\/www.soanam.de\/es\/wp-json\/wp\/v2\/product"}],"about":[{"href":"https:\/\/www.soanam.de\/es\/wp-json\/wp\/v2\/types\/product"}],"replies":[{"embeddable":true,"href":"https:\/\/www.soanam.de\/es\/wp-json\/wp\/v2\/comments?post=77004"}],"wp:featuredmedia":[{"embeddable":true,"href":"https:\/\/www.soanam.de\/es\/wp-json\/wp\/v2\/media\/77046"}],"wp:attachment":[{"href":"https:\/\/www.soanam.de\/es\/wp-json\/wp\/v2\/media?parent=77004"}],"wp:term":[{"taxonomy":"product_brand","embeddable":true,"href":"https:\/\/www.soanam.de\/es\/wp-json\/wp\/v2\/product_brand?post=77004"},{"taxonomy":"product_cat","embeddable":true,"href":"https:\/\/www.soanam.de\/es\/wp-json\/wp\/v2\/product_cat?post=77004"},{"taxonomy":"product_tag","embeddable":true,"href":"https:\/\/www.soanam.de\/es\/wp-json\/wp\/v2\/product_tag?post=77004"}],"curies":[{"name":"wp","href":"https:\/\/api.w.org\/{rel}","templated":true}]}}