{"id":8,"date":"2023-12-02T00:01:47","date_gmt":"2023-12-01T23:01:47","guid":{"rendered":"https:\/\/www.soanam.de\/warenkorb\/"},"modified":"2023-12-20T03:22:23","modified_gmt":"2023-12-20T02:22:23","slug":"cesta-de-la-compra","status":"publish","type":"page","link":"https:\/\/www.soanam.de\/es\/warenkorb\/","title":{"rendered":"Cesta de la compra"},"content":{"rendered":"","protected":false},"excerpt":{"rendered":"","protected":false},"author":1,"featured_media":0,"parent":0,"menu_order":0,"comment_status":"closed","ping_status":"closed","template":"","meta":{"_seopress_robots_primary_cat":"","_seopress_titles_title":"Warenkorb","_seopress_titles_desc":"Hier k\u00f6nnen Sie Artikel hinzuf\u00fcgen, entfernen oder die Menge anpassen. Profitieren Sie von einer klaren \u00dcbersicht.","_seopress_robots_index":"yes","footnotes":""},"class_list":["post-8","page","type-page","status-publish","hentry"],"_links":{"self":[{"href":"https:\/\/www.soanam.de\/es\/wp-json\/wp\/v2\/pages\/8","targetHints":{"allow":["GET"]}}],"collection":[{"href":"https:\/\/www.soanam.de\/es\/wp-json\/wp\/v2\/pages"}],"about":[{"href":"https:\/\/www.soanam.de\/es\/wp-json\/wp\/v2\/types\/page"}],"author":[{"embeddable":true,"href":"https:\/\/www.soanam.de\/es\/wp-json\/wp\/v2\/users\/1"}],"replies":[{"embeddable":true,"href":"https:\/\/www.soanam.de\/es\/wp-json\/wp\/v2\/comments?post=8"}],"version-history":[{"count":0,"href":"https:\/\/www.soanam.de\/es\/wp-json\/wp\/v2\/pages\/8\/revisions"}],"wp:attachment":[{"href":"https:\/\/www.soanam.de\/es\/wp-json\/wp\/v2\/media?parent=8"}],"curies":[{"name":"wp","href":"https:\/\/api.w.org\/{rel}","templated":true}]}}