{"id":6846,"date":"2023-12-03T02:30:52","date_gmt":"2023-12-03T01:30:52","guid":{"rendered":"https:\/\/www.soanam.de\/versandarten\/"},"modified":"2023-12-03T17:52:49","modified_gmt":"2023-12-03T16:52:49","slug":"metodos-de-envio","status":"publish","type":"page","link":"https:\/\/www.soanam.de\/es\/versandarten\/","title":{"rendered":"M\u00e9todos de env\u00edo"},"content":{"rendered":"<p>Enviamos a todo el mundo: \u00a1compre sin riesgo!<\/p>\n<h2>Gastos de env\u00edo:<\/h2>\n<p>Los gastos de env\u00edo var\u00edan de un art\u00edculo a otro.<\/p>\n<p>Puede elegir entre env\u00edo no asegurado (no asumimos ninguna responsabilidad por el env\u00edo no asegurado) y env\u00edo asegurado (se enviar\u00e1 con env\u00edo Hermes).<\/p>\n<p>Los gastos de env\u00edo oscilan entre 1,00 y 6,90 EUR.<\/p>\n<p>Los gastos de env\u00edo por art\u00edculo adicional, por ejemplo para pedidos mixtos, son de 0,50 EUR.<\/p>\n<p>El env\u00edo se realiza a trav\u00e9s de los siguientes servicios de transporte:<\/p>\n<ul>\n<li>Correo alem\u00e1n ( http:\/\/www.deutschepost.de )<\/li>\n<li>DPD (Servicio Alem\u00e1n de Paqueter\u00eda); ( http:\/\/www.dpd.de )<\/li>\n<li>DHL (Deutsche Post World Net) ( http:\/\/www.dhl.de )<\/li>\n<li>PIN AG ( http:\/\/www.pin-ag.de )<\/li>\n<li>Servicio de paqueter\u00eda Hermes ( http:\/\/www.hermespaketshop.de )<\/li>\n<\/ul>\n<p>El cliente puede recoger la mercanc\u00eda por tel\u00e9fono o por correo electr\u00f3nico.<\/p>","protected":false},"excerpt":{"rendered":"<p>Wir versenden Weltweit \u2013 Kaufen ohne Risiko! Versandkosten: Die Versandkosten sind von Artikel zu Artikel unterschiedlich. Sie k\u00f6nnen zwischen unversichertem ( Bei unversichertem Versand \u00fcbernehmen wir keine Haftung.) und versichertem Versand ( wird mit dem Hermes Versand verschickt ) w\u00e4hlen. Die Versandkosten bewegen sich zwischen 1,00 \u2013 6,90 EUR. Versandgeb\u00fchren pro weiterem Artikel z.B. bei [&hellip;]<\/p>\n","protected":false},"author":1,"featured_media":0,"parent":0,"menu_order":0,"comment_status":"closed","ping_status":"closed","template":"","meta":{"_seopress_robots_primary_cat":"","_seopress_titles_title":"","_seopress_titles_desc":"","_seopress_robots_index":"","footnotes":""},"class_list":["post-6846","page","type-page","status-publish","hentry"],"_links":{"self":[{"href":"https:\/\/www.soanam.de\/es\/wp-json\/wp\/v2\/pages\/6846","targetHints":{"allow":["GET"]}}],"collection":[{"href":"https:\/\/www.soanam.de\/es\/wp-json\/wp\/v2\/pages"}],"about":[{"href":"https:\/\/www.soanam.de\/es\/wp-json\/wp\/v2\/types\/page"}],"author":[{"embeddable":true,"href":"https:\/\/www.soanam.de\/es\/wp-json\/wp\/v2\/users\/1"}],"replies":[{"embeddable":true,"href":"https:\/\/www.soanam.de\/es\/wp-json\/wp\/v2\/comments?post=6846"}],"version-history":[{"count":0,"href":"https:\/\/www.soanam.de\/es\/wp-json\/wp\/v2\/pages\/6846\/revisions"}],"wp:attachment":[{"href":"https:\/\/www.soanam.de\/es\/wp-json\/wp\/v2\/media?parent=6846"}],"curies":[{"name":"wp","href":"https:\/\/api.w.org\/{rel}","templated":true}]}}