{"id":6845,"date":"2023-12-03T02:30:52","date_gmt":"2023-12-03T01:30:52","guid":{"rendered":"https:\/\/www.soanam.de\/widerrufsbelehrung\/"},"modified":"2024-08-21T16:42:42","modified_gmt":"2024-08-21T14:42:42","slug":"politica-de-cancelacion","status":"publish","type":"page","link":"https:\/\/www.soanam.de\/es\/widerrufsbelehrung\/","title":{"rendered":"Pol\u00edtica de anulaci\u00f3n"},"content":{"rendered":"<h3>Derecho de cancelaci\u00f3n para los consumidores<\/h3>\n<p>(Un consumidor es toda persona f\u00edsica que celebra un negocio jur\u00eddico con fines predominantemente ajenos a su actividad comercial, empresarial o profesional).<\/p>\n<h1>Pol\u00edtica de anulaci\u00f3n<\/h1>\n<h3>Derecho de anulaci\u00f3n<\/h3>\n<p>Tiene derecho a rescindir este contrato en un plazo de catorce d\u00edas sin necesidad de justificaci\u00f3n.<\/p>\n<p>El plazo de cancelaci\u00f3n es de catorce d\u00edas a partir de la fecha,<\/p>\n<ul>\n<li>en la que usted o un tercero nombrado por usted, que no sea el transportista, haya tomado o tome posesi\u00f3n de las mercanc\u00edas, siempre que usted haya encargado una o varias mercanc\u00edas como parte de un \u00fanico pedido y \u00e9stas se entreguen o vayan a entregarse de manera uniforme, o bien<\/li>\n<li>en la que usted o un tercero nombrado por usted, que no sea el transportista, haya tomado posesi\u00f3n de la \u00faltima mercanc\u00eda, siempre que usted haya pedido varias mercanc\u00edas como parte de un \u00fanico pedido y \u00e9stas se entreguen por separado, o bien<\/li>\n<li>en el que usted o un tercero nombrado por usted, que no sea el transportista, haya tomado posesi\u00f3n del \u00faltimo env\u00edo parcial o de la \u00faltima pieza, si usted ha encargado mercanc\u00edas que se entregan en varios env\u00edos parciales o piezas, o<\/li>\n<li>en la que usted o un tercero nombrado por usted, que no sea el transportista, haya tomado posesi\u00f3n de las primeras mercanc\u00edas, siempre que usted haya celebrado un contrato para la entrega peri\u00f3dica de mercanc\u00edas durante un per\u00edodo de tiempo determinado.<\/li>\n<\/ul>\n<p>Um Ihr Widerrufsrecht auszu\u00fcben, m\u00fcssen Sie uns (Uttam's GbR, Sachsenhausener Str. 23a, OG \u2013 B\u00fcro 2006, 16515 Brandenburg \u2013 Oranienburg, Deutschland, Telefonnummer: +49 (0) 3301 2086393, E-Mail-Adresse: info@soanam.de)\u00a0mittels einer eindeutigen Erkl\u00e4rung (z.B. ein mit der Post versandter Brief, E-Mail) \u00fcber Ihren Entschluss, diesen Vertrag zu widerrufen, informieren. Sie k\u00f6nnen daf\u00fcr das beigef\u00fcgte Muster-Widerrufsformular verwenden, das jedoch nicht vorgeschrieben ist. Sie k\u00f6nnen das Muster-Widerrufsformular oder eine andere eindeutige Erkl\u00e4rung auch auf unserer Webseite https:\/\/www.soanam.de\/widerrufsbelehrung\/ elektronisch ausf\u00fcllen und \u00fcbermitteln. Machen Sie von dieser M\u00f6glichkeit Gebrauch, so werden wir Ihnen unverz\u00fcglich (z. B. per E-Mail) eine Best\u00e4tigung \u00fcber den Eingang eines solchen Widerrufs \u00fcbermitteln.<\/p>\n<p>Para cumplir el plazo de cancelaci\u00f3n, basta con que env\u00ede su notificaci\u00f3n de ejercicio del derecho de cancelaci\u00f3n antes de que expire el plazo de cancelaci\u00f3n.<\/p>\n<h3>Consecuencias de la anulaci\u00f3n<\/h3>\n<p>Si desiste del presente contrato, le reembolsaremos todos los pagos que hayamos recibido de usted, incluidos los gastos de entrega (con excepci\u00f3n de los gastos suplementarios resultantes de la elecci\u00f3n por su parte de un tipo de entrega distinto del tipo menos costoso de entrega ordinaria que ofrezcamos), sin ninguna demora indebida y, en cualquier caso, a m\u00e1s tardar 14 d\u00edas a partir del d\u00eda en que se nos informe de su decisi\u00f3n de desistir del presente contrato. Para este reembolso, utilizaremos el mismo medio de pago que usted utiliz\u00f3 para la transacci\u00f3n original, salvo que se haya acordado expresamente otra cosa con usted; en ning\u00fan caso se le cobrar\u00e1n comisiones por este reembolso.<\/p>\n<p>Podremos negarnos a reembolsarle el importe hasta que hayamos recibido los bienes o hasta que usted haya presentado una prueba de que ha devuelto los bienes, seg\u00fan qu\u00e9 condici\u00f3n se cumpla primero.<\/p>\n<p>Debe devolvernos o entregarnos los bienes inmediatamente y, en cualquier caso, en un plazo m\u00e1ximo de catorce d\u00edas a partir del d\u00eda en que nos informe de la rescisi\u00f3n del presente contrato. El plazo se cumple si usted env\u00eda los bienes antes de que haya expirado el plazo de catorce d\u00edas.<\/p>\n<p>Usted corre con los gastos directos de devoluci\u00f3n de la mercanc\u00eda.<\/p>\n<p>S\u00f3lo tiene que pagar por la p\u00e9rdida de valor de los bienes si dicha p\u00e9rdida de valor se debe a una manipulaci\u00f3n de los bienes que no sea necesaria para comprobar su estado, propiedades y funcionalidad.<\/p>\n<h2>Modelo de formulario de cancelaci\u00f3n<\/h2>\n<p>(Si desea rescindir el contrato, rellene y devuelva este formulario).<\/p>\n<p>- Para<\/p>\n<p>Uttam's GbR, Sachsenhausener Str. 23a, OG \u2013 B\u00fcro 2006, 16515 Brandenburg \u2013 Oranienburg, Deutschland, Telefonnummer: +49 (0) 3301 2086393, E-Mail-Adresse: info@soanam.de<\/p>\n<p>- Por la presente, yo\/nosotros (*) rescindimos el contrato celebrado por m\u00ed\/nosotros (*) para la adquisici\u00f3n de los siguientes bienes (*)\/la prestaci\u00f3n del siguiente servicio (*)<\/p>\n<p>- Pedido el (*)\/recibido el (*)<\/p>\n<p>- Nombre del consumidor o consumidores<\/p>\n<p>- Direcci\u00f3n del consumidor o consumidores<\/p>\n<p>- Firma del consumidor o consumidores (s\u00f3lo para notificaciones en papel)<\/p>\n<p>- fecha<\/p>\n<p>___________<br \/>\n(*) T\u00e1chese lo que no proceda.<\/p>","protected":false},"excerpt":{"rendered":"<p>Widerrufsrecht f\u00fcr Verbraucher (Verbraucher ist jede nat\u00fcrliche Person, die ein Rechtsgesch\u00e4ft zu Zwecken abschlie\u00dft, die \u00fcberwiegend weder ihrer gewerblichen noch ihrer selbstst\u00e4ndigen beruflichen T\u00e4tigkeit zugerechnet werden kann.) Widerrufsbelehrung Widerrufsrecht Sie haben das Recht, binnen vierzehn Tagen ohne Angabe von Gr\u00fcnden diesen Vertrag zu widerrufen. Die Widerrufsfrist betr\u00e4gt vierzehn Tage ab dem Tag, an dem Sie [&hellip;]<\/p>\n","protected":false},"author":1,"featured_media":0,"parent":0,"menu_order":0,"comment_status":"closed","ping_status":"closed","template":"","meta":{"_seopress_robots_primary_cat":"","_seopress_titles_title":"","_seopress_titles_desc":"","_seopress_robots_index":"","footnotes":""},"class_list":["post-6845","page","type-page","status-publish","hentry"],"_links":{"self":[{"href":"https:\/\/www.soanam.de\/es\/wp-json\/wp\/v2\/pages\/6845","targetHints":{"allow":["GET"]}}],"collection":[{"href":"https:\/\/www.soanam.de\/es\/wp-json\/wp\/v2\/pages"}],"about":[{"href":"https:\/\/www.soanam.de\/es\/wp-json\/wp\/v2\/types\/page"}],"author":[{"embeddable":true,"href":"https:\/\/www.soanam.de\/es\/wp-json\/wp\/v2\/users\/1"}],"replies":[{"embeddable":true,"href":"https:\/\/www.soanam.de\/es\/wp-json\/wp\/v2\/comments?post=6845"}],"version-history":[{"count":0,"href":"https:\/\/www.soanam.de\/es\/wp-json\/wp\/v2\/pages\/6845\/revisions"}],"wp:attachment":[{"href":"https:\/\/www.soanam.de\/es\/wp-json\/wp\/v2\/media?parent=6845"}],"curies":[{"name":"wp","href":"https:\/\/api.w.org\/{rel}","templated":true}]}}