{"id":6842,"date":"2023-12-03T02:30:52","date_gmt":"2023-12-03T01:30:52","guid":{"rendered":"https:\/\/www.soanam.de\/impressum\/"},"modified":"2023-12-03T17:52:00","modified_gmt":"2023-12-03T16:52:00","slug":"imprimir","status":"publish","type":"page","link":"https:\/\/www.soanam.de\/es\/impressum\/","title":{"rendered":"Pie de imprenta"},"content":{"rendered":"<h2>Informaci\u00f3n seg\u00fan \u00a7 5 TMG<\/h2>\n<p>Uttam's GbR<br \/>\nSachsenhausener Str. 23a<br \/>\nPrimera planta - Oficina 2006<br \/>\n16515 Oranienburg<\/p>\n<p><strong>Representado por:<\/strong><br \/>\nSimone Uttam<br \/>\nKamal Uttam<\/p>\n<h2>P\u00f3ngase en contacto con nosotros<\/h2>\n<p>Tel\u00e9fono: +49 (0) 3301 2086393<br \/>\nFax: +49 (0) 03301 5737770<br \/>\nCorreo electr\u00f3nico: info@soanam.de<\/p>\n<h2>N\u00famero de identificaci\u00f3n fiscal<\/h2>\n<p>N\u00famero de identificaci\u00f3n fiscal conforme al art\u00edculo 27 a de la Ley del impuesto sobre el volumen de negocios:<br \/>\nDE329720884<\/p>\n<div class=\"woocommerce woocommerce-gzd woocommerce-gzd-complaints-shortcode\">\n\t\t\t<h3>Alternative Dispute Resolution in accordance with Art. 14 (1) ODR-VO and \u00a7 36 VSBG:<\/h3>\n\t\n<p>La Comisi\u00f3n Europea ofrece una plataforma para la resoluci\u00f3n de litigios en l\u00ednea (OS), a la que puede acceder en <a href=\"https:\/\/ec.europa.eu\/consumers\/odr\" target=\"_blank\">https:\/\/ec.europa.eu\/consumers\/odr<\/a> encontrar. No estamos obligados ni dispuestos a participar en un procedimiento de resoluci\u00f3n de litigios ante una junta arbitral de consumo.<\/p>\n<\/div>\n<p>Fuente: <a href=\"https:\/\/www.e-recht24.de\">eRecht24<\/a><\/p>","protected":false},"excerpt":{"rendered":"<p>Angaben gem\u00e4\u00df \u00a7 5 TMG Uttam's GbR Sachsenhausener Str. 23a OG \u2013 B\u00fcro 2006 16515 Oranienburg Vertreten durch: Simone Uttam Kamal Uttam Kontakt Telefon: +49 (0) 3301 2086393 Telefax: +49 (0) 03301 5737770 E-Mail: info@soanam.de Umsatzsteuer-ID Umsatzsteuer-Identifikationsnummer gem\u00e4\u00df \u00a7 27 a Umsatzsteuergesetz: DE329720884 Quelle: eRecht24<\/p>","protected":false},"author":1,"featured_media":0,"parent":0,"menu_order":0,"comment_status":"closed","ping_status":"closed","template":"","meta":{"_seopress_robots_primary_cat":"","_seopress_titles_title":"Impressum","_seopress_titles_desc":"Hier finden Sie unsere vollst\u00e4ndigen Kontaktdaten, rechtliche Angaben und Vertretungsberechtigungen.","_seopress_robots_index":"","footnotes":""},"class_list":["post-6842","page","type-page","status-publish","hentry"],"_links":{"self":[{"href":"https:\/\/www.soanam.de\/es\/wp-json\/wp\/v2\/pages\/6842","targetHints":{"allow":["GET"]}}],"collection":[{"href":"https:\/\/www.soanam.de\/es\/wp-json\/wp\/v2\/pages"}],"about":[{"href":"https:\/\/www.soanam.de\/es\/wp-json\/wp\/v2\/types\/page"}],"author":[{"embeddable":true,"href":"https:\/\/www.soanam.de\/es\/wp-json\/wp\/v2\/users\/1"}],"replies":[{"embeddable":true,"href":"https:\/\/www.soanam.de\/es\/wp-json\/wp\/v2\/comments?post=6842"}],"version-history":[{"count":0,"href":"https:\/\/www.soanam.de\/es\/wp-json\/wp\/v2\/pages\/6842\/revisions"}],"wp:attachment":[{"href":"https:\/\/www.soanam.de\/es\/wp-json\/wp\/v2\/media?parent=6842"}],"curies":[{"name":"wp","href":"https:\/\/api.w.org\/{rel}","templated":true}]}}