{"id":83835,"date":"2023-12-17T23:17:20","date_gmt":"2023-12-17T22:17:20","guid":{"rendered":"https:\/\/www.soanam.de\/?post_type=product&#038;p=83835"},"modified":"2023-12-17T23:19:45","modified_gmt":"2023-12-17T22:19:45","slug":"murimage-fototapete-bricks-mauer-ziegel-3d-274-x-254-cm-6-tlg","status":"publish","type":"product","link":"https:\/\/www.soanam.de\/en\/produkt\/murimage-fototapete-bricks-mauer-ziegel-3d-274-x-254-cm-6-tlg\/","title":{"rendered":"murimage Fototapete Bricks, Mauer Ziegel 3D, 274 x 254 cm, 6-tlg."},"content":{"rendered":"<div>Zum Verkauf steht hier eine wundersch\u00f6ne, zeitlose murimage Fototapete in der Gr\u00f6\u00dfe XXL - Model \"Mauer Ziegel 3D\".<\/div>\n<div>Whether doors, walls or furniture parts - design your living environment just the way you like it.<\/div>\n<div><\/div>\n<div>This high-quality murimage wallpaper is made in Germany.<\/div>\n<div>The colors are brilliant, lightfast and odorless, making them 100% suitable for your living space.<\/div>\n<div>Easy to install with the supplied paste.<\/div>\n<div><\/div>\n<div>Sie erhalten diese Fototapete in den Ma\u00dfen 274 x 254 cm in 6 Einzelteilen zu je 128 x 92 cm (Breite x H\u00f6he) inklusive Kleister zum Verkleben, sowie eine Montageanleitung in der das Tapezieren Schritt f\u00fcr Schritt erkl\u00e4rt wird.<\/div>\n<div><\/div>\n<div>The sheets are cut in such a way that two parts always overlap by 5mm.<br \/>\nWhen pasting, the elements swell up several millimeters.<br \/>\nFor a perfect result, please leave each sheet to soak for 5 minutes.<br \/>\nAttention: Sort the individual parts before attaching! The individual parts are numbered at the bottom right of the front.<br \/>\nThe numbering is covered by the 5mm overlap during gluing and is therefore no longer visible at the end.<br \/>\nThe following accessories are recommended for installation:<br \/>\nWallpapering brush, wallpapering roller, bucket and water for mixing the paste<br \/>\nFolding rule, pencil &amp; spirit level, cutter, floor protection<\/div>","protected":false},"excerpt":{"rendered":"<div class=\"ux-layout-section-evo__row\">\n<div class=\"ux-layout-section-evo__col\">\n<div class=\"ux-labels-values__labels\">\n<div class=\"ux-labels-values__labels-content\">\n<div><span class=\"ux-textspans\">Produktart: <\/span>Fototapete<\/div>\n<\/div>\n<\/div>\n<\/div>\n<div class=\"ux-layout-section-evo__col\">\n<div class=\"ux-labels-values__labels\">\n<div class=\"ux-labels-values__labels-content\">\n<div><span class=\"ux-textspans\">Material: <\/span>Papier<\/div>\n<\/div>\n<\/div>\n<\/div>\n<\/div>\n<div class=\"ux-layout-section-evo__row\">\n<div class=\"ux-layout-section-evo__col\">\n<div class=\"ux-labels-values__labels\">\n<div class=\"ux-labels-values__labels-content\">\n<div><span class=\"ux-textspans\">Besonderheiten: <\/span>3D, XXL<\/div>\n<\/div>\n<\/div>\n<\/div>\n<div class=\"ux-layout-section-evo__col\">\n<div class=\"ux-labels-values__labels\">\n<div class=\"ux-labels-values__labels-content\">\n<div><span class=\"ux-textspans\">Zimmer: <\/span>Geeignet f\u00fcr alle Zimmer<\/div>\n<\/div>\n<\/div>\n<\/div>\n<\/div>\n<div class=\"ux-layout-section-evo__row\">\n<div class=\"ux-layout-section-evo__col\">\n<div class=\"ux-labels-values__labels\">\n<div class=\"ux-labels-values__labels-content\">\n<div><span class=\"ux-textspans\">Stil: Rustikal<\/span><\/div>\n<\/div>\n<\/div>\n<\/div>\n<div class=\"ux-layout-section-evo__col\">\n<div class=\"ux-labels-values__labels\">\n<div class=\"ux-labels-values__labels-content\">\n<div><span class=\"ux-textspans\">Finish: <\/span>Fototapete<\/div>\n<\/div>\n<\/div>\n<\/div>\n<\/div>\n<div class=\"ux-layout-section-evo__row\">\n<div class=\"ux-layout-section-evo__col\">\n<div class=\"ux-labels-values__labels\">\n<div class=\"ux-labels-values__labels-content\">\n<div><span class=\"ux-textspans\">Herstellungsland und -region: <\/span>Germany<\/div>\n<\/div>\n<\/div>\n<\/div>\n<\/div>\n<div class=\"ux-layout-section-evo__row\">\n<div class=\"ux-layout-section-evo__col\">\n<div class=\"ux-labels-values__labels\">\n<div class=\"ux-labels-values__labels-content\">\n<div><span class=\"ux-textspans\">Marke: <\/span>murimage\u00ae<\/div>\n<\/div>\n<\/div>\n<\/div>\n<\/div>","protected":false},"featured_media":83868,"comment_status":"open","ping_status":"closed","template":"","meta":{"_seopress_robots_primary_cat":"","_seopress_titles_title":"","_seopress_titles_desc":"","_seopress_robots_index":""},"product_brand":[],"product_cat":[1400,1420],"product_tag":[],"class_list":{"0":"post-83835","1":"product","2":"type-product","3":"status-publish","4":"has-post-thumbnail","6":"product_cat-wohnzubehoer","7":"product_cat-wohndekoration","8":"product_shipping_class-standard-versand","10":"first","11":"instock","12":"sale","13":"taxable","14":"shipping-taxable","15":"purchasable","16":"product-type-simple"},"_links":{"self":[{"href":"https:\/\/www.soanam.de\/en\/wp-json\/wp\/v2\/product\/83835","targetHints":{"allow":["GET"]}}],"collection":[{"href":"https:\/\/www.soanam.de\/en\/wp-json\/wp\/v2\/product"}],"about":[{"href":"https:\/\/www.soanam.de\/en\/wp-json\/wp\/v2\/types\/product"}],"replies":[{"embeddable":true,"href":"https:\/\/www.soanam.de\/en\/wp-json\/wp\/v2\/comments?post=83835"}],"wp:featuredmedia":[{"embeddable":true,"href":"https:\/\/www.soanam.de\/en\/wp-json\/wp\/v2\/media\/83868"}],"wp:attachment":[{"href":"https:\/\/www.soanam.de\/en\/wp-json\/wp\/v2\/media?parent=83835"}],"wp:term":[{"taxonomy":"product_brand","embeddable":true,"href":"https:\/\/www.soanam.de\/en\/wp-json\/wp\/v2\/product_brand?post=83835"},{"taxonomy":"product_cat","embeddable":true,"href":"https:\/\/www.soanam.de\/en\/wp-json\/wp\/v2\/product_cat?post=83835"},{"taxonomy":"product_tag","embeddable":true,"href":"https:\/\/www.soanam.de\/en\/wp-json\/wp\/v2\/product_tag?post=83835"}],"curies":[{"name":"wp","href":"https:\/\/api.w.org\/{rel}","templated":true}]}}