{"id":83630,"date":"2023-12-17T02:02:46","date_gmt":"2023-12-17T01:02:46","guid":{"rendered":"https:\/\/www.soanam.de\/?post_type=product&#038;p=83630"},"modified":"2023-12-17T02:40:20","modified_gmt":"2023-12-17T01:40:20","slug":"petite-fleur-gold-underwired-bra-in-chetaah-look-black-gr-95e","status":"publish","type":"product","link":"https:\/\/www.soanam.de\/en\/produkt\/petite-fleur-gold-buegel-bh-in-chetaah-optik-schwarz-gr-95e\/","title":{"rendered":"Petite Fleur gold underwired bra in Chetaah look, black, size 95E"},"content":{"rendered":"<p>Underwired bra from petite Fleur gold<br \/>\nWide adjustable straps<br \/>\nWith underwire and underbust band<br \/>\nWide fastener with 4 hooks and eyelets<br \/>\nLined, with Chetaah print<\/p>\n<p>This underwired bra from Petite Fleur combines comfortable wear with a subtly feminine look.<br \/>\nTo guarantee a perfect fit for all sizes, the straps are wider in larger underbust sizes and cups so that they do not cut uncomfortably into the shoulders.<br \/>\nThe back and hook fasteners are also wider for a reliable hold and optimum fit. Wider elasticated straps along the edges ensure a high level of comfort and do not constrict thanks to the highly elasticated seams.<br \/>\nThis comfort is optimized at the back by a hook fastener with 3 adjustment options.<\/p>\n<p>Material: 88% polyamide, 12% elastane<br \/>\nCare instructions: Hand wash<\/p>\n<p>Color: black<br \/>\nPattern: Chetaah<br \/>\nSize: 95<br \/>\nCup: E<\/p>","protected":false},"excerpt":{"rendered":"<table class=\"dv_characteristicsTable\">\n<tbody>\n<tr>\n<td class=\"left\">Size<\/td>\n<td>95<\/td>\n<\/tr>\n<\/tbody>\n<\/table>\n<table class=\"dv_characteristicsTable\">\n<tbody>\n<tr>\n<td class=\"left\">K\u00f6rbchengr\u00f6\u00dfe<\/td>\n<td>Cup E<\/td>\n<\/tr>\n<\/tbody>\n<\/table>\n<table class=\"dv_characteristicsTable\">\n<tbody>\n<tr>\n<td class=\"left\">Color<\/td>\n<td>schwarz<\/td>\n<\/tr>\n<\/tbody>\n<\/table>\n<table class=\"dv_characteristicsTable\">\n<tbody>\n<tr>\n<td class=\"left\">Material composition<\/td>\n<td>88% Polyamid, 12% Elasthan<\/td>\n<\/tr>\n<tr>\n<td class=\"left\">Materialart<\/td>\n<td>Mesh<\/td>\n<\/tr>\n<\/tbody>\n<\/table>\n<table class=\"dv_characteristicsTable\">\n<tbody>\n<tr>\n<td class=\"left\">Optik<\/td>\n<td>gemustert<\/td>\n<\/tr>\n<tr>\n<td class=\"left\">Tr\u00e4ger<\/td>\n<td>verstellbar<\/td>\n<\/tr>\n<\/tbody>\n<\/table>\n<p>&nbsp;<\/p>","protected":false},"featured_media":83693,"comment_status":"open","ping_status":"closed","template":"","meta":{"_seopress_robots_primary_cat":"","_seopress_titles_title":"","_seopress_titles_desc":"","_seopress_robots_index":""},"product_brand":[],"product_cat":[1348,1444,1516],"product_tag":[],"class_list":{"0":"post-83630","1":"product","2":"type-product","3":"status-publish","4":"has-post-thumbnail","6":"product_cat-damen-mode","7":"product_cat-unterwaesche","8":"product_cat-bhs","9":"product_shipping_class-standard-versand","11":"first","12":"instock","13":"sale","14":"taxable","15":"shipping-taxable","16":"purchasable","17":"product-type-simple"},"_links":{"self":[{"href":"https:\/\/www.soanam.de\/en\/wp-json\/wp\/v2\/product\/83630","targetHints":{"allow":["GET"]}}],"collection":[{"href":"https:\/\/www.soanam.de\/en\/wp-json\/wp\/v2\/product"}],"about":[{"href":"https:\/\/www.soanam.de\/en\/wp-json\/wp\/v2\/types\/product"}],"replies":[{"embeddable":true,"href":"https:\/\/www.soanam.de\/en\/wp-json\/wp\/v2\/comments?post=83630"}],"wp:featuredmedia":[{"embeddable":true,"href":"https:\/\/www.soanam.de\/en\/wp-json\/wp\/v2\/media\/83693"}],"wp:attachment":[{"href":"https:\/\/www.soanam.de\/en\/wp-json\/wp\/v2\/media?parent=83630"}],"wp:term":[{"taxonomy":"product_brand","embeddable":true,"href":"https:\/\/www.soanam.de\/en\/wp-json\/wp\/v2\/product_brand?post=83630"},{"taxonomy":"product_cat","embeddable":true,"href":"https:\/\/www.soanam.de\/en\/wp-json\/wp\/v2\/product_cat?post=83630"},{"taxonomy":"product_tag","embeddable":true,"href":"https:\/\/www.soanam.de\/en\/wp-json\/wp\/v2\/product_tag?post=83630"}],"curies":[{"name":"wp","href":"https:\/\/api.w.org\/{rel}","templated":true}]}}