{"id":83588,"date":"2023-12-17T01:58:30","date_gmt":"2023-12-17T00:58:30","guid":{"rendered":"https:\/\/www.soanam.de\/?post_type=product&#038;p=83588"},"modified":"2023-12-17T02:07:58","modified_gmt":"2023-12-17T01:07:58","slug":"lascana-underwired-tankini-neckholder-in-navy-size-36a","status":"publish","type":"product","link":"https:\/\/www.soanam.de\/en\/produkt\/lascana-buegel-tankini-neckholder-in-marine-gr-36a\/","title":{"rendered":"Lascana underwired halterneck tankini, in navy, size 36A"},"content":{"rendered":"<p>Figure-friendly A-shape<br \/>\nCovers the stomach<br \/>\nDoes not fit snugly<br \/>\nIntegrated underwire<br \/>\nRemovable straps<\/p>\n<p>The tankini by Lascana has integrated underwires and an underbust band with a decorative gold bar at the front.<br \/>\nThe top has a slightly flared A-line design that conceals the tummy and charmingly forgives small problem areas on the stomach and hips.<br \/>\nThe straps can be removed or worn as a halterneck.<br \/>\nThe trousers are plain-colored and have a regular, comfortable fit.<\/p>\n<p>Material: 86% polyamide, 14% elastane, lining: 100% polyamide.<br \/>\nCare instructions: Hand wash<\/p>\n<p>Color: navy<br \/>\nPattern: without<br \/>\nSize: 36 Cup size A<\/p>","protected":false},"excerpt":{"rendered":"<table class=\"dv_characteristicsTable\">\n<tbody>\n<tr>\n<td class=\"left\">Size<\/td>\n<td>36<\/td>\n<\/tr>\n<tr>\n<td class=\"left\">K\u00f6rbchengr\u00f6\u00dfe<\/td>\n<td>Cup A<\/td>\n<\/tr>\n<tr>\n<td class=\"left\">Color<\/td>\n<td>marine<\/td>\n<\/tr>\n<tr>\n<td class=\"left\">Care instructions<\/td>\n<td>Hand wash<\/td>\n<\/tr>\n<tr>\n<td class=\"left\">B\u00fcgel<\/td>\n<td>mit B\u00fcgel<\/td>\n<\/tr>\n<tr>\n<td class=\"left\">Details Tr\u00e4ger<\/td>\n<td>abnehmbar<\/td>\n<\/tr>\n<tr>\n<td class=\"left\">Funktionen<\/td>\n<td>Top mit Unterbrustband und B\u00fcgel<\/td>\n<\/tr>\n<tr>\n<td class=\"left\">Material<\/td>\n<td>Polyamid<\/td>\n<\/tr>\n<tr>\n<td class=\"left\">Material composition<\/td>\n<td>Obermaterial: 86% Polyamid, 14% Elasthan. Futter: 100% Polyamid<\/td>\n<\/tr>\n<\/tbody>\n<\/table>","protected":false},"featured_media":83656,"comment_status":"open","ping_status":"closed","template":"","meta":{"_seopress_robots_primary_cat":"","_seopress_titles_title":"","_seopress_titles_desc":"","_seopress_robots_index":""},"product_brand":[],"product_cat":[1348,1562,1614],"product_tag":[],"class_list":{"0":"post-83588","1":"product","2":"type-product","3":"status-publish","4":"has-post-thumbnail","6":"product_cat-damen-mode","7":"product_cat-bademode","8":"product_cat-tankini","9":"product_shipping_class-standard-versand","11":"first","12":"instock","13":"sale","14":"taxable","15":"shipping-taxable","16":"purchasable","17":"product-type-simple"},"_links":{"self":[{"href":"https:\/\/www.soanam.de\/en\/wp-json\/wp\/v2\/product\/83588","targetHints":{"allow":["GET"]}}],"collection":[{"href":"https:\/\/www.soanam.de\/en\/wp-json\/wp\/v2\/product"}],"about":[{"href":"https:\/\/www.soanam.de\/en\/wp-json\/wp\/v2\/types\/product"}],"replies":[{"embeddable":true,"href":"https:\/\/www.soanam.de\/en\/wp-json\/wp\/v2\/comments?post=83588"}],"wp:featuredmedia":[{"embeddable":true,"href":"https:\/\/www.soanam.de\/en\/wp-json\/wp\/v2\/media\/83656"}],"wp:attachment":[{"href":"https:\/\/www.soanam.de\/en\/wp-json\/wp\/v2\/media?parent=83588"}],"wp:term":[{"taxonomy":"product_brand","embeddable":true,"href":"https:\/\/www.soanam.de\/en\/wp-json\/wp\/v2\/product_brand?post=83588"},{"taxonomy":"product_cat","embeddable":true,"href":"https:\/\/www.soanam.de\/en\/wp-json\/wp\/v2\/product_cat?post=83588"},{"taxonomy":"product_tag","embeddable":true,"href":"https:\/\/www.soanam.de\/en\/wp-json\/wp\/v2\/product_tag?post=83588"}],"curies":[{"name":"wp","href":"https:\/\/api.w.org\/{rel}","templated":true}]}}