{"id":83497,"date":"2023-12-17T01:49:32","date_gmt":"2023-12-17T00:49:32","guid":{"rendered":"https:\/\/www.soanam.de\/?post_type=product&#038;p=83497"},"modified":"2023-12-17T01:55:17","modified_gmt":"2023-12-17T00:55:17","slug":"melrose-rundhalspullover-mit-schulter-cut-outs-und-glitzersteinen-in-hellblau-gr-34","status":"publish","type":"product","link":"https:\/\/www.soanam.de\/en\/produkt\/melrose-rundhalspullover-mit-schulter-cut-outs-und-glitzersteinen-in-hellblau-gr-34\/","title":{"rendered":"Melrose Rundhalspullover mit Schulter Cut-Outs und Glitzersteinen, in Hellblau, Gr. 34"},"content":{"rendered":"<p>Eleganter Pullover von MELROSE<br \/>\nMit Schulter Cut-Outs<br \/>\nIn figurbetonter Form<br \/>\nElegante Glitzersteine<br \/>\nAus weichem Viskose-Feinstrick<\/p>\n<p>Schicker Damen-Rundhalspullover der Marke Melrose mit schimmernden Highlights durch Glitzer-Details. Mit einem h\u00fcftlangen und sehr figurbetonten Schnitt. Die Raglan\u00e4rmel sind lang. Er ist mit elegant gl\u00e4nzenden Glitzersteinen versehen und Cut-Outs an den \u00c4rmeln.<br \/>\nDurch den elastischen Feinstrick passt sich das Oberteil jeder Bewegung an.<\/p>\n<p>Material: 70% viscose, 30% polyamide<br \/>\nCare instructions: Machine wash<\/p>\n<p>Color: light blue<br \/>\nMuster: Glitzersteine<br \/>\nSize: 34<\/p>\n<p>Schulterbreite: 28cm<br \/>\nChest width: 90cm<br \/>\nSleeve length: 61cm<br \/>\nTotal length: 58cm<\/p>","protected":false},"excerpt":{"rendered":"<table class=\"dv_characteristicsTable\">\n<tbody>\n<tr>\n<td class=\"left\">Size<\/td>\n<td>34<\/td>\n<\/tr>\n<tr>\n<td class=\"left\">Material composition<\/td>\n<td>70% Viskose, 30% Polyamid<\/td>\n<\/tr>\n<tr>\n<td class=\"left\">Materialart<\/td>\n<td>Feinstrick<\/td>\n<\/tr>\n<tr>\n<td class=\"left\">Care instructions<\/td>\n<td>Machine wash<\/td>\n<\/tr>\n<tr>\n<td class=\"left\">Optik<\/td>\n<td>unifarben<\/td>\n<\/tr>\n<tr>\n<td class=\"left\">Stil<\/td>\n<td>modisch<\/td>\n<\/tr>\n<tr>\n<td class=\"left\">Color<\/td>\n<td>hellblau<\/td>\n<\/tr>\n<tr>\n<td class=\"left\">Ausschnitt<\/td>\n<td>Rundhals<\/td>\n<\/tr>\n<tr>\n<td class=\"left\">\u00c4rmel<\/td>\n<td>Long sleeve<\/td>\n<\/tr>\n<tr>\n<td class=\"left\">\u00c4rmelabschluss<\/td>\n<td>lange B\u00fcnchen<\/td>\n<\/tr>\n<tr>\n<td class=\"left\">Rumpfabschluss<\/td>\n<td>langer Bund<\/td>\n<\/tr>\n<tr>\n<td class=\"left\">Fit<\/td>\n<td>figurnah<\/td>\n<\/tr>\n<tr>\n<td class=\"left\">Schnittform L\u00e4nge<\/td>\n<td>h\u00fcftlang<\/td>\n<\/tr>\n<tr>\n<td class=\"left\">Besondere Merkmale<\/td>\n<td>Glitzersteine, Cut-Outs<\/td>\n<\/tr>\n<\/tbody>\n<\/table>","protected":false},"featured_media":83554,"comment_status":"open","ping_status":"closed","template":"","meta":{"_seopress_robots_primary_cat":"","_seopress_titles_title":"","_seopress_titles_desc":"","_seopress_robots_index":""},"product_brand":[],"product_cat":[1348,1456,1465],"product_tag":[],"class_list":{"0":"post-83497","1":"product","2":"type-product","3":"status-publish","4":"has-post-thumbnail","6":"product_cat-damen-mode","7":"product_cat-pullover-sweater","8":"product_cat-strickpullover","9":"product_shipping_class-standard-versand","11":"first","12":"instock","13":"sale","14":"taxable","15":"shipping-taxable","16":"purchasable","17":"product-type-simple"},"_links":{"self":[{"href":"https:\/\/www.soanam.de\/en\/wp-json\/wp\/v2\/product\/83497","targetHints":{"allow":["GET"]}}],"collection":[{"href":"https:\/\/www.soanam.de\/en\/wp-json\/wp\/v2\/product"}],"about":[{"href":"https:\/\/www.soanam.de\/en\/wp-json\/wp\/v2\/types\/product"}],"replies":[{"embeddable":true,"href":"https:\/\/www.soanam.de\/en\/wp-json\/wp\/v2\/comments?post=83497"}],"wp:featuredmedia":[{"embeddable":true,"href":"https:\/\/www.soanam.de\/en\/wp-json\/wp\/v2\/media\/83554"}],"wp:attachment":[{"href":"https:\/\/www.soanam.de\/en\/wp-json\/wp\/v2\/media?parent=83497"}],"wp:term":[{"taxonomy":"product_brand","embeddable":true,"href":"https:\/\/www.soanam.de\/en\/wp-json\/wp\/v2\/product_brand?post=83497"},{"taxonomy":"product_cat","embeddable":true,"href":"https:\/\/www.soanam.de\/en\/wp-json\/wp\/v2\/product_cat?post=83497"},{"taxonomy":"product_tag","embeddable":true,"href":"https:\/\/www.soanam.de\/en\/wp-json\/wp\/v2\/product_tag?post=83497"}],"curies":[{"name":"wp","href":"https:\/\/api.w.org\/{rel}","templated":true}]}}