{"id":83461,"date":"2023-12-17T01:45:44","date_gmt":"2023-12-17T00:45:44","guid":{"rendered":"https:\/\/www.soanam.de\/?post_type=product&#038;p=83461"},"modified":"2023-12-17T01:52:26","modified_gmt":"2023-12-17T00:52:26","slug":"rhode-island-grobstrick-pullover-in-grau-gr-l","status":"publish","type":"product","link":"https:\/\/www.soanam.de\/en\/produkt\/rhode-island-grobstrick-pullover-in-grau-gr-l\/","title":{"rendered":"Rhode Island chunky knit sweater, in gray, size L"},"content":{"rendered":"<p>Strickpullover von Rhode Island<br \/>\nComfortable round neckline<br \/>\nLong-sleeved sweater in textured knit<br \/>\nLoose fit<br \/>\nSoft knit quality<\/p>\n<p>Der klassische Strickpullover von Rhode Island mit langen \u00c4rmeln und lockerer Passform wird zu deinem Lieblingspulli, denn er sieht einfach super aus und ist genau so bequem.<br \/>\nVerst\u00e4rkt wird die l\u00e4ssige Note noch durch den coolen Aufn\u00e4her am \u00c4rmel.<br \/>\nDie weiche Strickqualit\u00e4t sorgt f\u00fcr h\u00f6chsten Tragekomfort<\/p>\n<p>Material: 50% cotton, 50% polyacrylic<br \/>\nCare instructions: Machine wash<\/p>\n<p>Color: grey<br \/>\nPattern: without<br \/>\nSize: L<\/p>\n<p>Shoulder width: 56cm<br \/>\nBrustweite: 117cm<br \/>\n\u00c4rmell\u00e4nge: 75cm<br \/>\nTotal length: 72cm<\/p>","protected":false},"excerpt":{"rendered":"<table class=\"dv_characteristicsTable\">\n<tbody>\n<tr>\n<td class=\"left\">Size<\/td>\n<td>L<\/td>\n<\/tr>\n<tr>\n<td class=\"left\">Material composition<\/td>\n<td>50% Baumwolle, 50% Polyacryl<\/td>\n<\/tr>\n<tr>\n<td class=\"left\">Materialart<\/td>\n<td>Strick<\/td>\n<\/tr>\n<tr>\n<td class=\"left\">Care instructions<\/td>\n<td>Machine wash<\/td>\n<\/tr>\n<tr>\n<td class=\"left\">Optik<\/td>\n<td>casual<\/td>\n<\/tr>\n<tr>\n<td class=\"left\">Stil<\/td>\n<td>modisch<\/td>\n<\/tr>\n<tr>\n<td class=\"left\">Color<\/td>\n<td>grau<\/td>\n<\/tr>\n<tr>\n<td class=\"left\">Applikationen<\/td>\n<td>\u00c4rmelaufn\u00e4her<\/td>\n<\/tr>\n<tr>\n<td class=\"left\">Ausschnitt<\/td>\n<td>Rundhals<\/td>\n<\/tr>\n<tr>\n<td class=\"left\">\u00c4rmel<\/td>\n<td>Long sleeve<\/td>\n<\/tr>\n<tr>\n<td class=\"left\">\u00c4rmelabschluss<\/td>\n<td>Ribbed cuffs<\/td>\n<\/tr>\n<tr>\n<td class=\"left\">Rumpfabschluss<\/td>\n<td>Ribbed cuffs<\/td>\n<\/tr>\n<\/tbody>\n<\/table>","protected":false},"featured_media":83525,"comment_status":"open","ping_status":"closed","template":"","meta":{"_seopress_robots_primary_cat":"","_seopress_titles_title":"","_seopress_titles_desc":"","_seopress_robots_index":""},"product_brand":[],"product_cat":[1345,1485,1644],"product_tag":[],"class_list":{"0":"post-83461","1":"product","2":"type-product","3":"status-publish","4":"has-post-thumbnail","6":"product_cat-herrenmode","7":"product_cat-pullover-sweater-herrenmode","8":"product_cat-strickpullover-pullover-sweater-herrenmode","9":"product_shipping_class-standard-versand","11":"first","12":"instock","13":"sale","14":"taxable","15":"shipping-taxable","16":"purchasable","17":"product-type-simple"},"_links":{"self":[{"href":"https:\/\/www.soanam.de\/en\/wp-json\/wp\/v2\/product\/83461","targetHints":{"allow":["GET"]}}],"collection":[{"href":"https:\/\/www.soanam.de\/en\/wp-json\/wp\/v2\/product"}],"about":[{"href":"https:\/\/www.soanam.de\/en\/wp-json\/wp\/v2\/types\/product"}],"replies":[{"embeddable":true,"href":"https:\/\/www.soanam.de\/en\/wp-json\/wp\/v2\/comments?post=83461"}],"wp:featuredmedia":[{"embeddable":true,"href":"https:\/\/www.soanam.de\/en\/wp-json\/wp\/v2\/media\/83525"}],"wp:attachment":[{"href":"https:\/\/www.soanam.de\/en\/wp-json\/wp\/v2\/media?parent=83461"}],"wp:term":[{"taxonomy":"product_brand","embeddable":true,"href":"https:\/\/www.soanam.de\/en\/wp-json\/wp\/v2\/product_brand?post=83461"},{"taxonomy":"product_cat","embeddable":true,"href":"https:\/\/www.soanam.de\/en\/wp-json\/wp\/v2\/product_cat?post=83461"},{"taxonomy":"product_tag","embeddable":true,"href":"https:\/\/www.soanam.de\/en\/wp-json\/wp\/v2\/product_tag?post=83461"}],"curies":[{"name":"wp","href":"https:\/\/api.w.org\/{rel}","templated":true}]}}