{"id":83425,"date":"2023-12-17T01:41:28","date_gmt":"2023-12-17T00:41:28","guid":{"rendered":"https:\/\/www.soanam.de\/?post_type=product&#038;p=83425"},"modified":"2023-12-17T01:49:29","modified_gmt":"2023-12-17T00:49:29","slug":"lascana-kapuzenshirt-mit-rueckendetails-in-mint-gr-40-42","status":"publish","type":"product","link":"https:\/\/www.soanam.de\/en\/produkt\/lascana-kapuzenshirt-mit-rueckendetails-in-mint-gr-40-42\/","title":{"rendered":"Lascana Kapuzenshirt mit R\u00fcckendetails, in Mint, Gr. 40\/42"},"content":{"rendered":"<p>Kapuzen Sweatshirt von Lascana<br \/>\nOvercut sleeves<br \/>\nTolle R\u00fcckenl\u00f6sung im Wickellook<br \/>\nElastische Jerseyware<br \/>\nSportliches Longsleeve mit Markenlogo<\/p>\n<p>Sorgt f\u00fcr jede Menge Begeisterung! Das Kapuzenshirt von Lascana hat es mit seinem au\u00dfergew\u00f6hnlichen Design wirklich in sich.<br \/>\nVon Vorn schaut es wie ein ganz normales Kapuzenshirt aus, w\u00e4hrend sich auf der R\u00fcckseite ein extravaganter R\u00fcckenausschnitt in Wickeloptik pr\u00e4sentiert.<\/p>\n<p>Material: 100% cotton<br \/>\nCare instructions: Machine wash<\/p>\n<p>Farbe: mint<br \/>\nPattern: without<br \/>\nSize: 40\/42<\/p>\n<p>Shoulder width: 60cm<br \/>\nBrustweite: 120 cm<br \/>\n\u00c4rmell\u00e4nge: 56cm<br \/>\nTotal length: 64cm<\/p>","protected":false},"excerpt":{"rendered":"<table class=\"dv_characteristicsTable\">\n<tbody>\n<tr>\n<td class=\"left\">Size<\/td>\n<td>40\/42<\/td>\n<\/tr>\n<tr>\n<td class=\"left\">Material composition<\/td>\n<td>100% Cotton<\/td>\n<\/tr>\n<tr>\n<td class=\"left\">Materialart<\/td>\n<td>Jersey<\/td>\n<\/tr>\n<tr>\n<td class=\"left\">Materialeigenschaften<\/td>\n<td>Easy to clean<\/td>\n<\/tr>\n<tr>\n<td class=\"left\">Care instructions<\/td>\n<td>Machine wash<\/td>\n<\/tr>\n<tr>\n<td class=\"left\">Optik<\/td>\n<td>Hoodie<\/td>\n<\/tr>\n<tr>\n<td class=\"left\">Stil<\/td>\n<td>extravagant<\/td>\n<\/tr>\n<tr>\n<td class=\"left\">Color<\/td>\n<td>mint<\/td>\n<\/tr>\n<tr>\n<td class=\"left\">Kapuze<\/td>\n<td>mit Kapuze<\/td>\n<\/tr>\n<tr>\n<td class=\"left\">Applikationen<\/td>\n<td>Brand logo<\/td>\n<\/tr>\n<tr>\n<td class=\"left\">Bags<\/td>\n<td>ohne<\/td>\n<\/tr>\n<tr>\n<td class=\"left\">Besondere Merkmale<\/td>\n<td>R\u00fcckenausschnitt<\/td>\n<\/tr>\n<tr>\n<td class=\"left\">Kragen<\/td>\n<td>Kapuze<\/td>\n<\/tr>\n<tr>\n<td class=\"left\">Ausschnitt<\/td>\n<td>V-Ausschnitt<\/td>\n<\/tr>\n<tr>\n<td class=\"left\">\u00c4rmel<\/td>\n<td>Long sleeve<\/td>\n<\/tr>\n<tr>\n<td class=\"left\">Fit<\/td>\n<td>locker<\/td>\n<\/tr>\n<\/tbody>\n<\/table>\n<p>&nbsp;<\/p>","protected":false},"featured_media":83492,"comment_status":"open","ping_status":"closed","template":"","meta":{"_seopress_robots_primary_cat":"","_seopress_titles_title":"","_seopress_titles_desc":"","_seopress_robots_index":""},"product_brand":[],"product_cat":[1348,1456,1583],"product_tag":[],"class_list":{"0":"post-83425","1":"product","2":"type-product","3":"status-publish","4":"has-post-thumbnail","6":"product_cat-damen-mode","7":"product_cat-pullover-sweater","8":"product_cat-hoodies","9":"product_shipping_class-standard-versand","11":"first","12":"instock","13":"sale","14":"taxable","15":"shipping-taxable","16":"purchasable","17":"product-type-simple"},"_links":{"self":[{"href":"https:\/\/www.soanam.de\/en\/wp-json\/wp\/v2\/product\/83425","targetHints":{"allow":["GET"]}}],"collection":[{"href":"https:\/\/www.soanam.de\/en\/wp-json\/wp\/v2\/product"}],"about":[{"href":"https:\/\/www.soanam.de\/en\/wp-json\/wp\/v2\/types\/product"}],"replies":[{"embeddable":true,"href":"https:\/\/www.soanam.de\/en\/wp-json\/wp\/v2\/comments?post=83425"}],"wp:featuredmedia":[{"embeddable":true,"href":"https:\/\/www.soanam.de\/en\/wp-json\/wp\/v2\/media\/83492"}],"wp:attachment":[{"href":"https:\/\/www.soanam.de\/en\/wp-json\/wp\/v2\/media?parent=83425"}],"wp:term":[{"taxonomy":"product_brand","embeddable":true,"href":"https:\/\/www.soanam.de\/en\/wp-json\/wp\/v2\/product_brand?post=83425"},{"taxonomy":"product_cat","embeddable":true,"href":"https:\/\/www.soanam.de\/en\/wp-json\/wp\/v2\/product_cat?post=83425"},{"taxonomy":"product_tag","embeddable":true,"href":"https:\/\/www.soanam.de\/en\/wp-json\/wp\/v2\/product_tag?post=83425"}],"curies":[{"name":"wp","href":"https:\/\/api.w.org\/{rel}","templated":true}]}}