{"id":83387,"date":"2023-12-17T01:37:35","date_gmt":"2023-12-17T00:37:35","guid":{"rendered":"https:\/\/www.soanam.de\/?post_type=product&#038;p=83387"},"modified":"2023-12-17T01:44:55","modified_gmt":"2023-12-17T00:44:55","slug":"tamaras-klassische-chelseaboots-leicht-gefuettert-in-schwarz-gr-41","status":"publish","type":"product","link":"https:\/\/www.soanam.de\/en\/produkt\/tamaras-klassische-chelseaboots-leicht-gefuettert-in-schwarz-gr-41\/","title":{"rendered":"Tamara's classic Chelsea boots, lightly lined, in black, size 41"},"content":{"rendered":"<p>Winterboots in klassisch-eleganter Ausf\u00fchrung<br \/>\nMit praktischem Rei\u00dfverschluss<br \/>\nUpper material: Leather<br \/>\nInsole: textile<br \/>\nLaufsohle: Synthetik<br \/>\nFutter: Synthetik<\/p>\n<p>Die trendigen Chelsea Boots aus dem Hause Tamaris unterstreichen jedes Outfit.<br \/>\nDas Obermaterial zeichnet sich durch das hochwertige, echte Leder aus, die Decksohle ist aus Textil, Laufsohle und Futter sind aus Synthetik.<br \/>\nDie Schuhe sind mit einem Rei\u00dfverschluss zum praktischen An- und Ausziehen versehen, sowie einem dekorativen Rei\u00dfverschluss auf der gegen\u00fcber liegenden Seite.<\/p>\n<p>Material: 100% leather<\/p>\n<p>Color: black<br \/>\nMuster: Dekorei\u00dfverschluss<br \/>\nGr\u00f6\u00dfe: 41<\/p>","protected":false},"excerpt":{"rendered":"<table class=\"dv_characteristicsTable\">\n<tbody>\n<tr>\n<td class=\"left\">Size<\/td>\n<td>41<\/td>\n<\/tr>\n<tr>\n<td class=\"left\">Color<\/td>\n<td>schwarz<\/td>\n<\/tr>\n<tr>\n<td class=\"left\">Obermaterial<\/td>\n<td>Leather<\/td>\n<\/tr>\n<tr>\n<td class=\"left\">Innenmaterial<\/td>\n<td>Warmfutter<\/td>\n<\/tr>\n<tr>\n<td class=\"left\">Stil<\/td>\n<td>klassisch<\/td>\n<\/tr>\n<tr>\n<td class=\"left\">Besondere Merkmale<\/td>\n<td>Dekorei\u00dfverschluss<\/td>\n<\/tr>\n<tr>\n<td class=\"left\">Verschluss<\/td>\n<td>Zipper<\/td>\n<\/tr>\n<tr>\n<td class=\"left\">Absatzart<\/td>\n<td>Blockabsatz<\/td>\n<\/tr>\n<tr>\n<td class=\"left\">Schuhspitze<\/td>\n<td>rund<\/td>\n<\/tr>\n<tr>\n<td class=\"left\">Innensohlenmaterial<\/td>\n<td>Textil<\/td>\n<\/tr>\n<tr>\n<td class=\"left\">Innensohleneigenschaften<\/td>\n<td>nicht herausnehmbar<\/td>\n<\/tr>\n<tr>\n<td class=\"left\">Laufsohlenmaterial<\/td>\n<td>Synthetic<\/td>\n<\/tr>\n<tr>\n<td class=\"left\">Laufsohlenprofil<\/td>\n<td>profiliert<\/td>\n<\/tr>\n<tr>\n<td class=\"left\">Schuhweite<\/td>\n<td>normal<\/td>\n<\/tr>\n<\/tbody>\n<\/table>\n<div class=\"pl_text-expander pl_copy100 pdp_details__text-expander js_pdp_details__text-expander pl_text-expander--has-more pl_text-expander--expanded\" lang=\"de\"><\/div>","protected":false},"featured_media":83449,"comment_status":"open","ping_status":"closed","template":"","meta":{"_seopress_robots_primary_cat":"","_seopress_titles_title":"","_seopress_titles_desc":"","_seopress_robots_index":""},"product_brand":[],"product_cat":[1348,1360,1385,1482],"product_tag":[],"class_list":{"0":"post-83387","1":"product","2":"type-product","3":"status-publish","4":"has-post-thumbnail","6":"product_cat-damen-mode","7":"product_cat-schuhe","8":"product_cat-stiefel","9":"product_cat-chelsea-boots","10":"product_shipping_class-standard-versand","12":"first","13":"instock","14":"sale","15":"taxable","16":"shipping-taxable","17":"purchasable","18":"product-type-simple"},"_links":{"self":[{"href":"https:\/\/www.soanam.de\/en\/wp-json\/wp\/v2\/product\/83387","targetHints":{"allow":["GET"]}}],"collection":[{"href":"https:\/\/www.soanam.de\/en\/wp-json\/wp\/v2\/product"}],"about":[{"href":"https:\/\/www.soanam.de\/en\/wp-json\/wp\/v2\/types\/product"}],"replies":[{"embeddable":true,"href":"https:\/\/www.soanam.de\/en\/wp-json\/wp\/v2\/comments?post=83387"}],"wp:featuredmedia":[{"embeddable":true,"href":"https:\/\/www.soanam.de\/en\/wp-json\/wp\/v2\/media\/83449"}],"wp:attachment":[{"href":"https:\/\/www.soanam.de\/en\/wp-json\/wp\/v2\/media?parent=83387"}],"wp:term":[{"taxonomy":"product_brand","embeddable":true,"href":"https:\/\/www.soanam.de\/en\/wp-json\/wp\/v2\/product_brand?post=83387"},{"taxonomy":"product_cat","embeddable":true,"href":"https:\/\/www.soanam.de\/en\/wp-json\/wp\/v2\/product_cat?post=83387"},{"taxonomy":"product_tag","embeddable":true,"href":"https:\/\/www.soanam.de\/en\/wp-json\/wp\/v2\/product_tag?post=83387"}],"curies":[{"name":"wp","href":"https:\/\/api.w.org\/{rel}","templated":true}]}}