{"id":83287,"date":"2023-12-16T05:06:42","date_gmt":"2023-12-16T04:06:42","guid":{"rendered":"https:\/\/www.soanam.de\/?post_type=product&#038;p=83287"},"modified":"2023-12-17T01:43:11","modified_gmt":"2023-12-17T00:43:11","slug":"linne-kissenhuelle-gestreift-aus-polyester-samt-mehrfarbig-gr-40-x-40-cm","status":"publish","type":"product","link":"https:\/\/www.soanam.de\/en\/produkt\/linne-kissenhuelle-gestreift-aus-polyester-samt-mehrfarbig-gr-40-x-40-cm\/","title":{"rendered":"Linn\u00e9 Kissenh\u00fclle gestreift aus Polyester Samt, Mehrfarbig, Gr. 40 x 40 cm"},"content":{"rendered":"<p>Produktart: Kissenh\u00fclle<br \/>\nMaterial: 100% polyester<br \/>\nFarbe: mehrfarbig, gestreift<br \/>\nCountry and region of manufacture: Germany<\/p>\n<p>Versch\u00f6nern Sie Ihr Zuhause mit diesen wundersch\u00f6nen Kissenbez\u00fcgen von Linn\u00e9.<br \/>\nEin vielseitiges und modernes Accessoire, das Ihre Zuhause t\u00e4glich veredelt.<br \/>\nDie Kissenh\u00fclle ist mehrfarbig gestreift, in einer praktischen Gr\u00f6\u00dfe von 40 x 40 cm und wird durch einen Rei\u00dfverschluss geschlossen.<br \/>\nSie ist waschbar in der Waschmaschine jedoch nicht trocknerbest\u00e4ndig.<\/p>\n<p>Material: 100% polyester<br \/>\nCare instructions: Machine wash<\/p>\n<p>Farbe: mehrfarbig<br \/>\nPattern: Stripes<br \/>\nGr\u00f6\u00dfe: 40 x 40 cm<\/p>","protected":false},"excerpt":{"rendered":"<table class=\"dv_characteristicsTable\">\n<tbody>\n<tr>\n<td class=\"left\">Breite<\/td>\n<td>40 cm<\/td>\n<\/tr>\n<tr>\n<td class=\"left\">L\u00e4nge<\/td>\n<td>40 cm<\/td>\n<\/tr>\n<\/tbody>\n<\/table>\n<table class=\"dv_characteristicsTable\">\n<tbody>\n<tr>\n<td class=\"left\">Material composition<\/td>\n<td>100% Polyester<\/td>\n<\/tr>\n<\/tbody>\n<\/table>\n<table class=\"dv_characteristicsTable\">\n<tbody>\n<tr>\n<td class=\"left\">Care instructions<\/td>\n<td>nicht trocknergeeignet<br \/>\n40\u00b0 Maschinenw\u00e4sche<\/td>\n<\/tr>\n<\/tbody>\n<\/table>\n<table class=\"dv_characteristicsTable\">\n<tbody>\n<tr>\n<td class=\"left\">Besonderheiten<\/td>\n<td>weich<\/td>\n<\/tr>\n<tr>\n<td class=\"left\">F\u00fcllung<\/td>\n<td>Ohne F\u00fcllung<\/td>\n<\/tr>\n<\/tbody>\n<\/table>\n<table class=\"dv_characteristicsTable\">\n<tbody>\n<tr>\n<td class=\"left\">Optik<\/td>\n<td>gestreift<\/td>\n<\/tr>\n<\/tbody>\n<\/table>\n<div class=\"pl_text-expander pl_copy100 pdp_details__text-expander js_pdp_details__text-expander pl_text-expander--has-more pl_text-expander--expanded\" lang=\"de\"><\/div>","protected":false},"featured_media":83437,"comment_status":"open","ping_status":"closed","template":"","meta":{"_seopress_robots_primary_cat":"","_seopress_titles_title":"","_seopress_titles_desc":"","_seopress_robots_index":""},"product_brand":[],"product_cat":[1400,1420],"product_tag":[],"class_list":{"0":"post-83287","1":"product","2":"type-product","3":"status-publish","4":"has-post-thumbnail","6":"product_cat-wohnzubehoer","7":"product_cat-wohndekoration","8":"product_shipping_class-standard-versand","10":"first","11":"instock","12":"sale","13":"taxable","14":"shipping-taxable","15":"purchasable","16":"product-type-simple"},"_links":{"self":[{"href":"https:\/\/www.soanam.de\/en\/wp-json\/wp\/v2\/product\/83287","targetHints":{"allow":["GET"]}}],"collection":[{"href":"https:\/\/www.soanam.de\/en\/wp-json\/wp\/v2\/product"}],"about":[{"href":"https:\/\/www.soanam.de\/en\/wp-json\/wp\/v2\/types\/product"}],"replies":[{"embeddable":true,"href":"https:\/\/www.soanam.de\/en\/wp-json\/wp\/v2\/comments?post=83287"}],"wp:featuredmedia":[{"embeddable":true,"href":"https:\/\/www.soanam.de\/en\/wp-json\/wp\/v2\/media\/83437"}],"wp:attachment":[{"href":"https:\/\/www.soanam.de\/en\/wp-json\/wp\/v2\/media?parent=83287"}],"wp:term":[{"taxonomy":"product_brand","embeddable":true,"href":"https:\/\/www.soanam.de\/en\/wp-json\/wp\/v2\/product_brand?post=83287"},{"taxonomy":"product_cat","embeddable":true,"href":"https:\/\/www.soanam.de\/en\/wp-json\/wp\/v2\/product_cat?post=83287"},{"taxonomy":"product_tag","embeddable":true,"href":"https:\/\/www.soanam.de\/en\/wp-json\/wp\/v2\/product_tag?post=83287"}],"curies":[{"name":"wp","href":"https:\/\/api.w.org\/{rel}","templated":true}]}}