{"id":83237,"date":"2023-12-16T05:02:32","date_gmt":"2023-12-16T04:02:32","guid":{"rendered":"https:\/\/www.soanam.de\/?post_type=product&#038;p=83237"},"modified":"2023-12-17T01:38:43","modified_gmt":"2023-12-17T00:38:43","slug":"replay-t-shirt-black-beauty-in-black-gr-m","status":"publish","type":"product","link":"https:\/\/www.soanam.de\/en\/produkt\/replay-t-shirt-black-beauty-in-schwarz-gr-m\/","title":{"rendered":"Replay T-Shirt Black Beauty, in Schwarz, Gr. M"},"content":{"rendered":"<p>Hochwertiges T-Shirt von Replay<br \/>\nModell Nummer W3232E<br \/>\nMit gro\u00dfem Tiger Aufdruck und Markenname<br \/>\nKurzarm mit Umschlagbund<br \/>\n\u00dcberschnittene Schultern<\/p>\n<p>Das T-Shirt von Replay besticht mit seinem gro\u00dfen Mottoprint und punktet durch seine hochwertige Baumwollqualit\u00e4t, Rundhalsausschnitt, lockere Passform, normale L\u00e4nge und kurzen Arm mit Umschlagbund.<br \/>\nEin Basic-T-Shirt in einer auff\u00e4lligen sch\u00f6nen Black Beauty Ausf\u00fchrung.<\/p>\n<p>Material: 100% cotton<br \/>\nCare instructions: Machine wash<\/p>\n<p>Color: black<br \/>\nPattern: Front print<br \/>\nSize: M<\/p>\n<p>Shoulder width: 46cm<br \/>\nChest width: 108cm<br \/>\nSleeve length: 18cm<br \/>\nTotal length: 63cm<\/p>","protected":false},"excerpt":{"rendered":"<table class=\"dv_characteristicsTable\">\n<tbody>\n<tr>\n<td class=\"left\">Size<\/td>\n<td>M<\/td>\n<\/tr>\n<tr>\n<td class=\"left\">Material composition<\/td>\n<td>100% Cotton<\/td>\n<\/tr>\n<tr>\n<td class=\"left\">Materialart<\/td>\n<td>Jersey<\/td>\n<\/tr>\n<tr>\n<td class=\"left\">Materialeigenschaften<\/td>\n<td>elastisch<\/td>\n<\/tr>\n<tr>\n<td class=\"left\">Care instructions<\/td>\n<td>Machine wash<\/td>\n<\/tr>\n<tr>\n<td class=\"left\">Optik<\/td>\n<td>bedruckt<\/td>\n<\/tr>\n<tr>\n<td class=\"left\">Color<\/td>\n<td>schwarz<\/td>\n<\/tr>\n<tr>\n<td class=\"left\">\u00c4rmel<\/td>\n<td>Short sleeve<\/td>\n<\/tr>\n<tr>\n<td class=\"left\">Besondere Merkmale<\/td>\n<td>Tiger-Print<\/td>\n<\/tr>\n<\/tbody>\n<\/table>","protected":false},"featured_media":83394,"comment_status":"open","ping_status":"closed","template":"","meta":{"_seopress_robots_primary_cat":"","_seopress_titles_title":"","_seopress_titles_desc":"","_seopress_robots_index":""},"product_brand":[],"product_cat":[1348,1458,1477],"product_tag":[],"class_list":{"0":"post-83237","1":"product","2":"type-product","3":"status-publish","4":"has-post-thumbnail","6":"product_cat-damen-mode","7":"product_cat-shirts-damen-mode","8":"product_cat-t-shirts-shirts-damen-mode","9":"product_shipping_class-standard-versand","11":"first","12":"instock","13":"sale","14":"taxable","15":"shipping-taxable","16":"purchasable","17":"product-type-simple"},"_links":{"self":[{"href":"https:\/\/www.soanam.de\/en\/wp-json\/wp\/v2\/product\/83237","targetHints":{"allow":["GET"]}}],"collection":[{"href":"https:\/\/www.soanam.de\/en\/wp-json\/wp\/v2\/product"}],"about":[{"href":"https:\/\/www.soanam.de\/en\/wp-json\/wp\/v2\/types\/product"}],"replies":[{"embeddable":true,"href":"https:\/\/www.soanam.de\/en\/wp-json\/wp\/v2\/comments?post=83237"}],"wp:featuredmedia":[{"embeddable":true,"href":"https:\/\/www.soanam.de\/en\/wp-json\/wp\/v2\/media\/83394"}],"wp:attachment":[{"href":"https:\/\/www.soanam.de\/en\/wp-json\/wp\/v2\/media?parent=83237"}],"wp:term":[{"taxonomy":"product_brand","embeddable":true,"href":"https:\/\/www.soanam.de\/en\/wp-json\/wp\/v2\/product_brand?post=83237"},{"taxonomy":"product_cat","embeddable":true,"href":"https:\/\/www.soanam.de\/en\/wp-json\/wp\/v2\/product_cat?post=83237"},{"taxonomy":"product_tag","embeddable":true,"href":"https:\/\/www.soanam.de\/en\/wp-json\/wp\/v2\/product_tag?post=83237"}],"curies":[{"name":"wp","href":"https:\/\/api.w.org\/{rel}","templated":true}]}}