{"id":83190,"date":"2023-12-16T04:58:13","date_gmt":"2023-12-16T03:58:13","guid":{"rendered":"https:\/\/www.soanam.de\/?post_type=product&#038;p=83190"},"modified":"2023-12-17T01:33:19","modified_gmt":"2023-12-17T00:33:19","slug":"class-international-businesshemd-in-bordeaux-gr-41-42","status":"publish","type":"product","link":"https:\/\/www.soanam.de\/en\/produkt\/class-international-businesshemd-in-bordeaux-gr-41-42\/","title":{"rendered":"Class International business shirt, in Bordeaux, size 41\/42"},"content":{"rendered":"<p>Klassisches Businesshemd<br \/>\nHoher Tragekomfort durch reine Baumwolle<br \/>\nModern-fit\/ moderne schlanke Form<br \/>\nKentkragen<br \/>\nB\u00fcgelleicht<\/p>\n<p>Du m\u00f6chtest auch in der Freizeit und nicht nur im B\u00fcro gut gekleidet sein? Kein Problem mit dem klassischen Businesshemd von Class International.<br \/>\nBei dem schlanken Herrenhemd bist du mit dem Kentkragen stilsicher gekleidet.<br \/>\nDar\u00fcber hinaus tr\u00e4gt sich das schlichte Hemd durch die b\u00fcgelleichte Baumwollqualit\u00e4t besonders toll.<\/p>\n<p>Material: 100% cotton<br \/>\nCare instructions: Machine wash<\/p>\n<p>Farbe: bordeaux<br \/>\nPattern: without<br \/>\nGr\u00f6\u00dfe: 41\/42<\/p>\n<p>Schulterbreite: 50m<br \/>\nChest width: 116cm<br \/>\nSleeve length: 67cm<br \/>\nTotal length: 80cm<\/p>","protected":false},"excerpt":{"rendered":"<table class=\"dv_characteristicsTable\">\n<tbody>\n<tr>\n<td class=\"left\">Size<\/td>\n<td>41\/42<\/td>\n<\/tr>\n<tr>\n<td class=\"left\">Material composition<\/td>\n<td>100% Cotton<\/td>\n<\/tr>\n<tr>\n<td class=\"left\">Materialart<\/td>\n<td>Popeline<\/td>\n<\/tr>\n<tr>\n<td class=\"left\">Materialeigenschaften<\/td>\n<td>Easycare<\/td>\n<\/tr>\n<tr>\n<td class=\"left\">Care instructions<\/td>\n<td>Machine wash<\/td>\n<\/tr>\n<tr>\n<td class=\"left\">Stil<\/td>\n<td>modisch<\/td>\n<\/tr>\n<tr>\n<td class=\"left\">Color<\/td>\n<td>bordeaux<\/td>\n<\/tr>\n<tr>\n<td class=\"left\">Kragen<\/td>\n<td>Kentkragen<\/td>\n<\/tr>\n<tr>\n<td class=\"left\">\u00c4rmel<\/td>\n<td>Long sleeve<\/td>\n<\/tr>\n<tr>\n<td class=\"left\">\u00c4rmelabschluss<\/td>\n<td>2-Knopf-Manschette<\/td>\n<\/tr>\n<tr>\n<td class=\"left\">\u00c4rmelabschlussdetails<\/td>\n<td>verstellbar<\/td>\n<\/tr>\n<tr>\n<td class=\"left\">Applikationen<\/td>\n<td>keine<\/td>\n<\/tr>\n<tr>\n<td class=\"left\">Verschluss<\/td>\n<td>Button placket<\/td>\n<\/tr>\n<tr>\n<td class=\"left\">Verschlussdetails<\/td>\n<td>durchgehend<\/td>\n<\/tr>\n<\/tbody>\n<\/table>","protected":false},"featured_media":83349,"comment_status":"open","ping_status":"closed","template":"","meta":{"_seopress_robots_primary_cat":"","_seopress_titles_title":"","_seopress_titles_desc":"","_seopress_robots_index":""},"product_brand":[],"product_cat":[1345,1497,1532],"product_tag":[],"class_list":{"0":"post-83190","1":"product","2":"type-product","3":"status-publish","4":"has-post-thumbnail","6":"product_cat-herrenmode","7":"product_cat-hemden","8":"product_cat-langarm-hemden","9":"product_shipping_class-standard-versand","11":"first","12":"instock","13":"sale","14":"taxable","15":"shipping-taxable","16":"purchasable","17":"product-type-simple"},"_links":{"self":[{"href":"https:\/\/www.soanam.de\/en\/wp-json\/wp\/v2\/product\/83190","targetHints":{"allow":["GET"]}}],"collection":[{"href":"https:\/\/www.soanam.de\/en\/wp-json\/wp\/v2\/product"}],"about":[{"href":"https:\/\/www.soanam.de\/en\/wp-json\/wp\/v2\/types\/product"}],"replies":[{"embeddable":true,"href":"https:\/\/www.soanam.de\/en\/wp-json\/wp\/v2\/comments?post=83190"}],"wp:featuredmedia":[{"embeddable":true,"href":"https:\/\/www.soanam.de\/en\/wp-json\/wp\/v2\/media\/83349"}],"wp:attachment":[{"href":"https:\/\/www.soanam.de\/en\/wp-json\/wp\/v2\/media?parent=83190"}],"wp:term":[{"taxonomy":"product_brand","embeddable":true,"href":"https:\/\/www.soanam.de\/en\/wp-json\/wp\/v2\/product_brand?post=83190"},{"taxonomy":"product_cat","embeddable":true,"href":"https:\/\/www.soanam.de\/en\/wp-json\/wp\/v2\/product_cat?post=83190"},{"taxonomy":"product_tag","embeddable":true,"href":"https:\/\/www.soanam.de\/en\/wp-json\/wp\/v2\/product_tag?post=83190"}],"curies":[{"name":"wp","href":"https:\/\/api.w.org\/{rel}","templated":true}]}}