{"id":82777,"date":"2023-12-14T03:06:33","date_gmt":"2023-12-14T02:06:33","guid":{"rendered":"https:\/\/www.soanam.de\/?post_type=product&#038;p=82777"},"modified":"2023-12-14T21:05:12","modified_gmt":"2023-12-14T20:05:12","slug":"bruno-banani-asymmetric-wrap-dress-in-black-size-36","status":"publish","type":"product","link":"https:\/\/www.soanam.de\/en\/produkt\/bruno-banani-asymmetrisches-wickelkleid-in-schwarz-gr-36\/","title":{"rendered":"Bruno Banani asymmetrisches Wickelkleid, in Schwarz, Gr. 36"},"content":{"rendered":"<p>Dezentes Midikleid mit G\u00fcrtel von Bruno Banani<br \/>\nHigh-quality material mix<br \/>\n\u00c4rmellos, Wasserfallausschnitt<br \/>\nFigure-hugging fit<\/p>\n<p>Das knieumspielende, asymmetrische Wickelkleid von Bruno Banani zeigt sich als das perfekte Tageskleid!<br \/>\nEs begeistert durch seine Figur umspielende Passform in Midi-L\u00e4nge, die eine fabelhafte Silhouette zaubert.<br \/>\nDer unifarbene Stil schafft dabei eine zur\u00fcckhaltende Optik, die dezent farbigen Streifen am \u00e4u\u00dferen Saum dagegen bieten einen erfrischenden Blickfang.<\/p>\n<p>Material: 76% polyester, 20% viscose, 4% elastane<br \/>\nCare instructions: Machine wash<\/p>\n<p>Color: black<br \/>\nMuster: asymmetrisch<br \/>\nSize: 36<\/p>\n<p>Shoulder width: 34cm<br \/>\nChest width: 94cm<br \/>\nSleeve length: ----<br \/>\nTotal length: 98cm<\/p>","protected":false},"excerpt":{"rendered":"<table class=\"dv_characteristicsTable\">\n<tbody>\n<tr>\n<td class=\"left\">Size<\/td>\n<td>36<\/td>\n<\/tr>\n<tr>\n<td class=\"left\">Gr\u00f6\u00dfentyp<\/td>\n<td>Normalgr\u00f6\u00dfen<\/td>\n<\/tr>\n<tr>\n<td class=\"left\">Material composition<\/td>\n<td>1Polyester, Viskose, Elasthan<\/td>\n<\/tr>\n<tr>\n<td class=\"left\">Materialart<\/td>\n<td>Single Jersey<\/td>\n<\/tr>\n<tr>\n<td class=\"left\">Materialeigenschaften<\/td>\n<td>elastisch<\/td>\n<\/tr>\n<tr>\n<td class=\"left\">Care instructions<\/td>\n<td>Machine wash<\/td>\n<\/tr>\n<tr>\n<td class=\"left\">Optik<\/td>\n<td>Streifen<\/td>\n<\/tr>\n<tr>\n<td class=\"left\">Stil<\/td>\n<td>modisch<\/td>\n<\/tr>\n<tr>\n<td class=\"left\">Ausschnitt<\/td>\n<td>V-Ausschnitt<\/td>\n<\/tr>\n<tr>\n<td class=\"left\">\u00c4rmel<\/td>\n<td>ohne Arm<\/td>\n<\/tr>\n<tr>\n<td class=\"left\">Fit<\/td>\n<td>figurbetont<\/td>\n<\/tr>\n<tr>\n<td class=\"left\">L\u00e4nge<\/td>\n<td>midi<\/td>\n<\/tr>\n<tr>\n<td class=\"left\">Color<\/td>\n<td>schwarz<\/td>\n<\/tr>\n<tr>\n<td class=\"left\"><\/td>\n<td><\/td>\n<\/tr>\n<tr>\n<td class=\"left\"><\/td>\n<td><\/td>\n<\/tr>\n<tr>\n<td class=\"left\"><\/td>\n<td><\/td>\n<\/tr>\n<\/tbody>\n<\/table>","protected":false},"featured_media":82865,"comment_status":"open","ping_status":"closed","template":"","meta":{"_seopress_robots_primary_cat":"","_seopress_titles_title":"","_seopress_titles_desc":"","_seopress_robots_index":""},"product_brand":[],"product_cat":[1348,1379,1719],"product_tag":[],"class_list":{"0":"post-82777","1":"product","2":"type-product","3":"status-publish","4":"has-post-thumbnail","6":"product_cat-damen-mode","7":"product_cat-kleider","8":"product_cat-wickelkleider","9":"product_shipping_class-standard-versand","11":"first","12":"instock","13":"taxable","14":"shipping-taxable","15":"purchasable","16":"product-type-simple"},"_links":{"self":[{"href":"https:\/\/www.soanam.de\/en\/wp-json\/wp\/v2\/product\/82777","targetHints":{"allow":["GET"]}}],"collection":[{"href":"https:\/\/www.soanam.de\/en\/wp-json\/wp\/v2\/product"}],"about":[{"href":"https:\/\/www.soanam.de\/en\/wp-json\/wp\/v2\/types\/product"}],"replies":[{"embeddable":true,"href":"https:\/\/www.soanam.de\/en\/wp-json\/wp\/v2\/comments?post=82777"}],"wp:featuredmedia":[{"embeddable":true,"href":"https:\/\/www.soanam.de\/en\/wp-json\/wp\/v2\/media\/82865"}],"wp:attachment":[{"href":"https:\/\/www.soanam.de\/en\/wp-json\/wp\/v2\/media?parent=82777"}],"wp:term":[{"taxonomy":"product_brand","embeddable":true,"href":"https:\/\/www.soanam.de\/en\/wp-json\/wp\/v2\/product_brand?post=82777"},{"taxonomy":"product_cat","embeddable":true,"href":"https:\/\/www.soanam.de\/en\/wp-json\/wp\/v2\/product_cat?post=82777"},{"taxonomy":"product_tag","embeddable":true,"href":"https:\/\/www.soanam.de\/en\/wp-json\/wp\/v2\/product_tag?post=82777"}],"curies":[{"name":"wp","href":"https:\/\/api.w.org\/{rel}","templated":true}]}}