{"id":82753,"date":"2023-12-14T03:05:13","date_gmt":"2023-12-14T02:05:13","guid":{"rendered":"https:\/\/www.soanam.de\/?post_type=product&#038;p=82753"},"modified":"2023-12-14T03:07:50","modified_gmt":"2023-12-14T02:07:50","slug":"laura-scott-knitted-dress-with-sleeves-made-of-ajour-knit-in-black-gr-42","status":"publish","type":"product","link":"https:\/\/www.soanam.de\/en\/produkt\/laura-scott-strickkleid-mit-aermeln-aus-ajourstrick-in-schwarz-gr-42\/","title":{"rendered":"Laura Scott Strickkleid mit \u00c4rmeln aus Ajourstrick, in Schwarz, Gr. 42"},"content":{"rendered":"<p>Elegantes Strickkleid von LAURA SCOTT<br \/>\nMit \u00c4rmeln aus Ajourstrick<br \/>\nSehr figurbetonte Passform<br \/>\nAus softem Viskosemix<\/p>\n<p>Mit dem Strickkleid von Laura Scott l\u00e4sst sich ganz einfach ein femininer und eleganter Look erzielen.<br \/>\nDer weite Rundhalsausschnitt zaubert ein sch\u00f6nes Dekollet\u00e9 und einen besonderen Blickfang bieten die langen \u00c4rmel aus Ajourstrick.<br \/>\nDie weiche Feinstrickware bietet Ihnen zudem Komfort.<\/p>\n<p>Material: 70% Viskose , 30% Polyamid<br \/>\nCare instructions: Machine wash<\/p>\n<p>Color: black<br \/>\nMuster: Ajour<br \/>\nSize: 42<\/p>\n<p>Shoulder width: 42cm<br \/>\nBrustweite: 97cm<br \/>\nSleeve length: 63cm<br \/>\nTotal length: 93cm<\/p>","protected":false},"excerpt":{"rendered":"<table class=\"dv_characteristicsTable\">\n<tbody>\n<tr>\n<td class=\"left\">Size<\/td>\n<td>42<\/td>\n<\/tr>\n<tr>\n<td class=\"left\">Gr\u00f6\u00dfentyp<\/td>\n<td>Normalgr\u00f6\u00dfen<\/td>\n<\/tr>\n<tr>\n<td class=\"left\">Material composition<\/td>\n<td>Obermaterial: 70% Viskose, 30% Polyamid<\/td>\n<\/tr>\n<tr>\n<td class=\"left\">Materialart<\/td>\n<td>Strick<\/td>\n<\/tr>\n<tr>\n<td class=\"left\">Materialeigenschaften<\/td>\n<td>elastisch<\/td>\n<\/tr>\n<tr>\n<td class=\"left\">Care instructions<\/td>\n<td>Machine wash<\/td>\n<\/tr>\n<tr>\n<td class=\"left\">Stil<\/td>\n<td>feminin<\/td>\n<\/tr>\n<tr>\n<td class=\"left\">Ausschnitt<\/td>\n<td>Rundhals<\/td>\n<\/tr>\n<tr>\n<td class=\"left\">\u00c4rmel<\/td>\n<td>Long sleeve<\/td>\n<\/tr>\n<tr>\n<td class=\"left\">Fit<\/td>\n<td>sehr figurbetont<\/td>\n<\/tr>\n<tr>\n<td class=\"left\">Schnittform L\u00e4nge<\/td>\n<td>mini<\/td>\n<\/tr>\n<tr>\n<td class=\"left\">Color<\/td>\n<td>schwarz<\/td>\n<\/tr>\n<\/tbody>\n<\/table>","protected":false},"featured_media":82799,"comment_status":"open","ping_status":"closed","template":"","meta":{"_seopress_robots_primary_cat":"","_seopress_titles_title":"","_seopress_titles_desc":"","_seopress_robots_index":""},"product_brand":[],"product_cat":[1348,1379,1618],"product_tag":[],"class_list":{"0":"post-82753","1":"product","2":"type-product","3":"status-publish","4":"has-post-thumbnail","6":"product_cat-damen-mode","7":"product_cat-kleider","8":"product_cat-strickkleider","9":"product_shipping_class-standard-versand","11":"first","12":"instock","13":"taxable","14":"shipping-taxable","15":"purchasable","16":"product-type-simple"},"_links":{"self":[{"href":"https:\/\/www.soanam.de\/en\/wp-json\/wp\/v2\/product\/82753","targetHints":{"allow":["GET"]}}],"collection":[{"href":"https:\/\/www.soanam.de\/en\/wp-json\/wp\/v2\/product"}],"about":[{"href":"https:\/\/www.soanam.de\/en\/wp-json\/wp\/v2\/types\/product"}],"replies":[{"embeddable":true,"href":"https:\/\/www.soanam.de\/en\/wp-json\/wp\/v2\/comments?post=82753"}],"wp:featuredmedia":[{"embeddable":true,"href":"https:\/\/www.soanam.de\/en\/wp-json\/wp\/v2\/media\/82799"}],"wp:attachment":[{"href":"https:\/\/www.soanam.de\/en\/wp-json\/wp\/v2\/media?parent=82753"}],"wp:term":[{"taxonomy":"product_brand","embeddable":true,"href":"https:\/\/www.soanam.de\/en\/wp-json\/wp\/v2\/product_brand?post=82753"},{"taxonomy":"product_cat","embeddable":true,"href":"https:\/\/www.soanam.de\/en\/wp-json\/wp\/v2\/product_cat?post=82753"},{"taxonomy":"product_tag","embeddable":true,"href":"https:\/\/www.soanam.de\/en\/wp-json\/wp\/v2\/product_tag?post=82753"}],"curies":[{"name":"wp","href":"https:\/\/api.w.org\/{rel}","templated":true}]}}