{"id":82751,"date":"2023-12-14T03:05:12","date_gmt":"2023-12-14T02:05:12","guid":{"rendered":"https:\/\/www.soanam.de\/?post_type=product&#038;p=82751"},"modified":"2023-12-14T03:07:21","modified_gmt":"2023-12-14T02:07:21","slug":"sana-606-707-edelstahl-tresterbehaelter-1l","status":"publish","type":"product","link":"https:\/\/www.soanam.de\/en\/produkt\/sana-606-707-edelstahl-tresterbehaelter-1l\/","title":{"rendered":"Sana 606\/707 stainless steel pomace container, 1L"},"content":{"rendered":"<p>Aus 100% Edelstahl<br \/>\n1 l Fassungsverm\u00f6gen<br \/>\nMit praktischem Griff<br \/>\nF\u00fcr Sana 606 \/ 707, Angel Juicer und weitere Slow Juicer<\/p>\n<p>Der Sana Tresterbeh\u00e4lter besteht aus hoch\u00adwertigem Edelstahl. Er ist nicht nur formsch\u00f6n und schlicht gestaltet, sondern punktet mit einem seitlich ein\u00adgelassenen Griff - praktisch und platz\u00adsparend zugleich.<\/p>\n<p>Der Sana Tresterbeh\u00e4lter hat eine H\u00f6he (inkl. Griff) von 17,5 cm und einen Durchmesser von 13,9 cm und ist f\u00fcr den Sana Juicer EUJ-606 \/ 707 sowie f\u00fcr die Angel Juicer 5500, 7500, 8500S und weitere Slow Juicer geeignet. Gewicht: 342g<\/p>\n<p>&nbsp;<\/p>\n<p>Color: silver<br \/>\nPattern: without<br \/>\nMaterial: Stainless steel<br \/>\nPflege: spuelmaschinenfest<\/p>","protected":false},"excerpt":{"rendered":"<div class=\"pdp_details__characteristics-html\">\n<table class=\"dv_characteristicsTable\">\n<tbody>\n<tr>\n<td class=\"left\">\n<div><\/div>\n<div>Material\u00a0 \u00a0Edelstahl<\/div>\n<div>Farbe\u00a0 \u00a0 \u00a0 \u00a0silber<\/div>\n<div>\u00a0Groesse 1L<\/div>\n<div>Teile\u00a0 \u00a0 \u00a0 \u00a0 \u00a01-tlg.<\/div>\n<div>Motiv.\u00a0 \u00a0 \u00a0 \u00a0ohne<\/div>\n<div>Besonderheit fuer 606\/607<\/div>\n<\/td>\n<td><\/td>\n<\/tr>\n<tr>\n<td class=\"left\"><\/td>\n<td><\/td>\n<\/tr>\n<tr>\n<td class=\"left\"><\/td>\n<td><\/td>\n<\/tr>\n<\/tbody>\n<\/table>\n<\/div>","protected":false},"featured_media":82798,"comment_status":"open","ping_status":"closed","template":"","meta":{"_seopress_robots_primary_cat":"","_seopress_titles_title":"","_seopress_titles_desc":"","_seopress_robots_index":""},"product_brand":[],"product_cat":[1400,1401],"product_tag":[],"class_list":{"0":"post-82751","1":"product","2":"type-product","3":"status-publish","4":"has-post-thumbnail","6":"product_cat-wohnzubehoer","7":"product_cat-haushaltswaren","8":"product_shipping_class-standard-versand","10":"first","11":"instock","12":"taxable","13":"shipping-taxable","14":"purchasable","15":"product-type-simple"},"_links":{"self":[{"href":"https:\/\/www.soanam.de\/en\/wp-json\/wp\/v2\/product\/82751","targetHints":{"allow":["GET"]}}],"collection":[{"href":"https:\/\/www.soanam.de\/en\/wp-json\/wp\/v2\/product"}],"about":[{"href":"https:\/\/www.soanam.de\/en\/wp-json\/wp\/v2\/types\/product"}],"replies":[{"embeddable":true,"href":"https:\/\/www.soanam.de\/en\/wp-json\/wp\/v2\/comments?post=82751"}],"wp:featuredmedia":[{"embeddable":true,"href":"https:\/\/www.soanam.de\/en\/wp-json\/wp\/v2\/media\/82798"}],"wp:attachment":[{"href":"https:\/\/www.soanam.de\/en\/wp-json\/wp\/v2\/media?parent=82751"}],"wp:term":[{"taxonomy":"product_brand","embeddable":true,"href":"https:\/\/www.soanam.de\/en\/wp-json\/wp\/v2\/product_brand?post=82751"},{"taxonomy":"product_cat","embeddable":true,"href":"https:\/\/www.soanam.de\/en\/wp-json\/wp\/v2\/product_cat?post=82751"},{"taxonomy":"product_tag","embeddable":true,"href":"https:\/\/www.soanam.de\/en\/wp-json\/wp\/v2\/product_tag?post=82751"}],"curies":[{"name":"wp","href":"https:\/\/api.w.org\/{rel}","templated":true}]}}