{"id":82625,"date":"2023-12-14T02:28:26","date_gmt":"2023-12-14T01:28:26","guid":{"rendered":"https:\/\/www.soanam.de\/?post_type=product&#038;p=82625"},"modified":"2023-12-14T02:34:19","modified_gmt":"2023-12-14T01:34:19","slug":"blumengesteck-mit-kaetzchen-in-orange-gelb-gr-18-x-18-cm","status":"publish","type":"product","link":"https:\/\/www.soanam.de\/en\/produkt\/blumengesteck-mit-kaetzchen-in-orange-gelb-gr-18-x-18-cm\/","title":{"rendered":"Blumengesteck mit K\u00e4tzchen, in Orange, Gelb, Gr. 18 x 18 cm"},"content":{"rendered":"<p>Naturgetreu<br \/>\nDetailreich gestaltet<br \/>\nAus Bl\u00fcten, Bl\u00e4ttern und kleiner Katze<\/p>\n<p>Wie eine bunte Blumenwiese wirkt dieses Gesteck mit duftiger Schleife f\u00fcr Tisch, Regal oder Anrichte.<\/p>\n<p>Das s\u00fc\u00dfe K\u00e4tzchen ist nat\u00fcrlich mit dabei.<\/p>\n<p>Material: Textil\/Kunststoff<br \/>\nFarbe: orange, gelb<br \/>\nPattern: Flowers<br \/>\nGr\u00f6\u00dfe: 18 x 18 cm<\/p>","protected":false},"excerpt":{"rendered":"<div class=\"pdp_details__characteristics-html\">\n<table class=\"dv_characteristicsTable\">\n<tbody>\n<tr>\n<td class=\"left\">\n<div><\/div>\n<div>Material\u00a0 \u00a0Textil, Kunststoff<\/div>\n<div>Farbe\u00a0 \u00a0 \u00a0 \u00a0orange, gelb<\/div>\n<div>\u00a0Groesse 18 x 18 cm<\/div>\n<div>Teile\u00a0 \u00a0 \u00a0 \u00a0 \u00a01-tlg.<\/div>\n<div>Motiv.\u00a0 \u00a0 \u00a0 \u00a0Blumen<\/div>\n<div>Besonderheit natuerlich<\/div>\n<\/td>\n<td><\/td>\n<\/tr>\n<tr>\n<td class=\"left\"><\/td>\n<td><\/td>\n<\/tr>\n<tr>\n<td class=\"left\"><\/td>\n<td><\/td>\n<\/tr>\n<\/tbody>\n<\/table>\n<\/div>","protected":false},"featured_media":82726,"comment_status":"open","ping_status":"closed","template":"","meta":{"_seopress_robots_primary_cat":"","_seopress_titles_title":"","_seopress_titles_desc":"","_seopress_robots_index":""},"product_brand":[],"product_cat":[1400,1420],"product_tag":[],"class_list":{"0":"post-82625","1":"product","2":"type-product","3":"status-publish","4":"has-post-thumbnail","6":"product_cat-wohnzubehoer","7":"product_cat-wohndekoration","8":"product_shipping_class-standard-versand","10":"first","11":"instock","12":"sale","13":"taxable","14":"shipping-taxable","15":"purchasable","16":"product-type-simple"},"_links":{"self":[{"href":"https:\/\/www.soanam.de\/en\/wp-json\/wp\/v2\/product\/82625","targetHints":{"allow":["GET"]}}],"collection":[{"href":"https:\/\/www.soanam.de\/en\/wp-json\/wp\/v2\/product"}],"about":[{"href":"https:\/\/www.soanam.de\/en\/wp-json\/wp\/v2\/types\/product"}],"replies":[{"embeddable":true,"href":"https:\/\/www.soanam.de\/en\/wp-json\/wp\/v2\/comments?post=82625"}],"wp:featuredmedia":[{"embeddable":true,"href":"https:\/\/www.soanam.de\/en\/wp-json\/wp\/v2\/media\/82726"}],"wp:attachment":[{"href":"https:\/\/www.soanam.de\/en\/wp-json\/wp\/v2\/media?parent=82625"}],"wp:term":[{"taxonomy":"product_brand","embeddable":true,"href":"https:\/\/www.soanam.de\/en\/wp-json\/wp\/v2\/product_brand?post=82625"},{"taxonomy":"product_cat","embeddable":true,"href":"https:\/\/www.soanam.de\/en\/wp-json\/wp\/v2\/product_cat?post=82625"},{"taxonomy":"product_tag","embeddable":true,"href":"https:\/\/www.soanam.de\/en\/wp-json\/wp\/v2\/product_tag?post=82625"}],"curies":[{"name":"wp","href":"https:\/\/api.w.org\/{rel}","templated":true}]}}