{"id":82606,"date":"2023-12-14T02:28:03","date_gmt":"2023-12-14T01:28:03","guid":{"rendered":"https:\/\/www.soanam.de\/?post_type=product&#038;p=82606"},"modified":"2023-12-14T02:32:12","modified_gmt":"2023-12-14T01:32:12","slug":"geschenktasche-auto-mit-stabilen-henkeln-gr-34-x-14-cm","status":"publish","type":"product","link":"https:\/\/www.soanam.de\/en\/produkt\/geschenktasche-auto-mit-stabilen-henkeln-gr-34-x-14-cm\/","title":{"rendered":"Geschenktasche Auto, mit stabilen Henkeln, Gr. 34 x 14 cm"},"content":{"rendered":"<p>Hochwertige Ausf\u00fchrung<\/p>\n<p>Beidseitiger Druck<br \/>\nMit stabilen Henkeln<br \/>\nKarton\/PVC, beschichtet<br \/>\n34 x 14 cm<\/p>\n<p>Auf die Geschenktasche mit dem hei\u00dfen Schlitten fahren nicht nur Auto-Fans ab.<br \/>\nDamit f\u00fchlen sich die gl\u00fccklichen Empf\u00e4nger doppelt beschenkt.<br \/>\nUnd Sie k\u00f6nnen sich aufw\u00e4ndiges Verpacken sparen.<\/p>\n<p>Material: Karton\/PVC, beschichtet<br \/>\nColor: light blue<br \/>\nMuster: Auto<br \/>\nGr\u00f6\u00dfe: 34 x 14 cm<\/p>","protected":false},"excerpt":{"rendered":"<div class=\"pdp_details__characteristics-html\">\n<table class=\"dv_characteristicsTable\">\n<tbody>\n<tr>\n<td class=\"left\">\n<div><\/div>\n<div>Material\u00a0 \u00a0Karton, PVC<\/div>\n<div>Farbe\u00a0 \u00a0 \u00a0 \u00a0hellblau<\/div>\n<div>\u00a0Groesse\u00a0 34 x 14cm<\/div>\n<div>Druck.\u00a0 \u00a0 \u00a0 beidseitig<\/div>\n<div>Motiv.\u00a0 \u00a0 \u00a0 \u00a0Auto<\/div>\n<\/td>\n<td><\/td>\n<\/tr>\n<tr>\n<td class=\"left\"><\/td>\n<td><\/td>\n<\/tr>\n<tr>\n<td class=\"left\"><\/td>\n<td><\/td>\n<\/tr>\n<\/tbody>\n<\/table>\n<\/div>","protected":false},"featured_media":82701,"comment_status":"open","ping_status":"closed","template":"","meta":{"_seopress_robots_primary_cat":"","_seopress_titles_title":"","_seopress_titles_desc":"","_seopress_robots_index":""},"product_brand":[],"product_cat":[1400,1420],"product_tag":[],"class_list":{"0":"post-82606","1":"product","2":"type-product","3":"status-publish","4":"has-post-thumbnail","6":"product_cat-wohnzubehoer","7":"product_cat-wohndekoration","8":"product_shipping_class-standard-versand","10":"first","11":"instock","12":"taxable","13":"shipping-taxable","14":"purchasable","15":"product-type-simple"},"_links":{"self":[{"href":"https:\/\/www.soanam.de\/en\/wp-json\/wp\/v2\/product\/82606","targetHints":{"allow":["GET"]}}],"collection":[{"href":"https:\/\/www.soanam.de\/en\/wp-json\/wp\/v2\/product"}],"about":[{"href":"https:\/\/www.soanam.de\/en\/wp-json\/wp\/v2\/types\/product"}],"replies":[{"embeddable":true,"href":"https:\/\/www.soanam.de\/en\/wp-json\/wp\/v2\/comments?post=82606"}],"wp:featuredmedia":[{"embeddable":true,"href":"https:\/\/www.soanam.de\/en\/wp-json\/wp\/v2\/media\/82701"}],"wp:attachment":[{"href":"https:\/\/www.soanam.de\/en\/wp-json\/wp\/v2\/media?parent=82606"}],"wp:term":[{"taxonomy":"product_brand","embeddable":true,"href":"https:\/\/www.soanam.de\/en\/wp-json\/wp\/v2\/product_brand?post=82606"},{"taxonomy":"product_cat","embeddable":true,"href":"https:\/\/www.soanam.de\/en\/wp-json\/wp\/v2\/product_cat?post=82606"},{"taxonomy":"product_tag","embeddable":true,"href":"https:\/\/www.soanam.de\/en\/wp-json\/wp\/v2\/product_tag?post=82606"}],"curies":[{"name":"wp","href":"https:\/\/api.w.org\/{rel}","templated":true}]}}