{"id":82499,"date":"2023-12-14T02:25:51","date_gmt":"2023-12-14T01:25:51","guid":{"rendered":"https:\/\/www.soanam.de\/?post_type=product&#038;p=82499"},"modified":"2023-12-14T02:27:33","modified_gmt":"2023-12-14T01:27:33","slug":"my-home-vorhang-xmas-tree-w-led-1stk-silberfarben-hxb-230x140cm","status":"publish","type":"product","link":"https:\/\/www.soanam.de\/en\/produkt\/my-home-vorhang-xmas-tree-w-led-1stk-silberfarben-hxb-230x140cm\/","title":{"rendered":"my home Vorhang Xmas Tree W\/LED, 1Stk. Silberfarben, HxB: 230x140cm"},"content":{"rendered":"<p>Blickdichter Stoff<br \/>\nMit 15 LED-Lichtern, die sich zum Reinigen per Klettband entfernen lassen.<br \/>\nBetrieb \u00fcber zwei AAA-Batterien (nicht im Lieferumfang enthalten)<br \/>\nTannenbaum einseitig auf wei\u00dfen Stoff gedruckt<br \/>\nMit einem Stangendurchzug<\/p>\n<p>In blickdichter Qualit\u00e4t gefertigt, ist der Vorhang Xmas Tree W\/LED von my home eine reizvolle Dekoidee f\u00fcr die festliche Jahreszeit.<br \/>\nDank der zugeh\u00f6rigen LED-Lichterkette wird er nach Einbruch der Dunkelheit zu einem echten Highlight und sogt f\u00fcr ein angenehmes Ambiente im Raum.<br \/>\nF\u00fcr den Betrieb ben\u00f6tigst du separat erh\u00e4ltliche AAA-Batterien.<br \/>\nDer Dekoschal l\u00e4sst sich im Bedarfsfall problemlos bei 30 \u00b0C im Schonwaschgang reinigen.<\/p>\n<p>Material: Upper material: 100% polyester<br \/>\nCare instructions: Gentle wash<\/p>\n<p>Farbe: wei\u00df-silber<br \/>\nMuster: Weihnachtsbaum<br \/>\nGr\u00f6\u00dfe: 230cm x 140cm<\/p>\n<p>Note: The dimensions given are fabric dimensions. When fully decorated on the window, the width is reduced by approx. half.<\/p>\n<p>Aufh\u00e4ngung erfolgt mittels Stangendurchzug an der Gardinenstange.<\/p>","protected":false},"excerpt":{"rendered":"<table class=\"dv_characteristicsTable\">\n<tbody>\n<tr>\n<td class=\"left\">Geeignet f\u00fcr Gardinenstangendurchmesser bis<\/td>\n<td>20 mm<\/td>\n<\/tr>\n<tr>\n<td class=\"left\">Gewicht<\/td>\n<td>75 g\/m\u00b2<\/td>\n<\/tr>\n<tr>\n<td class=\"left\">Breite<\/td>\n<td>140 cm<\/td>\n<\/tr>\n<tr>\n<td class=\"left\">H\u00f6he<\/td>\n<td>230 cm<\/td>\n<\/tr>\n<\/tbody>\n<\/table>\n<table class=\"dv_characteristicsTable\">\n<tbody>\n<tr>\n<td class=\"left\">Aufh\u00e4ngung<\/td>\n<td>Stangendurchzug<\/td>\n<\/tr>\n<tr>\n<td class=\"left\">Abschluss<\/td>\n<td>gerader Abschluss<\/td>\n<\/tr>\n<\/tbody>\n<\/table>\n<table class=\"dv_characteristicsTable\">\n<tbody>\n<tr>\n<td class=\"left\">Color<\/td>\n<td>silberfarben<\/td>\n<\/tr>\n<tr>\n<td class=\"left\">Transparenz<\/td>\n<td>blickdicht<\/td>\n<\/tr>\n<tr>\n<td class=\"left\">Oberfl\u00e4chenstruktur<\/td>\n<td>glatt<\/td>\n<\/tr>\n<tr>\n<td class=\"left\">Design<\/td>\n<td>bedruckt<\/td>\n<\/tr>\n<tr>\n<td class=\"left\">Designerstellungsart<\/td>\n<td>bedruckt<\/td>\n<\/tr>\n<\/tbody>\n<\/table>\n<table class=\"dv_characteristicsTable\">\n<tbody>\n<tr>\n<td class=\"left\">Material composition<\/td>\n<td>Obermaterial: 100% Polyester<\/td>\n<\/tr>\n<tr>\n<td class=\"left\">Material<\/td>\n<td>Polyester<\/td>\n<\/tr>\n<tr>\n<td class=\"left\">Material Aufh\u00e4ngung<\/td>\n<td>Plastic<\/td>\n<\/tr>\n<\/tbody>\n<\/table>\n<table class=\"dv_characteristicsTable\">\n<tbody>\n<tr>\n<td class=\"left\">Anzahl Teile<\/td>\n<td>1 St.<\/td>\n<\/tr>\n<\/tbody>\n<\/table>\n<table class=\"dv_characteristicsTable\">\n<tbody>\n<tr>\n<td class=\"left\">Care instructions<\/td>\n<td>30\u00b0C Schonw\u00e4sche<\/td>\n<\/tr>\n<\/tbody>\n<\/table>\n<table class=\"dv_characteristicsTable\">\n<tbody>\n<tr>\n<td class=\"left\">Anzahl Batterien<\/td>\n<td>2 St.<\/td>\n<\/tr>\n<\/tbody>\n<\/table>","protected":false},"featured_media":82582,"comment_status":"open","ping_status":"closed","template":"","meta":{"_seopress_robots_primary_cat":"","_seopress_titles_title":"","_seopress_titles_desc":"","_seopress_robots_index":""},"product_brand":[],"product_cat":[1400,1420],"product_tag":[],"class_list":{"0":"post-82499","1":"product","2":"type-product","3":"status-publish","4":"has-post-thumbnail","6":"product_cat-wohnzubehoer","7":"product_cat-wohndekoration","8":"product_shipping_class-standard-versand","10":"first","11":"instock","12":"sale","13":"taxable","14":"shipping-taxable","15":"purchasable","16":"product-type-simple"},"_links":{"self":[{"href":"https:\/\/www.soanam.de\/en\/wp-json\/wp\/v2\/product\/82499","targetHints":{"allow":["GET"]}}],"collection":[{"href":"https:\/\/www.soanam.de\/en\/wp-json\/wp\/v2\/product"}],"about":[{"href":"https:\/\/www.soanam.de\/en\/wp-json\/wp\/v2\/types\/product"}],"replies":[{"embeddable":true,"href":"https:\/\/www.soanam.de\/en\/wp-json\/wp\/v2\/comments?post=82499"}],"wp:featuredmedia":[{"embeddable":true,"href":"https:\/\/www.soanam.de\/en\/wp-json\/wp\/v2\/media\/82582"}],"wp:attachment":[{"href":"https:\/\/www.soanam.de\/en\/wp-json\/wp\/v2\/media?parent=82499"}],"wp:term":[{"taxonomy":"product_brand","embeddable":true,"href":"https:\/\/www.soanam.de\/en\/wp-json\/wp\/v2\/product_brand?post=82499"},{"taxonomy":"product_cat","embeddable":true,"href":"https:\/\/www.soanam.de\/en\/wp-json\/wp\/v2\/product_cat?post=82499"},{"taxonomy":"product_tag","embeddable":true,"href":"https:\/\/www.soanam.de\/en\/wp-json\/wp\/v2\/product_tag?post=82499"}],"curies":[{"name":"wp","href":"https:\/\/api.w.org\/{rel}","templated":true}]}}