{"id":82497,"date":"2023-12-14T02:25:50","date_gmt":"2023-12-14T01:25:50","guid":{"rendered":"https:\/\/www.soanam.de\/?post_type=product&#038;p=82497"},"modified":"2023-12-14T02:27:23","modified_gmt":"2023-12-14T01:27:23","slug":"bruno-banani-parka-mit-gefuetterter-kapuze-in-khaki-groesse-s-48","status":"publish","type":"product","link":"https:\/\/www.soanam.de\/en\/produkt\/bruno-banani-parka-mit-gefuetterter-kapuze-in-khaki-groesse-s-48\/","title":{"rendered":"Bruno Banani parka with lined hood, in khaki, size S (48)"},"content":{"rendered":"<p>Warm gef\u00fctterte Jacke von Bruno Banani<br \/>\nAus strapzierf\u00e4higem Material<br \/>\nModern-fit\/ moderne schlanke Form<br \/>\nKontrastfarbig gef\u00fctterte Kapuze<br \/>\nViele praktische Taschen<\/p>\n<p>Der Herren-Parka von Bruno Banani bringt optische Highlights ins Outfit.<br \/>\nDie langen \u00c4rmel enden in einem B\u00fcndchen und geben dir die M\u00f6glichkeit, mit der \u00c4rmell\u00e4nge zu spielen, indem du sie normal oder hoch geschoben tr\u00e4gst.<br \/>\nDer Parka ist tailliert geschnitten, sodass du deinen K\u00f6rper leicht betonst.<br \/>\nDie Kapuze kannst du mit Kordelz\u00fcgen in der Weite verstellen. Dank der F\u00fctterung bleibt dein Kopf warm.<br \/>\nViele praktische Taschen bieten dir Platz in deiner Jacke.<br \/>\nDurch das Material ist die Jacke leicht, wasserabweisend und trocknet schnell.<\/p>\n<p>Material: Upper material: 100% polyester<br \/>\nCare instructions: Machine wash<\/p>\n<p>Color: khaki<br \/>\nPattern: without<br \/>\nSize: S<\/p>\n<p>Shoulder width: 48cm<br \/>\nChest width: 116cm<br \/>\nSleeve length: 69cm<br \/>\nTotal length: 90cm<\/p>\n<p>This new item is a customer return without a label.<\/p>","protected":false},"excerpt":{"rendered":"<table class=\"dv_characteristicsTable\">\n<tbody>\n<tr>\n<td class=\"left\">Size<\/td>\n<td>S (48)<\/td>\n<\/tr>\n<tr>\n<td class=\"left\">Gr\u00f6\u00dfentyp<\/td>\n<td>Normalgr\u00f6\u00dfen<\/td>\n<\/tr>\n<tr>\n<td class=\"left\">Material composition<\/td>\n<td>Obermaterial: 100% Polyester. Futter: 100% Polyester. Wattierung: 100% Polyester<\/td>\n<\/tr>\n<tr>\n<td class=\"left\">Care instructions<\/td>\n<td>Machine wash<\/td>\n<\/tr>\n<tr>\n<td class=\"left\">Stil<\/td>\n<td>modisch<\/td>\n<\/tr>\n<tr>\n<td class=\"left\">Color<\/td>\n<td>khaki<\/td>\n<\/tr>\n<tr>\n<td class=\"left\">\u00c4rmel<\/td>\n<td>Long sleeve<\/td>\n<\/tr>\n<tr>\n<td class=\"left\">\u00c4rmelabschluss<\/td>\n<td>B\u00fcndchen<\/td>\n<\/tr>\n<tr>\n<td class=\"left\">Fit<\/td>\n<td>tailliert<\/td>\n<\/tr>\n<tr>\n<td class=\"left\">Kapuze<\/td>\n<td>mit Kapuze<\/td>\n<\/tr>\n<tr>\n<td class=\"left\">Kapuzendetails<\/td>\n<td>mit Kordelz\u00fcgen<\/td>\n<\/tr>\n<tr>\n<td class=\"left\">Kapuzenf\u00fctterung<\/td>\n<td>kontrastfarben<\/td>\n<\/tr>\n<tr>\n<td class=\"left\">Applikationen<\/td>\n<td>Markenlabel, Badge<\/td>\n<\/tr>\n<tr>\n<td class=\"left\">Bags<\/td>\n<td>Pattentaschen, Brusttaschen, Innentasche<\/td>\n<\/tr>\n<tr>\n<td class=\"left\">Verschluss<\/td>\n<td>Rei\u00dfverschluss, Knopfleiste<\/td>\n<\/tr>\n<\/tbody>\n<\/table>","protected":false},"featured_media":82574,"comment_status":"open","ping_status":"closed","template":"","meta":{"_seopress_robots_primary_cat":"","_seopress_titles_title":"","_seopress_titles_desc":"","_seopress_robots_index":""},"product_brand":[],"product_cat":[1345,1363,1377,1389],"product_tag":[],"class_list":{"0":"post-82497","1":"product","2":"type-product","3":"status-publish","4":"has-post-thumbnail","6":"product_cat-herrenmode","7":"product_cat-jacken-maentel-herrenmode","8":"product_cat-winterjacken-jacken-maentel-herrenmode","9":"product_cat-parkas","10":"product_shipping_class-standard-versand","12":"first","13":"instock","14":"sale","15":"taxable","16":"shipping-taxable","17":"purchasable","18":"product-type-simple"},"_links":{"self":[{"href":"https:\/\/www.soanam.de\/en\/wp-json\/wp\/v2\/product\/82497","targetHints":{"allow":["GET"]}}],"collection":[{"href":"https:\/\/www.soanam.de\/en\/wp-json\/wp\/v2\/product"}],"about":[{"href":"https:\/\/www.soanam.de\/en\/wp-json\/wp\/v2\/types\/product"}],"replies":[{"embeddable":true,"href":"https:\/\/www.soanam.de\/en\/wp-json\/wp\/v2\/comments?post=82497"}],"wp:featuredmedia":[{"embeddable":true,"href":"https:\/\/www.soanam.de\/en\/wp-json\/wp\/v2\/media\/82574"}],"wp:attachment":[{"href":"https:\/\/www.soanam.de\/en\/wp-json\/wp\/v2\/media?parent=82497"}],"wp:term":[{"taxonomy":"product_brand","embeddable":true,"href":"https:\/\/www.soanam.de\/en\/wp-json\/wp\/v2\/product_brand?post=82497"},{"taxonomy":"product_cat","embeddable":true,"href":"https:\/\/www.soanam.de\/en\/wp-json\/wp\/v2\/product_cat?post=82497"},{"taxonomy":"product_tag","embeddable":true,"href":"https:\/\/www.soanam.de\/en\/wp-json\/wp\/v2\/product_tag?post=82497"}],"curies":[{"name":"wp","href":"https:\/\/api.w.org\/{rel}","templated":true}]}}