{"id":82489,"date":"2023-12-14T02:25:47","date_gmt":"2023-12-14T01:25:47","guid":{"rendered":"https:\/\/www.soanam.de\/?post_type=product&#038;p=82489"},"modified":"2023-12-14T02:26:36","modified_gmt":"2023-12-14T01:26:36","slug":"luettenhuett-verdunklungsvorhang-punkte-1-stk-mit-oesen-in-grau-groesse-135cmx225cm","status":"publish","type":"product","link":"https:\/\/www.soanam.de\/en\/produkt\/luettenhuett-verdunklungsvorhang-punkte-1-stk-mit-oesen-in-grau-groesse-135cmx225cm\/","title":{"rendered":"L\u00fcttenh\u00fctt Verdunklungsvorhang Punkte, 1 Stk, mit \u00d6sen, in Grau, Gr\u00f6\u00dfe 135cmx225cm"},"content":{"rendered":"<p>Verdunkelnder Stoff<br \/>\nEinseitig bedruckt mit Punkten<br \/>\nW\u00e4rmeabweisender und k\u00e4lteabweisender Stoff<br \/>\nMit \u00d6sen<\/p>\n<p>Ein h\u00fcbscher Blickfang ist der Verdunkelungsvorhang Punkte von L\u00fcttenh\u00fctt.<br \/>\nHergestellt wird der Dekoschal aus einem blickdichten Stoff, der w\u00e4rme- und k\u00e4lteabweisend ist. Es bleibt im Winter angenehm warm und im Sommer angenehm k\u00fchl im Raum.<br \/>\nEin weiterer Vorteil sind seine Formbest\u00e4ndigkeit und Strapazierf\u00e4higkeit, er kann in der Waschmaschine gereinigt werden.<\/p>\n<p>Material: Upper material: 100% polyester<br \/>\nCare instructions: Gentle wash<\/p>\n<p>Color: grey<br \/>\nPattern: Dots<br \/>\nGr\u00f6\u00dfe: Breite 135cm x L\u00e4nge 225cm<br \/>\nNote: The dimensions given are fabric dimensions. When fully decorated on the window, the width is reduced by approx. half.<\/p>\n<p>Aufh\u00e4ngung erfolgt mittels \u00d6sen (Durchmesser ca. 35 mm) an der Gardinenstange.<\/p>","protected":false},"excerpt":{"rendered":"<table class=\"dv_characteristicsTable\">\n<tbody>\n<tr>\n<td class=\"left\">Gewicht<\/td>\n<td>230 g\/m\u00b2<\/td>\n<\/tr>\n<tr>\n<td class=\"left\">Breite<\/td>\n<td>135 cm<\/td>\n<\/tr>\n<tr>\n<td class=\"left\">H\u00f6he<\/td>\n<td>225 cm<\/td>\n<\/tr>\n<\/tbody>\n<\/table>\n<table class=\"dv_characteristicsTable\">\n<tbody>\n<tr>\n<td class=\"left\">Aufh\u00e4ngung<\/td>\n<td>\u00d6sen<\/td>\n<\/tr>\n<tr>\n<td class=\"left\">Abschluss<\/td>\n<td>gerader Abschluss<\/td>\n<\/tr>\n<\/tbody>\n<\/table>\n<table class=\"dv_characteristicsTable\">\n<tbody>\n<tr>\n<td class=\"left\">Funktionen<\/td>\n<td>energiesparend<br \/>\nk\u00e4lteabweisend<br \/>\nw\u00e4rmeabweisend<\/td>\n<\/tr>\n<\/tbody>\n<\/table>\n<table class=\"dv_characteristicsTable\">\n<tbody>\n<tr>\n<td class=\"left\">Color<\/td>\n<td>grau<\/td>\n<\/tr>\n<tr>\n<td class=\"left\">Transparenz<\/td>\n<td>verdunkelnd<\/td>\n<\/tr>\n<tr>\n<td class=\"left\">Oberfl\u00e4chenstruktur<\/td>\n<td>glatt<\/td>\n<\/tr>\n<tr>\n<td class=\"left\">Design<\/td>\n<td>gepunktet<\/td>\n<\/tr>\n<tr>\n<td class=\"left\">Motiv<\/td>\n<td>Punkte<\/td>\n<\/tr>\n<tr>\n<td class=\"left\">Designerstellungsart<\/td>\n<td>bedruckt<\/td>\n<\/tr>\n<\/tbody>\n<\/table>\n<table class=\"dv_characteristicsTable\">\n<tbody>\n<tr>\n<td class=\"left\">Material composition<\/td>\n<td>Obermaterial: 100% Polyester<\/td>\n<\/tr>\n<tr>\n<td class=\"left\">Material<\/td>\n<td>Polyester<\/td>\n<\/tr>\n<tr>\n<td class=\"left\">Material Aufh\u00e4ngung<\/td>\n<td>Metal<\/td>\n<\/tr>\n<\/tbody>\n<\/table>\n<table class=\"dv_characteristicsTable\">\n<tbody>\n<tr>\n<td class=\"left\">Anzahl Teile<\/td>\n<td>1 St.<\/td>\n<\/tr>\n<\/tbody>\n<\/table>\n<table class=\"dv_characteristicsTable\">\n<tbody>\n<tr>\n<td class=\"left\">Care instructions<\/td>\n<td>30\u00b0C Schonw\u00e4sche<\/td>\n<\/tr>\n<\/tbody>\n<\/table>","protected":false},"featured_media":82535,"comment_status":"open","ping_status":"closed","template":"","meta":{"_seopress_robots_primary_cat":"","_seopress_titles_title":"","_seopress_titles_desc":"","_seopress_robots_index":""},"product_brand":[],"product_cat":[1400,1420],"product_tag":[],"class_list":{"0":"post-82489","1":"product","2":"type-product","3":"status-publish","4":"has-post-thumbnail","6":"product_cat-wohnzubehoer","7":"product_cat-wohndekoration","8":"product_shipping_class-standard-versand","10":"first","11":"instock","12":"sale","13":"taxable","14":"shipping-taxable","15":"purchasable","16":"product-type-simple"},"_links":{"self":[{"href":"https:\/\/www.soanam.de\/en\/wp-json\/wp\/v2\/product\/82489","targetHints":{"allow":["GET"]}}],"collection":[{"href":"https:\/\/www.soanam.de\/en\/wp-json\/wp\/v2\/product"}],"about":[{"href":"https:\/\/www.soanam.de\/en\/wp-json\/wp\/v2\/types\/product"}],"replies":[{"embeddable":true,"href":"https:\/\/www.soanam.de\/en\/wp-json\/wp\/v2\/comments?post=82489"}],"wp:featuredmedia":[{"embeddable":true,"href":"https:\/\/www.soanam.de\/en\/wp-json\/wp\/v2\/media\/82535"}],"wp:attachment":[{"href":"https:\/\/www.soanam.de\/en\/wp-json\/wp\/v2\/media?parent=82489"}],"wp:term":[{"taxonomy":"product_brand","embeddable":true,"href":"https:\/\/www.soanam.de\/en\/wp-json\/wp\/v2\/product_brand?post=82489"},{"taxonomy":"product_cat","embeddable":true,"href":"https:\/\/www.soanam.de\/en\/wp-json\/wp\/v2\/product_cat?post=82489"},{"taxonomy":"product_tag","embeddable":true,"href":"https:\/\/www.soanam.de\/en\/wp-json\/wp\/v2\/product_tag?post=82489"}],"curies":[{"name":"wp","href":"https:\/\/api.w.org\/{rel}","templated":true}]}}