{"id":82482,"date":"2023-12-14T02:25:44","date_gmt":"2023-12-14T01:25:44","guid":{"rendered":"https:\/\/www.soanam.de\/?post_type=product&#038;p=82482"},"modified":"2023-12-14T02:26:09","modified_gmt":"2023-12-14T01:26:09","slug":"my-home-voile-dimona-2-stk-mit-oesen-in-schoko-groesse-140cmx245cm","status":"publish","type":"product","link":"https:\/\/www.soanam.de\/en\/produkt\/my-home-voile-dimona-2-stk-mit-oesen-in-schoko-groesse-140cmx245cm\/","title":{"rendered":"my home Voile Dimona, 2 Stk, mit \u00d6sen, in Schoko, Gr\u00f6\u00dfe 140cmx245cm"},"content":{"rendered":"<p>Transparent fabric<br \/>\nEinseitig mit Wellenmotiv bedruckt<br \/>\nGenuine voile<br \/>\nLeichte Qualit\u00e4t, nur 50 g\/m\u00b2<\/p>\n<p>Die Gardine Dimona mit \u00d6sen von my home \u00fcberzeugt mit einem modernen Erscheinungsbild.<br \/>\nSie besteht aus einem transparenten Stoff mit einem vertikalen Wellenmuster aus feinen Streifen.<br \/>\nAls Material dient echter Voile mit eingearbeiteten Metall\u00f6sen an der Oberkante, mit denen l\u00e4sst sich der Store direkt an einer passenden Gardinenstange aufh\u00e4ngen.<br \/>\nZudem ist er pflegeleicht und kann bei 30 \u00b0C Schonw\u00e4sche in der Maschine gereinigt werden.<\/p>\n<p>Material: Upper material: 100% polyester<br \/>\nCare instructions: Gentle wash<\/p>\n<p>Farbe: schoko<br \/>\nMuster: Wellen<br \/>\nGr\u00f6\u00dfe: Breite 140cm x L\u00e4nge 245cm<br \/>\nNote: The dimensions given are fabric dimensions. When fully decorated on the window, the width is reduced by approx. half.<\/p>\n<p>Aufh\u00e4ngung erfolgt mittels \u00d6sen (Durchmesser ca. 35 mm) an der Gardinenstange.<\/p>","protected":false},"excerpt":{"rendered":"<table class=\"dv_characteristicsTable\">\n<tbody>\n<tr>\n<td class=\"left\">Gewicht<\/td>\n<td>50 g\/m\u00b2<\/td>\n<\/tr>\n<tr>\n<td class=\"left\">Breite<\/td>\n<td>140 cm<\/td>\n<\/tr>\n<tr>\n<td class=\"left\">H\u00f6he<\/td>\n<td>245 cm<\/td>\n<\/tr>\n<\/tbody>\n<\/table>\n<table class=\"dv_characteristicsTable\">\n<tbody>\n<tr>\n<td class=\"left\">Aufh\u00e4ngung<\/td>\n<td>\u00d6sen<\/td>\n<\/tr>\n<\/tbody>\n<\/table>\n<table class=\"dv_characteristicsTable\">\n<tbody>\n<tr>\n<td class=\"left\">Color<\/td>\n<td>schoko<\/td>\n<\/tr>\n<tr>\n<td class=\"left\">Transparenz<\/td>\n<td>transparent<\/td>\n<\/tr>\n<tr>\n<td class=\"left\">Oberfl\u00e4chenstruktur<\/td>\n<td>glatt<\/td>\n<\/tr>\n<tr>\n<td class=\"left\">Design<\/td>\n<td>L\u00e4ngsstreifen<br \/>\nMotiv einseitig<\/td>\n<\/tr>\n<tr>\n<td class=\"left\">Designerstellungsart<\/td>\n<td>bedruckt<\/td>\n<\/tr>\n<\/tbody>\n<\/table>\n<table class=\"dv_characteristicsTable\">\n<tbody>\n<tr>\n<td class=\"left\">Materialart<\/td>\n<td>Voile<\/td>\n<\/tr>\n<tr>\n<td class=\"left\">Material composition<\/td>\n<td>Obermaterial: 100% Polyester<\/td>\n<\/tr>\n<tr>\n<td class=\"left\">Material<\/td>\n<td>Polyester<\/td>\n<\/tr>\n<tr>\n<td class=\"left\">Material Aufh\u00e4ngung<\/td>\n<td>Metal<\/td>\n<\/tr>\n<\/tbody>\n<\/table>\n<table class=\"dv_characteristicsTable\">\n<tbody>\n<tr>\n<td class=\"left\">Anzahl Teile<\/td>\n<td>2 St.<\/td>\n<\/tr>\n<\/tbody>\n<\/table>\n<table class=\"dv_characteristicsTable\">\n<tbody>\n<tr>\n<td class=\"left\">Care instructions<\/td>\n<td>30\u00b0C Schonw\u00e4sche<\/td>\n<\/tr>\n<\/tbody>\n<\/table>","protected":false},"featured_media":82513,"comment_status":"open","ping_status":"closed","template":"","meta":{"_seopress_robots_primary_cat":"","_seopress_titles_title":"","_seopress_titles_desc":"","_seopress_robots_index":""},"product_brand":[],"product_cat":[1400,1420],"product_tag":[],"class_list":{"0":"post-82482","1":"product","2":"type-product","3":"status-publish","4":"has-post-thumbnail","6":"product_cat-wohnzubehoer","7":"product_cat-wohndekoration","8":"product_shipping_class-standard-versand","10":"first","11":"instock","12":"sale","13":"taxable","14":"shipping-taxable","15":"purchasable","16":"product-type-simple"},"_links":{"self":[{"href":"https:\/\/www.soanam.de\/en\/wp-json\/wp\/v2\/product\/82482","targetHints":{"allow":["GET"]}}],"collection":[{"href":"https:\/\/www.soanam.de\/en\/wp-json\/wp\/v2\/product"}],"about":[{"href":"https:\/\/www.soanam.de\/en\/wp-json\/wp\/v2\/types\/product"}],"replies":[{"embeddable":true,"href":"https:\/\/www.soanam.de\/en\/wp-json\/wp\/v2\/comments?post=82482"}],"wp:featuredmedia":[{"embeddable":true,"href":"https:\/\/www.soanam.de\/en\/wp-json\/wp\/v2\/media\/82513"}],"wp:attachment":[{"href":"https:\/\/www.soanam.de\/en\/wp-json\/wp\/v2\/media?parent=82482"}],"wp:term":[{"taxonomy":"product_brand","embeddable":true,"href":"https:\/\/www.soanam.de\/en\/wp-json\/wp\/v2\/product_brand?post=82482"},{"taxonomy":"product_cat","embeddable":true,"href":"https:\/\/www.soanam.de\/en\/wp-json\/wp\/v2\/product_cat?post=82482"},{"taxonomy":"product_tag","embeddable":true,"href":"https:\/\/www.soanam.de\/en\/wp-json\/wp\/v2\/product_tag?post=82482"}],"curies":[{"name":"wp","href":"https:\/\/api.w.org\/{rel}","templated":true}]}}