{"id":82376,"date":"2023-12-14T02:23:00","date_gmt":"2023-12-14T01:23:00","guid":{"rendered":"https:\/\/www.soanam.de\/?post_type=product&#038;p=82376"},"modified":"2023-12-14T02:25:09","modified_gmt":"2023-12-14T01:25:09","slug":"my-home-kuvertstore-eby-1-stk-mit-kraeuselband-weiss-groesse-400cmx120cm","status":"publish","type":"product","link":"https:\/\/www.soanam.de\/en\/produkt\/my-home-kuvertstore-eby-1-stk-mit-kraeuselband-weiss-groesse-400cmx120cm\/","title":{"rendered":"my home Kuvertstore Eby, 1 Stk, mit Kr\u00e4uselband, Wei\u00df, Gr\u00f6\u00dfe 400cmx120cm"},"content":{"rendered":"<p>Fertiggardine im 2-er Set<\/p>\n<p>Transparent fabric<br \/>\nSatinband<br \/>\nLight quality<br \/>\nEasy to clean<br \/>\nWashable at 30 degrees on a gentle cycle<\/p>\n<p>Der transparente Kuvertstore Eby der Marke my home ist elegant designt.<br \/>\nEr dient als Blickfang und setzt die heimische Fensterfront toll in Szene.<br \/>\nDie leichte Qualit\u00e4t weist als Besonderheit ein Satinband am unteren Abschluss auf, wodurch ein sch\u00f6ner Faltenwurf entsteht.<br \/>\nDa das Sonnenlicht leicht durch den Stoff hindurchschimmern kann, wird der Raum angenehm erhellt.<br \/>\nBei Bedarf l\u00e4sst sich der Querbehang einfach bei 30 \u00b0C im Schonwaschgang reinigen und ist somit sehr pflegeleicht.<\/p>\n<p>Material: Upper material: 100% polyester<br \/>\nCare instructions: Gentle wash<\/p>\n<p>Color: white<br \/>\nPattern: without<br \/>\nGr\u00f6\u00dfe: Breite 400cm x L\u00e4nge 120cm<br \/>\nNote: The dimensions given are fabric dimensions. When fully decorated on the window, the width is reduced by approx. half.<\/p>\n<p>Suspension using curtain rollers (not included) in the curtain rail.<\/p>","protected":false},"excerpt":{"rendered":"<table class=\"dv_characteristicsTable\">\n<tbody>\n<tr>\n<td class=\"left\">Gewicht<\/td>\n<td>52 g\/m\u00b2<\/td>\n<\/tr>\n<tr>\n<td class=\"left\">Breite<\/td>\n<td>400 cm<\/td>\n<\/tr>\n<tr>\n<td class=\"left\">H\u00f6he<\/td>\n<td>120 cm<\/td>\n<\/tr>\n<\/tbody>\n<\/table>\n<table class=\"dv_characteristicsTable\">\n<tbody>\n<tr>\n<td class=\"left\">Aufh\u00e4ngung<\/td>\n<td>Kr\u00e4uselband<\/td>\n<\/tr>\n<\/tbody>\n<\/table>\n<table class=\"dv_characteristicsTable\">\n<tbody>\n<tr>\n<td class=\"left\">Color<\/td>\n<td>wei\u00df<\/td>\n<\/tr>\n<tr>\n<td class=\"left\">Transparenz<\/td>\n<td>transparent<\/td>\n<\/tr>\n<tr>\n<td class=\"left\">Oberfl\u00e4chenstruktur<\/td>\n<td>glatt<\/td>\n<\/tr>\n<tr>\n<td class=\"left\">Design<\/td>\n<td>unifarben<\/td>\n<\/tr>\n<\/tbody>\n<\/table>\n<table class=\"dv_characteristicsTable\">\n<tbody>\n<tr>\n<td class=\"left\">Materialart<\/td>\n<td>Satin<\/td>\n<\/tr>\n<tr>\n<td class=\"left\">Material composition<\/td>\n<td>Obermaterial: 100% Polyester<\/td>\n<\/tr>\n<tr>\n<td class=\"left\">Material<\/td>\n<td>Polyester<\/td>\n<\/tr>\n<\/tbody>\n<\/table>\n<table class=\"dv_characteristicsTable\">\n<tbody>\n<tr>\n<td class=\"left\">Anzahl Teile<\/td>\n<td>1 St.<\/td>\n<\/tr>\n<\/tbody>\n<\/table>\n<table class=\"dv_characteristicsTable\">\n<tbody>\n<tr>\n<td class=\"left\">Care instructions<\/td>\n<td>30\u00b0C Schonw\u00e4sche<\/td>\n<\/tr>\n<\/tbody>\n<\/table>","protected":false},"featured_media":82468,"comment_status":"open","ping_status":"closed","template":"","meta":{"_seopress_robots_primary_cat":"","_seopress_titles_title":"","_seopress_titles_desc":"","_seopress_robots_index":""},"product_brand":[],"product_cat":[1400,1420],"product_tag":[],"class_list":{"0":"post-82376","1":"product","2":"type-product","3":"status-publish","4":"has-post-thumbnail","6":"product_cat-wohnzubehoer","7":"product_cat-wohndekoration","8":"product_shipping_class-standard-versand","10":"first","11":"instock","12":"sale","13":"taxable","14":"shipping-taxable","15":"purchasable","16":"product-type-simple"},"_links":{"self":[{"href":"https:\/\/www.soanam.de\/en\/wp-json\/wp\/v2\/product\/82376","targetHints":{"allow":["GET"]}}],"collection":[{"href":"https:\/\/www.soanam.de\/en\/wp-json\/wp\/v2\/product"}],"about":[{"href":"https:\/\/www.soanam.de\/en\/wp-json\/wp\/v2\/types\/product"}],"replies":[{"embeddable":true,"href":"https:\/\/www.soanam.de\/en\/wp-json\/wp\/v2\/comments?post=82376"}],"wp:featuredmedia":[{"embeddable":true,"href":"https:\/\/www.soanam.de\/en\/wp-json\/wp\/v2\/media\/82468"}],"wp:attachment":[{"href":"https:\/\/www.soanam.de\/en\/wp-json\/wp\/v2\/media?parent=82376"}],"wp:term":[{"taxonomy":"product_brand","embeddable":true,"href":"https:\/\/www.soanam.de\/en\/wp-json\/wp\/v2\/product_brand?post=82376"},{"taxonomy":"product_cat","embeddable":true,"href":"https:\/\/www.soanam.de\/en\/wp-json\/wp\/v2\/product_cat?post=82376"},{"taxonomy":"product_tag","embeddable":true,"href":"https:\/\/www.soanam.de\/en\/wp-json\/wp\/v2\/product_tag?post=82376"}],"curies":[{"name":"wp","href":"https:\/\/api.w.org\/{rel}","templated":true}]}}