{"id":82349,"date":"2023-12-14T02:22:30","date_gmt":"2023-12-14T01:22:30","guid":{"rendered":"https:\/\/www.soanam.de\/?post_type=product&#038;p=82349"},"modified":"2023-12-14T02:24:45","modified_gmt":"2023-12-14T01:24:45","slug":"home-affaire-scheibengardine-neapel-1-stk-in-seidenoptik-weiss-groesse-120cmx60cm","status":"publish","type":"product","link":"https:\/\/www.soanam.de\/en\/produkt\/home-affaire-scheibengardine-neapel-1-stk-in-seidenoptik-weiss-groesse-120cmx60cm\/","title":{"rendered":"Home affaire Scheibengardine Neapel, 1 Stk, in Seidenoptik, Wei\u00df, Gr\u00f6\u00dfe 120cmx60cm"},"content":{"rendered":"<p>Halbtransparenter Stoff<br \/>\nSeidenoptik<br \/>\nLeicht gl\u00e4nzende Polyester-Qualit\u00e4t<br \/>\nMit trendiger Lasercut-Musterung<br \/>\nEchter Taft<\/p>\n<p>Die attraktive Scheibengardine Neapel von Home affaire wei\u00df mit einer trendigen Lasercut-Musterung zu \u00fcberzeugen.<br \/>\nZu sehen sind Andeutungen floraler Muster, die der Gardine ein wohnliches und vor allem freundliches Ambiente verleihen.<br \/>\nDa echter Taft zum Einsatz kommt, ist die Kurzgardine halbtransparent, mit leicht gl\u00e4nzender Oberfl\u00e4che in Seidenoptik.<br \/>\nFremde Blicke von drau\u00dfen werden verhindert, doch es f\u00e4llt gleichzeitig ausreichend Tageslicht ins Innere, um den Raum zu erhellen.<\/p>\n<p>Material: Upper material: 100% polyester<br \/>\nCare instructions: Gentle wash<\/p>\n<p>Color: white<br \/>\nMuster: floral<br \/>\nGr\u00f6\u00dfe: Breite 120cm x L\u00e4nge 60cm<br \/>\nNote: The dimensions given are fabric dimensions.<\/p>","protected":false},"excerpt":{"rendered":"<table class=\"dv_characteristicsTable\">\n<tbody>\n<tr>\n<td class=\"left\">Geeignet f\u00fcr Gardinenstangendurchmesser bis<\/td>\n<td>15 mm<\/td>\n<\/tr>\n<tr>\n<td class=\"left\">Gewicht<\/td>\n<td>72 g\/m\u00b2<\/td>\n<\/tr>\n<tr>\n<td class=\"left\">Breite<\/td>\n<td>120 cm<\/td>\n<\/tr>\n<tr>\n<td class=\"left\">H\u00f6he<\/td>\n<td>60 cm<\/td>\n<\/tr>\n<\/tbody>\n<\/table>\n<table class=\"dv_characteristicsTable\">\n<tbody>\n<tr>\n<td class=\"left\">Aufh\u00e4ngung<\/td>\n<td>Stangendurchzug<\/td>\n<\/tr>\n<tr>\n<td class=\"left\">Abschluss<\/td>\n<td>gebogter Abschluss<\/td>\n<\/tr>\n<\/tbody>\n<\/table>\n<table class=\"dv_characteristicsTable\">\n<tbody>\n<tr>\n<td class=\"left\">Color<\/td>\n<td>wei\u00df<\/td>\n<\/tr>\n<tr>\n<td class=\"left\">Transparenz<\/td>\n<td>halbtransparent<\/td>\n<\/tr>\n<tr>\n<td class=\"left\">Oberfl\u00e4chenstruktur<\/td>\n<td>glatt<\/td>\n<\/tr>\n<tr>\n<td class=\"left\">Design<\/td>\n<td>unifarben<\/td>\n<\/tr>\n<tr>\n<td class=\"left\">Motiv<\/td>\n<td>Blumen<\/td>\n<\/tr>\n<\/tbody>\n<\/table>\n<table class=\"dv_characteristicsTable\">\n<tbody>\n<tr>\n<td class=\"left\">Materialart<\/td>\n<td>Taft<\/td>\n<\/tr>\n<tr>\n<td class=\"left\">Material composition<\/td>\n<td>Obermaterial: 100% Polyester<\/td>\n<\/tr>\n<tr>\n<td class=\"left\">Material<\/td>\n<td>Polyester<\/td>\n<\/tr>\n<\/tbody>\n<\/table>\n<table class=\"dv_characteristicsTable\">\n<tbody>\n<tr>\n<td class=\"left\">Anzahl Teile<\/td>\n<td>1 St.<\/td>\n<\/tr>\n<\/tbody>\n<\/table>\n<table class=\"dv_characteristicsTable\">\n<tbody>\n<tr>\n<td class=\"left\">Care instructions<\/td>\n<td>30\u00b0C Schonw\u00e4sche<\/td>\n<\/tr>\n<\/tbody>\n<\/table>\n<table class=\"dv_characteristicsTable\">\n<tbody>\n<tr>\n<td class=\"left\">Hinweis Dekoration<\/td>\n<td>Die angegebenen Ma\u00dfe sind Stoffma\u00dfe.<\/td>\n<\/tr>\n<tr>\n<td class=\"left\">Hinweis Aufh\u00e4ngung<\/td>\n<td>Aufh\u00e4ngung erfolgt mittels Stangendurchzug an der Gardinenstange.<\/td>\n<\/tr>\n<\/tbody>\n<\/table>\n<table class=\"dv_characteristicsTable\">\n<tbody>\n<tr>\n<td class=\"left\"><\/td>\n<td>.<\/td>\n<\/tr>\n<\/tbody>\n<\/table>","protected":false},"featured_media":82449,"comment_status":"open","ping_status":"closed","template":"","meta":{"_seopress_robots_primary_cat":"","_seopress_titles_title":"","_seopress_titles_desc":"","_seopress_robots_index":""},"product_brand":[],"product_cat":[1400,1420],"product_tag":[],"class_list":{"0":"post-82349","1":"product","2":"type-product","3":"status-publish","4":"has-post-thumbnail","6":"product_cat-wohnzubehoer","7":"product_cat-wohndekoration","8":"product_shipping_class-standard-versand","10":"first","11":"instock","12":"taxable","13":"shipping-taxable","14":"purchasable","15":"product-type-simple"},"_links":{"self":[{"href":"https:\/\/www.soanam.de\/en\/wp-json\/wp\/v2\/product\/82349","targetHints":{"allow":["GET"]}}],"collection":[{"href":"https:\/\/www.soanam.de\/en\/wp-json\/wp\/v2\/product"}],"about":[{"href":"https:\/\/www.soanam.de\/en\/wp-json\/wp\/v2\/types\/product"}],"replies":[{"embeddable":true,"href":"https:\/\/www.soanam.de\/en\/wp-json\/wp\/v2\/comments?post=82349"}],"wp:featuredmedia":[{"embeddable":true,"href":"https:\/\/www.soanam.de\/en\/wp-json\/wp\/v2\/media\/82449"}],"wp:attachment":[{"href":"https:\/\/www.soanam.de\/en\/wp-json\/wp\/v2\/media?parent=82349"}],"wp:term":[{"taxonomy":"product_brand","embeddable":true,"href":"https:\/\/www.soanam.de\/en\/wp-json\/wp\/v2\/product_brand?post=82349"},{"taxonomy":"product_cat","embeddable":true,"href":"https:\/\/www.soanam.de\/en\/wp-json\/wp\/v2\/product_cat?post=82349"},{"taxonomy":"product_tag","embeddable":true,"href":"https:\/\/www.soanam.de\/en\/wp-json\/wp\/v2\/product_tag?post=82349"}],"curies":[{"name":"wp","href":"https:\/\/api.w.org\/{rel}","templated":true}]}}