{"id":82189,"date":"2023-12-14T02:14:03","date_gmt":"2023-12-14T01:14:03","guid":{"rendered":"https:\/\/www.soanam.de\/?post_type=product&#038;p=82189"},"modified":"2023-12-14T02:21:27","modified_gmt":"2023-12-14T01:21:27","slug":"superdry-spirit-sports-puffer-in-pink-groesse-44","status":"publish","type":"product","link":"https:\/\/www.soanam.de\/en\/produkt\/superdry-spirit-sports-puffer-in-pink-groesse-44\/","title":{"rendered":"Superdry Spirit Sports Puffer, in Pink, Gr\u00f6\u00dfe 44"},"content":{"rendered":"<p>Puffer Jacke von Superdry<br \/>\nWith hood<br \/>\nZipper<br \/>\nFront pockets with zippers<br \/>\nSuperdry-Logobadge<\/p>\n<p>Die Pufferjacke von Superdry verf\u00fcgt \u00fcber einen Hauptverschluss mit Rei\u00dfverschluss, eine verstellbare Kapuze mit Bungee-Kordel, zwei Taschen mit Rei\u00dfverschluss und elastische Manschetten.<br \/>\nKomplettiert mit einem Superdry-Logo aus Gummi auf einem \u00c4rmel und einem Superdry-Logo auf der Knopfleiste und auf der R\u00fcckseite, kann die kalte Jahreszeit kommen.<\/p>\n<p>Material: 100% polyester<br \/>\nCare instructions: Machine wash<\/p>\n<p>Farbe: pink<br \/>\nPattern: without<br \/>\nSize: 44<\/p>\n<p>Shoulder width: 47cm<br \/>\nChest width: 122cm<br \/>\nSleeve length: 67cm<br \/>\nTotal length: 64cm<\/p>\n<p>&nbsp;<\/p>\n<p>This new item is a customer return without a label.<\/p>","protected":false},"excerpt":{"rendered":"<table class=\"dv_characteristicsTable\" style=\"height: 601px;\" width=\"420\">\n<tbody>\n<tr>\n<td class=\"left\">Size<\/td>\n<td>44<\/td>\n<\/tr>\n<tr>\n<td class=\"left\">Gr\u00f6\u00dfentyp<\/td>\n<td>Normalgr\u00f6\u00dfen<\/td>\n<\/tr>\n<tr>\n<td class=\"left\">Material composition<\/td>\n<td>Obermaterial: 100% Polyester<\/td>\n<\/tr>\n<tr>\n<td class=\"left\">Care instructions<\/td>\n<td>Machine wash<\/td>\n<\/tr>\n<tr>\n<td class=\"left\">Optik<\/td>\n<td>unifarben<\/td>\n<\/tr>\n<tr>\n<td class=\"left\">Stil<\/td>\n<td>feminin<\/td>\n<\/tr>\n<tr>\n<td class=\"left\">Color<\/td>\n<td>pink<\/td>\n<\/tr>\n<tr>\n<td class=\"left\">Kragen<\/td>\n<td>mit Kapuze<\/td>\n<\/tr>\n<tr>\n<td class=\"left\">Lined<\/td>\n<td>ja<\/td>\n<\/tr>\n<tr>\n<td class=\"left\">\u00c4rmel<\/td>\n<td>Long sleeve<\/td>\n<\/tr>\n<tr>\n<td class=\"left\">Rumpfabschlussdetails<\/td>\n<td>mit Kordelzug<\/td>\n<\/tr>\n<tr>\n<td class=\"left\">L\u00e4nge<\/td>\n<td>h\u00fcftlang<\/td>\n<\/tr>\n<tr>\n<td class=\"left\">Schnitt<\/td>\n<td>regular fit<\/td>\n<\/tr>\n<tr>\n<td class=\"left\">Verschluss<\/td>\n<td>Zipper<\/td>\n<\/tr>\n<tr>\n<td class=\"left\"><\/td>\n<td><\/td>\n<\/tr>\n<tr>\n<td class=\"left\"><\/td>\n<td><\/td>\n<\/tr>\n<tr>\n<td class=\"left\"><\/td>\n<td><\/td>\n<\/tr>\n<tr>\n<td class=\"left\"><\/td>\n<td><\/td>\n<\/tr>\n<tr>\n<td class=\"left\"><\/td>\n<td><\/td>\n<\/tr>\n<tr>\n<td class=\"left\"><\/td>\n<td><\/td>\n<\/tr>\n<\/tbody>\n<\/table>","protected":false},"featured_media":82301,"comment_status":"open","ping_status":"closed","template":"","meta":{"_seopress_robots_primary_cat":"","_seopress_titles_title":"","_seopress_titles_desc":"","_seopress_robots_index":""},"product_brand":[],"product_cat":[1348,1354,1375,1649],"product_tag":[],"class_list":{"0":"post-82189","1":"product","2":"type-product","3":"status-publish","4":"has-post-thumbnail","6":"product_cat-damen-mode","7":"product_cat-jacken-maentel","8":"product_cat-winterjacken","9":"product_cat-pufferjacken-winterjacken","10":"product_shipping_class-standard-versand","12":"first","13":"instock","14":"sale","15":"taxable","16":"shipping-taxable","17":"purchasable","18":"product-type-simple"},"_links":{"self":[{"href":"https:\/\/www.soanam.de\/en\/wp-json\/wp\/v2\/product\/82189","targetHints":{"allow":["GET"]}}],"collection":[{"href":"https:\/\/www.soanam.de\/en\/wp-json\/wp\/v2\/product"}],"about":[{"href":"https:\/\/www.soanam.de\/en\/wp-json\/wp\/v2\/types\/product"}],"replies":[{"embeddable":true,"href":"https:\/\/www.soanam.de\/en\/wp-json\/wp\/v2\/comments?post=82189"}],"wp:featuredmedia":[{"embeddable":true,"href":"https:\/\/www.soanam.de\/en\/wp-json\/wp\/v2\/media\/82301"}],"wp:attachment":[{"href":"https:\/\/www.soanam.de\/en\/wp-json\/wp\/v2\/media?parent=82189"}],"wp:term":[{"taxonomy":"product_brand","embeddable":true,"href":"https:\/\/www.soanam.de\/en\/wp-json\/wp\/v2\/product_brand?post=82189"},{"taxonomy":"product_cat","embeddable":true,"href":"https:\/\/www.soanam.de\/en\/wp-json\/wp\/v2\/product_cat?post=82189"},{"taxonomy":"product_tag","embeddable":true,"href":"https:\/\/www.soanam.de\/en\/wp-json\/wp\/v2\/product_tag?post=82189"}],"curies":[{"name":"wp","href":"https:\/\/api.w.org\/{rel}","templated":true}]}}